{"id":857,"date":"2017-05-29T10:40:38","date_gmt":"2017-05-29T08:40:38","guid":{"rendered":"http:\/\/ff-sghoya.de\/?page_id=857"},"modified":"2018-10-22T09:41:43","modified_gmt":"2018-10-22T07:41:43","slug":"eystrup-und-umgebung","status":"publish","type":"page","link":"https:\/\/ff-sghoya.de\/?page_id=857","title":{"rendered":"&#8222;Hurra! &#8211; L\u00f6sch-Kids Eystrup und Umgebung&#8220; sind da"},"content":{"rendered":"<p>14.09.2013 <span style=\"font-family: verdana; font-size: large;\"><b>\u201eHurra! \u2013 L\u00f6sch-Kids Eystrup und Umgebung\u201c sind da<\/b><\/span><\/p>\n<p style=\"text-align: center;\"><a href=\"http:\/\/ff-sghoya.de\/wp-content\/uploads\/2017\/05\/LoeschKids-1.jpg\"><img loading=\"lazy\" decoding=\"async\" class=\"aligncenter wp-image-883 size-full\" src=\"http:\/\/ff-sghoya.de\/wp-content\/uploads\/2017\/05\/LoeschKids-thumbnail.jpg\" alt=\"\" width=\"600\" height=\"259\" \/><\/a><span style=\"font-family: verdana; font-size: xx-small;\"><b>Das Betreuerteam: Kinderfeuerwehrwart Thomas Schmidt, Laura Laner, Kai Heggen, Thomas Meyer, Florian Cyriax, Janine Rossa, Denise Br\u00fcnjes, Jenny Meyer, Heike Heggen, Ilka Hoppe, Michael Osthoff (v.l.)<\/b><\/span><\/p>\n<p style=\"text-align: left;\">Hassel &#8211; \u00a0Nach einer Eineinhalbj\u00e4hrigen Vorbereitung war am Samstag am Ger\u00e4tehaus in Hassel endlich der gro\u00dfe Tag gekommen. Mit 29 Kindern im Alter zwischen sechs und zehn Jahren wurde nun nach der Kinderfeuerwehr \u201eB\u00fccken\u00a0 und Umgebung\u201c auch die zweite Kinderfeuerwehr \u00a0\u201eL\u00f6sch-Kids Eystrup und Umgebung\u201c \u00a0in der Samtgemeinde Grafschaft Hoya gegr\u00fcndet.\u00a0 Sie ist zus\u00e4tzlich die 30. Kinderfeuerwehr im Landkreis Nienburg, \u00a0so der Kreisjugendfeuerwehrwart Detlef Schiller, der ebenfalls Gru\u00dfworte an die zahlreichen Besucher und das 11- k\u00f6pfige Betreuerteam ausrichtete.<\/p>\n<p class=\"tablerow1\">Das Team um\u00a0 Kinderfeuerwehrwart\u00a0 Thomas Schmidt besuchte in den vergangenen Monaten die Grundschulen Hassel und Eystrup. Hier wurde den Kindern die zuk\u00fcnftige Kinderfeuerwehr vorgestellt. Angesichts des demografischen Wandels und dem somit aus Altersgr\u00fcnden bedingten r\u00fcckl\u00e4ufigen Mitgliederbestand in den aktiven Wehren, muss fr\u00fch genug f\u00fcr jungen Nachwuchs gesorgt werden. Flyer und Plakate, aber auch eine Informationsveranstaltung f\u00fcr Eltern und Kinder fand eine gro\u00dfe Resonanz. Den Eltern wurde erkl\u00e4rt, was die Kinder aus den Orten Eystrup, Gandesbergen, Hassel und H\u00e4melhausen erwartet. Zudem stand das Betreuerteam f\u00fcr Fragen Rede und Antwort. Schon fr\u00fch lernen die Kinder spielerisch und informativ die Feuerwehr kennen. Die Teamf\u00e4higkeit und das gemeinschaftliche Miteinander in der Gruppe soll gef\u00f6rdert werden.<\/p>\n<p class=\"tablerow1\">Eine besondere \u00dcberraschung erwartete die Kids w\u00e4hrend der Gr\u00fcndungsveranstaltung. Sie bekamen\u00a0 von ihren Betreuern einheitliche T-Shirts, damit sie als \u201eFeuerwehrkinder\u201c erkannt werden. \u00a0\u00a0M\u00f6glich machte dies die Samtgemeinde. Stellvertretender Samtgemeindeb\u00fcrgermeister Wilfried Imgarten freute sich \u00fcber die strahlenden Augen der Kinder, die sich \u00fcber dieses Geschenk freuten.<\/p>\n<p class=\"tablerow1\">Gemeindebrandmeister Carsten Meyer zeigte sich ebenfalls positiv \u00fcber das gro\u00dfe Interesse der Kinder zur Feuerwehrarbeit. Nach der Kinderfeuerwehr k\u00f6nnen die Kids in die Jugendfeuerwehr eintreten und mit 16 Jahren in den aktiven Dienst der Feuerwehr.<\/p>\n<p class=\"tablerow1\">Ein Lob richtete sich aber auch an das Betreuerteam, welches sich neben Beruf und Familie f\u00fcr die Jugendarbeit zum Erhalt der Feuerwehren einsetzt<\/p>\n<p class=\"tablerow1\">Bereits einen kleinen Einblick auf die kommenden Dienste erhielten die Gr\u00fcndungskinder\u00a0 durch die Jugendfeuerwehr Eystrup und Umgebung, welche Feuerwehr relevante\u00a0 Spiele ausgearbeitet hatte<\/p>\n<p class=\"tablerow1\">Am \u00a021. September um 15 Uhr,\u00a0 treffen sich die L\u00f6sch-Kids zu ihrem ersten Dienst. Jeden ersten und dritten Samstag im Monat, findet dann der Kinderfeuerwehrdienst\u00a0 in der Zeit zwischen15.00 Uhr und 16.30 Uhr \u00a0statt.<\/p>\n<hr \/>\n<p class=\"tablerow1\">Text: Timo Becker \/ FPS Grafscahft Hoya<\/p>\n<p class=\"tablerow1\">Foto: Feuerwehr<\/p>\n","protected":false},"excerpt":{"rendered":"<p>14.09.2013 \u201eHurra! \u2013 L\u00f6sch-Kids Eystrup und Umgebung\u201c sind da Das Betreuerteam: Kinderfeuerwehrwart Thomas Schmidt, Laura Laner, Kai Heggen, Thomas Meyer,<\/p>\n","protected":false},"author":4,"featured_media":0,"parent":0,"menu_order":0,"comment_status":"closed","ping_status":"closed","template":"","meta":{"colormag_page_container_layout":"default_layout","colormag_page_sidebar_layout":"default_layout","footnotes":""},"class_list":["post-857","page","type-page","status-publish","hentry"],"_links":{"self":[{"href":"https:\/\/ff-sghoya.de\/index.php?rest_route=\/wp\/v2\/pages\/857","targetHints":{"allow":["GET"]}}],"collection":[{"href":"https:\/\/ff-sghoya.de\/index.php?rest_route=\/wp\/v2\/pages"}],"about":[{"href":"https:\/\/ff-sghoya.de\/index.php?rest_route=\/wp\/v2\/types\/page"}],"author":[{"embeddable":true,"href":"https:\/\/ff-sghoya.de\/index.php?rest_route=\/wp\/v2\/users\/4"}],"replies":[{"embeddable":true,"href":"https:\/\/ff-sghoya.de\/index.php?rest_route=%2Fwp%2Fv2%2Fcomments&post=857"}],"version-history":[{"count":24,"href":"https:\/\/ff-sghoya.de\/index.php?rest_route=\/wp\/v2\/pages\/857\/revisions"}],"predecessor-version":[{"id":2354,"href":"https:\/\/ff-sghoya.de\/index.php?rest_route=\/wp\/v2\/pages\/857\/revisions\/2354"}],"wp:attachment":[{"href":"https:\/\/ff-sghoya.de\/index.php?rest_route=%2Fwp%2Fv2%2Fmedia&parent=857"}],"curies":[{"name":"wp","href":"https:\/\/api.w.org\/{rel}","templated":true}]}}