{"id":72,"date":"2016-06-09T15:05:13","date_gmt":"2016-06-09T13:05:13","guid":{"rendered":"http:\/\/91.56.127.35\/?page_id=72"},"modified":"2026-02-25T19:36:48","modified_gmt":"2026-02-25T18:36:48","slug":"impressum","status":"publish","type":"page","link":"https:\/\/ff-sghoya.de\/?page_id=72","title":{"rendered":"Impressum"},"content":{"rendered":"<p><img loading=\"lazy\" decoding=\"async\" class=\"alignnone wp-image-736 size-full\" src=\"http:\/\/ff-sghoya.de\/wp-content\/uploads\/2017\/03\/cropped-header-SG-Feuerwehren.jpg\" alt=\"\" width=\"960\" height=\"139\" srcset=\"https:\/\/ff-sghoya.de\/wp-content\/uploads\/2017\/03\/cropped-header-SG-Feuerwehren.jpg 960w, https:\/\/ff-sghoya.de\/wp-content\/uploads\/2017\/03\/cropped-header-SG-Feuerwehren-300x43.jpg 300w, https:\/\/ff-sghoya.de\/wp-content\/uploads\/2017\/03\/cropped-header-SG-Feuerwehren-768x111.jpg 768w\" sizes=\"auto, (max-width: 960px) 100vw, 960px\" \/><\/p>\n<p>&nbsp;<\/p>\n<hr \/>\n<p><em><strong>Anbieterkennung und Angaben gem\u00e4\u00df \u00a7 5 TMG:<\/strong><\/em><\/p>\n<p>Samtgemeinde Grafschaft Hoya<\/p>\n<p>Schlossplatz 2<\/p>\n<p>27318 Hoya<\/p>\n<p>vertreten durch den Gemeindebrandmeister<\/p>\n<p><strong><em>Postadresse und Aufsichtsbeh\u00f6rde:<\/em><\/strong><\/p>\n<p>Samtgemeinde Grafschaft Hoya<\/p>\n<p>Schlossplatz 2<\/p>\n<p>27318 Hoya<\/p>\n<p>Kontakt: rathaus@Hoya-Weser.de<\/p>\n<p>Internet: http:\/\/www.grafschaft-hoya.de<\/p>\n<p><em><strong>Der Webauftritt wird technisch betreut durch AdminC:<\/strong><\/em><br \/>\nTimo Brauer<br \/>\nDorfstr. 6<br \/>\n27318 Hoyerhagen<\/p>\n<p><em><strong>Kontakt AdminC:<\/strong><\/em><br \/>\nE-Mail: admin@ff-sghoya.de<\/p>\n<p><em><strong>Verantwortlich f\u00fcr den Inhalt nach \u00a7 55 Abs. 2 RStV:<\/strong><\/em><br \/>\nPressewarte der Samtgemeindefeuerwehr, sowie die Internetbeauftragten der Orts-, Kinder- und Jugendfeuerwehren<\/p>\n<p><em><strong>Streitschlichtung<\/strong><\/em><br \/>\nDie Europ\u00e4ische Kommission stellt eine Plattform zur Online-Streitbeilegung (OS) bereit:<br \/>\nhttps:\/\/ec.europa.eu\/consumers\/odr<br \/>\nUnsere E-Mail-Adresse finden Sie oben im Impressum.<\/p>\n<p><em><strong>Haftung f\u00fcr Inhalte<\/strong><\/em><br \/>\nAls Diensteanbieter sind wir gem\u00e4\u00df \u00a7 7 Abs.1 TMG f\u00fcr eigene Inhalte auf diesen Seiten nach den<br \/>\nallgemeinen Gesetzen verantwortlich. Nach \u00a7\u00a7 8 bis 10 TMG sind wir als Diensteanbieter jedoch nicht<br \/>\nverpflichtet, \u00fcbermittelte oder gespeicherte fremde Informationen zu \u00fcberwachen oder nach Umst\u00e4nden<br \/>\nzu forschen, die auf eine rechtswidrige T\u00e4tigkeit hinweisen.<br \/>\nVerpflichtungen zur Entfernung oder Sperrung der Nutzung von Informationen nach den allgemeinen<br \/>\nGesetzen bleiben hiervon unber\u00fchrt. Eine diesbez\u00fcgliche Haftung ist jedoch erst ab dem Zeitpunkt der<br \/>\nKenntnis einer konkreten Rechtsverletzung m\u00f6glich. Bei Bekanntwerden von entsprechenden<br \/>\nRechtsverletzungen werden wir diese Inhalte umgehend entfernen.<\/p>\n<p><em><strong>Haftung f\u00fcr Links<\/strong><\/em><br \/>\nUnser Angebot enth\u00e4lt Links zu externen Webseiten Dritter, auf deren Inhalte wir keinen Einfluss haben.<br \/>\nDeshalb k\u00f6nnen wir f\u00fcr diese fremden Inhalte auch keine Gew\u00e4hr \u00fcbernehmen. F\u00fcr die Inhalte der<br \/>\nverlinkten Seiten ist stets der jeweilige Anbieter oder Betreiber der Seiten verantwortlich. Die verlinkten<br \/>\nSeiten wurden zum Zeitpunkt der Verlinkung auf m\u00f6gliche Rechtsverst\u00f6\u00dfe \u00fcberpr\u00fcft. Rechtswidrige<br \/>\nInhalte waren zum Zeitpunkt der Verlinkung nicht erkennbar.<br \/>\nEine permanente inhaltliche Kontrolle der verlinkten Seiten ist jedoch ohne konkrete Anhaltspunkte einer<br \/>\nRechtsverletzung nicht zumutbar. Bei Bekanntwerden von Rechtsverletzungen werden wir derartige Links<br \/>\numgehend entfernen.<\/p>\n<p><em><strong>Urheberrecht<\/strong><\/em><br \/>\nDie durch die Seitenbetreiber erstellten Inhalte und Werke auf diesen Seiten unterliegen dem deutschen<br \/>\nUrheberrecht. Die Vervielf\u00e4ltigung, Bearbeitung, Verbreitung und jede Art der Verwertung au\u00dferhalb der<br \/>\nGrenzen des Urheberrechtes bed\u00fcrfen der schriftlichen Zustimmung des jeweiligen Autors bzw.<br \/>\nErstellers. Downloads und Kopien dieser Seite sind nur f\u00fcr den privaten, nicht kommerziellen Gebrauch<br \/>\ngestattet.<br \/>\nSoweit die Inhalte auf dieser Seite nicht vom Betreiber erstellt wurden, werden die Urheberrechte Dritter<br \/>\nbeachtet. Insbesondere werden Inhalte Dritter als solche gekennzeichnet. Sollten Sie trotzdem auf eine<br \/>\nUrheberrechtsverletzung aufmerksam werden, bitten wir um einen entsprechenden Hinweis. Bei<br \/>\nBekanntwerden von Rechtsverletzungen werden wir derartige Inhalte umgehend entfernen.<br \/>\nQuelle: vgl. eRecht24<\/p>\n","protected":false},"excerpt":{"rendered":"<p>&nbsp; Anbieterkennung und Angaben gem\u00e4\u00df \u00a7 5 TMG: Samtgemeinde Grafschaft Hoya Schlossplatz 2 27318 Hoya vertreten durch den Gemeindebrandmeister Postadresse<\/p>\n","protected":false},"author":1,"featured_media":0,"parent":0,"menu_order":0,"comment_status":"closed","ping_status":"closed","template":"","meta":{"colormag_page_container_layout":"default_layout","colormag_page_sidebar_layout":"default_layout","footnotes":""},"class_list":["post-72","page","type-page","status-publish","hentry"],"_links":{"self":[{"href":"https:\/\/ff-sghoya.de\/index.php?rest_route=\/wp\/v2\/pages\/72","targetHints":{"allow":["GET"]}}],"collection":[{"href":"https:\/\/ff-sghoya.de\/index.php?rest_route=\/wp\/v2\/pages"}],"about":[{"href":"https:\/\/ff-sghoya.de\/index.php?rest_route=\/wp\/v2\/types\/page"}],"author":[{"embeddable":true,"href":"https:\/\/ff-sghoya.de\/index.php?rest_route=\/wp\/v2\/users\/1"}],"replies":[{"embeddable":true,"href":"https:\/\/ff-sghoya.de\/index.php?rest_route=%2Fwp%2Fv2%2Fcomments&post=72"}],"version-history":[{"count":7,"href":"https:\/\/ff-sghoya.de\/index.php?rest_route=\/wp\/v2\/pages\/72\/revisions"}],"predecessor-version":[{"id":7103,"href":"https:\/\/ff-sghoya.de\/index.php?rest_route=\/wp\/v2\/pages\/72\/revisions\/7103"}],"wp:attachment":[{"href":"https:\/\/ff-sghoya.de\/index.php?rest_route=%2Fwp%2Fv2%2Fmedia&parent=72"}],"curies":[{"name":"wp","href":"https:\/\/api.w.org\/{rel}","templated":true}]}}