{"id":6629,"date":"2025-03-12T22:32:48","date_gmt":"2025-03-12T21:32:48","guid":{"rendered":"https:\/\/ff-sghoya.de\/?page_id=6629"},"modified":"2025-03-12T22:32:49","modified_gmt":"2025-03-12T21:32:49","slug":"jugendfeuerwehr-buecken-und-umgebung","status":"publish","type":"page","link":"https:\/\/ff-sghoya.de\/?page_id=6629","title":{"rendered":"Jugendfeuerwehr B\u00fccken und Umgebung"},"content":{"rendered":"\n<p class=\"has-text-align-center\">Moin,<\/p>\n\n\n\n<p class=\"has-text-align-center\">wir sind die Jugendfeuerwehr B\u00fccken und Umgebung<\/p>\n\n\n\n<p class=\"has-text-align-center\"><strong>Du<\/strong> wolltest schon immer mal wissen, wie die Feuerwehr funktioniert?<\/p>\n\n\n\n<p class=\"has-text-align-center\"><strong>Du<\/strong> hast Spa\u00df daran, in einer Gemeinschaft viel zu erleben?<\/p>\n\n\n\n<p class=\"has-text-align-center\">Dann bist <strong>du<\/strong> bei uns genau richtig!<\/p>\n\n\n\n<p class=\"has-text-align-center\">Schlie\u00dfe dich unserer Jugendfeuerwehr an und entdecke die spannende Welt des Feuerwehrwesens!<\/p>\n\n\n\n<p class=\"has-text-align-center\">Gemeinsam lernen wir nicht nur, wie man Br\u00e4nde l\u00f6scht, sondern auch Teamarbeit und Verantwortung zu \u00fcbernehmen. Auch Freundschaften werden bei uns geschlossen.<\/p>\n\n\n\n<p class=\"has-text-align-center\">Ge\u00fcbt wird nat\u00fcrlich mit den echten L\u00f6schfahrzeugen!<\/p>\n\n\n\n<p class=\"has-text-align-center\">Unsere Aktivit\u00e4ten beschr\u00e4nken sich aber nicht nur auf die w\u00f6chentliche feuerwehrtechnische \u201eAusbildung\u201c, wie Brandbek\u00e4mpfung, Erste Hilfe und Technische Hilfe.<\/p>\n\n\n\n<p class=\"has-text-align-center\">Wir treffen uns auch an Wochenenden und in den Ferien zu vielf\u00e4ltigen Unternehmungen. Dazu geh\u00f6ren Zeltlager, \u00d6ffentlichkeitsarbeit wie M\u00fcllsammelaktionen, Nikolausmarkt, Osterfeuer, 24-Stunden-\u00dcbung (Feuerwehrtag), Ausfl\u00fcge und vieles mehr.<\/p>\n\n\n\n<p class=\"has-text-align-center\"><br>Sei auch <strong>du<\/strong> dabei!<\/p>\n\n\n\n<p class=\"has-text-align-center\">Wir treffen uns jeden Donnerstag in der Zeit von 18.00 Uhr bis 19.30 Uhr zum Dienstabend im Feuerwehrhaus in B\u00fccken (au\u00dfer an Feiertagen oder in den Ferien). In den Wintermonaten treffen wir uns alle 2 Wochen zum Sport in der Turnhalle der Grundschule B\u00fccken.<\/p>\n\n\n\n<p class=\"has-text-align-center\">Interesse? Dann melde dich bei:<\/p>\n\n\n\n<p class=\"has-text-align-center\">Jugendfeuerwehrwart:<\/p>\n\n\n\n<p class=\"has-text-align-center\">Adrian Kuhlenkamp<\/p>\n\n\n\n<p class=\"has-text-align-center\"><a href=\"mailto:info@feuerwehr-buecken.de\">info@feuerwehr-buecken.de<\/a><\/p>\n\n\n\n<p class=\"has-text-align-center\"><strong>Wir freuen uns auf DICH!<\/strong><\/p>\n","protected":false},"excerpt":{"rendered":"<p>Moin, wir sind die Jugendfeuerwehr B\u00fccken und Umgebung Du wolltest schon immer mal wissen, wie die Feuerwehr funktioniert? Du hast<\/p>\n","protected":false},"author":6,"featured_media":0,"parent":0,"menu_order":0,"comment_status":"closed","ping_status":"closed","template":"","meta":{"colormag_page_container_layout":"default_layout","colormag_page_sidebar_layout":"default_layout","footnotes":""},"class_list":["post-6629","page","type-page","status-publish","hentry"],"_links":{"self":[{"href":"https:\/\/ff-sghoya.de\/index.php?rest_route=\/wp\/v2\/pages\/6629","targetHints":{"allow":["GET"]}}],"collection":[{"href":"https:\/\/ff-sghoya.de\/index.php?rest_route=\/wp\/v2\/pages"}],"about":[{"href":"https:\/\/ff-sghoya.de\/index.php?rest_route=\/wp\/v2\/types\/page"}],"author":[{"embeddable":true,"href":"https:\/\/ff-sghoya.de\/index.php?rest_route=\/wp\/v2\/users\/6"}],"replies":[{"embeddable":true,"href":"https:\/\/ff-sghoya.de\/index.php?rest_route=%2Fwp%2Fv2%2Fcomments&post=6629"}],"version-history":[{"count":1,"href":"https:\/\/ff-sghoya.de\/index.php?rest_route=\/wp\/v2\/pages\/6629\/revisions"}],"predecessor-version":[{"id":6630,"href":"https:\/\/ff-sghoya.de\/index.php?rest_route=\/wp\/v2\/pages\/6629\/revisions\/6630"}],"wp:attachment":[{"href":"https:\/\/ff-sghoya.de\/index.php?rest_route=%2Fwp%2Fv2%2Fmedia&parent=6629"}],"curies":[{"name":"wp","href":"https:\/\/api.w.org\/{rel}","templated":true}]}}