{"id":6423,"date":"2024-11-17T21:00:36","date_gmt":"2024-11-17T20:00:36","guid":{"rendered":"https:\/\/ff-sghoya.de\/?page_id=6423"},"modified":"2024-11-17T21:12:24","modified_gmt":"2024-11-17T20:12:24","slug":"flecken-buecken","status":"publish","type":"page","link":"https:\/\/ff-sghoya.de\/?page_id=6423","title":{"rendered":"Flecken B\u00fccken"},"content":{"rendered":"\n<p>B\u00fccken stellt sich vor:<\/p>\n\n\n\n<figure class=\"wp-block-gallery has-nested-images columns-default is-cropped wp-block-gallery-1 is-layout-flex wp-block-gallery-is-layout-flex\">\n<figure class=\"wp-block-image size-large\"><img loading=\"lazy\" decoding=\"async\" width=\"140\" height=\"161\" data-id=\"3779\" src=\"https:\/\/ff-sghoya.de\/wp-content\/uploads\/2020\/06\/140px-Wappen_Buecken.png\" alt=\"\" class=\"wp-image-3779\"\/><\/figure>\n\n\n\n<figure class=\"wp-block-image size-large\"><img loading=\"lazy\" decoding=\"async\" width=\"402\" height=\"392\" data-id=\"3780\" src=\"https:\/\/ff-sghoya.de\/wp-content\/uploads\/2020\/06\/Unbenannt.png\" alt=\"\" class=\"wp-image-3780\"\/><\/figure>\n<\/figure>\n\n\n\n<p><\/p>\n\n\n\n<p>Der Flecken B\u00fccken mit seinen 2.200 Einwohnern ist Mitgliedsgemeinde in der Samtgemeinde Grafschaft Hoya. Der Flecken besteht aus den f\u00fcnf Ortsteilen Altenb\u00fccken-Stendern, B\u00fccken, Calle,&nbsp;Dedendorf&nbsp;und&nbsp;Duddenhausen, die bis zur Gemeindereform 1974 selbst\u00e4ndige Kommunen waren.&nbsp;&nbsp;<\/p>\n\n\n\n<p>B\u00fccken liegt an den Landesstra\u00dfen L 351 und L 352, die die Gemeinde mit der Bundesstra\u00dfe 6 sowie mit dem Grundzentrum Hoya und mit dem Mittelzentrum Nienburg verbinden. Neben dem kombinierten Schulbusverkehr besteht ein Linienbusanschluss zur Kreisstadt Nienburg und \u00fcber Hoya\/Eystrup ein Anschluss an das Streckennetz der Deutschen Bahn AG.&nbsp;&nbsp;<\/p>\n\n\n\n<p>Die Ortsteile der Gemeinde&nbsp;erstrecken sich \u00fcber etwa 32 km\u00b2 und&nbsp;liegen zwischen der Wesermarsch und einem Geestr\u00fccken. B\u00fccken&nbsp;verf\u00fcgt \u00fcber eigene naturnahe Erholungsgebiete mit ausgeschilderten Wanderwegen, Grillpl\u00e4tzen und einem Trimmpfad. Fu\u00df- und Radwanderer finden hier ebenso wie kulturell Interessierte mit der Stiftskirche ein attraktives Ausflugsziel. Arch\u00e4ologische Funde deuten auf eine sehr fr\u00fche Besiedelung des Raumes hin, deren Anf\u00e4nge noch weit vor der ersten Erw\u00e4hnung des Stifts im Jahr 882 liegt. Nach der Gr\u00fcndung eines Kollegiatstifts entwickelte sich der 1413 privilegierte Marktflecken mit den umliegenden Bauernschaften des Kirchspiels, welches heute die politischen Gemeinden B\u00fccken, Warpe und mit&nbsp;Holtrup&nbsp;auch einen Teil der Gemeinde&nbsp;Schweringen&nbsp;umfasst.&nbsp;&nbsp;<\/p>\n\n\n\n<figure class=\"wp-block-gallery has-nested-images columns-default is-cropped wp-block-gallery-2 is-layout-flex wp-block-gallery-is-layout-flex\">\n<figure class=\"wp-block-image size-large\"><img loading=\"lazy\" decoding=\"async\" width=\"1200\" height=\"800\" data-id=\"3788\" src=\"https:\/\/ff-sghoya.de\/wp-content\/uploads\/2020\/06\/1200px-B\u00fccken_034.jpg\" alt=\"\" class=\"wp-image-3788\" srcset=\"https:\/\/ff-sghoya.de\/wp-content\/uploads\/2020\/06\/1200px-B\u00fccken_034.jpg 1200w, https:\/\/ff-sghoya.de\/wp-content\/uploads\/2020\/06\/1200px-B\u00fccken_034-768x512.jpg 768w\" sizes=\"auto, (max-width: 1200px) 100vw, 1200px\" \/><\/figure>\n\n\n\n<figure class=\"wp-block-image size-large\"><img loading=\"lazy\" decoding=\"async\" width=\"1200\" height=\"655\" data-id=\"3789\" src=\"https:\/\/ff-sghoya.de\/wp-content\/uploads\/2020\/06\/1200px-Hoya_B\u00fccken_Aerial.jpg\" alt=\"\" class=\"wp-image-3789\" srcset=\"https:\/\/ff-sghoya.de\/wp-content\/uploads\/2020\/06\/1200px-Hoya_B\u00fccken_Aerial.jpg 1200w, https:\/\/ff-sghoya.de\/wp-content\/uploads\/2020\/06\/1200px-Hoya_B\u00fccken_Aerial-768x419.jpg 768w\" sizes=\"auto, (max-width: 1200px) 100vw, 1200px\" \/><\/figure>\n<\/figure>\n\n\n\n<p>Der Rat des Fleckens besteht aus 13 von der B\u00fcrgerschaft gew\u00e4hlten Mitgliedern, die aus ihrer Mitte einen ehrenamtlichen B\u00fcrgermeister und Gemeindedirektor w\u00e4hlen und f\u00fcr die Fachbereiche \u201eBau und Umwelt&#8216; sowie \u201eKultur, Jugend und Sport\u201c eigene Aussch\u00fcsse bilden.&nbsp;&nbsp;<\/p>\n\n\n\n<p>Der B\u00fcrgermeister ist grunds\u00e4tzlich Ansprechpartner und Annahmestelle f\u00fcr Anliegen der Einwohner. Die Verwaltungsaufgaben werden von der Samtgemeinde in Hoya wahrgenommen.&nbsp;&nbsp;<\/p>\n\n\n\n<p>Ein besonderes Anliegen des Rates ist die Absicherung der Grundversorgung der Einwohner, das hei\u00dft die Erhaltung ortsnaher Einkaufsm\u00f6glichkeiten und Dienstleistungen sowie die Sicherung von Besch\u00e4ftigungsm\u00f6glichkeiten.&nbsp;Neben Dienstleistern&nbsp;wie \u00c4rzten und einem Verbrauchermarkt&nbsp;sind vor allem landwirtschaftliche und handwerkliche Betriebe angesiedelt.&nbsp;<\/p>\n\n\n\n<p>Das Dorfleben wird zu einem gro\u00dfen Teil von den Feuerwehren (B\u00fccken und&nbsp;Duddenhausen) und einer Vielzahl von Vereinen gestaltet. In der Gemeinde sind drei Sportpl\u00e4tze, eine Tennisanlage, eine Turnhalle und&nbsp;<s>drei<\/s>mehrere&nbsp;Schie\u00dfst\u00e4nde vorhanden; daneben steht eine private Reithalle zur Verf\u00fcgung. F\u00fcr die Lesehungrigen unterh\u00e4lt die Gemeinde eine \u00f6ffentliche B\u00fccherei. \u00dcberregionales Interesse finden die kulturellen Veranstaltungen in der Stiftskirche.&nbsp;Die Stiftskirche ist auch ein bedeutender Anlaufpunkt des Weser-Radweges.<s>.&nbsp;<\/s>&nbsp;Weitere Sehensw\u00fcrdigkeiten sind&nbsp;der Hof&nbsp;B\u00fcnkem\u00fchler Hofk\u00e4serei,&nbsp;die Kleinkunstdiele, die R\u00f6sterei&nbsp;Catucho&nbsp;sowie das alle f\u00fcnf Jahre stattfindende&nbsp;B\u00fcrger- und Bauernschie\u00dfen&nbsp;der Gemeinden des Kirchspiels&nbsp;B\u00fccken.B\u00fcrger- und Bauernschie\u00dfen&nbsp;der Gemeinden des Kirchspiels B\u00fccken.&nbsp;<\/p>\n\n\n\n<figure class=\"wp-block-image size-large\"><img loading=\"lazy\" decoding=\"async\" width=\"675\" height=\"900\" src=\"https:\/\/ff-sghoya.de\/wp-content\/uploads\/2020\/06\/675px-B\u00fccker_kirche.jpg\" alt=\"\" class=\"wp-image-3781\"\/><\/figure>\n\n\n\n<p>Ein Mehrgruppenkindergarten sowie die\u00a0Kapit\u00e4n-Koldewey-Grundschule k\u00f6nnen im Flecken besucht werden. Oberschule und Gymnasium befinden sich im benachbarten Hoya.\u00a0\u00a0<\/p>\n\n\n\n<figure class=\"wp-block-image aligncenter size-large is-resized\"><img loading=\"lazy\" decoding=\"async\" width=\"748\" height=\"656\" src=\"https:\/\/ff-sghoya.de\/wp-content\/uploads\/2020\/06\/buecken-niedersachsen.png\" alt=\"\" class=\"wp-image-3782\"\/><\/figure>\n","protected":false},"excerpt":{"rendered":"<p>B\u00fccken stellt sich vor: Der Flecken B\u00fccken mit seinen 2.200 Einwohnern ist Mitgliedsgemeinde in der Samtgemeinde Grafschaft Hoya. Der Flecken<\/p>\n","protected":false},"author":6,"featured_media":0,"parent":0,"menu_order":0,"comment_status":"closed","ping_status":"closed","template":"","meta":{"colormag_page_container_layout":"no_sidebar_full_width","colormag_page_sidebar_layout":"no_sidebar","footnotes":""},"class_list":["post-6423","page","type-page","status-publish","hentry"],"_links":{"self":[{"href":"https:\/\/ff-sghoya.de\/index.php?rest_route=\/wp\/v2\/pages\/6423","targetHints":{"allow":["GET"]}}],"collection":[{"href":"https:\/\/ff-sghoya.de\/index.php?rest_route=\/wp\/v2\/pages"}],"about":[{"href":"https:\/\/ff-sghoya.de\/index.php?rest_route=\/wp\/v2\/types\/page"}],"author":[{"embeddable":true,"href":"https:\/\/ff-sghoya.de\/index.php?rest_route=\/wp\/v2\/users\/6"}],"replies":[{"embeddable":true,"href":"https:\/\/ff-sghoya.de\/index.php?rest_route=%2Fwp%2Fv2%2Fcomments&post=6423"}],"version-history":[{"count":2,"href":"https:\/\/ff-sghoya.de\/index.php?rest_route=\/wp\/v2\/pages\/6423\/revisions"}],"predecessor-version":[{"id":6426,"href":"https:\/\/ff-sghoya.de\/index.php?rest_route=\/wp\/v2\/pages\/6423\/revisions\/6426"}],"wp:attachment":[{"href":"https:\/\/ff-sghoya.de\/index.php?rest_route=%2Fwp%2Fv2%2Fmedia&parent=6423"}],"curies":[{"name":"wp","href":"https:\/\/api.w.org\/{rel}","templated":true}]}}