{"id":54,"date":"2016-06-09T14:27:20","date_gmt":"2016-06-09T12:27:20","guid":{"rendered":"http:\/\/91.56.127.35\/?page_id=54"},"modified":"2016-06-09T14:27:20","modified_gmt":"2016-06-09T12:27:20","slug":"feuerloescher","status":"publish","type":"page","link":"https:\/\/ff-sghoya.de\/?page_id=54","title":{"rendered":"Feuerl\u00f6scher"},"content":{"rendered":"<h3>Informationen \u00fcber Feuerl\u00f6scher<\/h3>\n<h4>Allgemeines<\/h4>\n<p>Nachfolgend m\u00f6chten wir Ihnen den Sinn und Zweck von Feuerl\u00f6schern etwas n\u00e4her bringen. Nach unseren Erfahrungen kann der fr\u00fchzeitige Einsatz von Feuerl\u00f6schern Leben retten und Sachsch\u00e4den verringern. Feuerl\u00f6scher dienen zur wirksamen Bek\u00e4mpfung von Entstehungsbr\u00e4nden. Das bedeutet, dass nur kleine und in der Entstehung befindliche Br\u00e4nde erfolgreich gel\u00f6scht werden k\u00f6nnen.<\/p>\n<p>Jeder Feuerl\u00f6scher ist ohne besondere Kenntnisse zu bedienen, es gen\u00fcgt v\u00f6llig, die aufgedruckte Gebrauchsanweisung zu befolgen.<\/p>\n<p>Zu Ihrer eigenen Sicherheit sollten Sie sich allerdings schon jetzt mit der Bedienung der bei Ihnen verf\u00fcgbaren Feuerl\u00f6scher vertraut machen.<\/p>\n<p>Lesen Sie dazu die auf dem Feuerl\u00f6scher angebrachte Gebrauchsanweisung aufmerksam durch und machen Sie sich mit den vorhandenen Bedienungselementen vertraut. Dies erspart Ihnen im Ernstfall wertvolle Zeit.<\/p>\n<h4><span style=\"font-family: verdana; font-size: large;\"><b>Brandklasseneinteilung<\/b><\/span><\/h4>\n<p><img loading=\"lazy\" decoding=\"async\" class=\"aligncenter size-full wp-image-79\" src=\"http:\/\/ff-sghoya.de\/wp-content\/uploads\/2016\/06\/db1551ab20.jpg\" alt=\"db1551ab20\" width=\"470\" height=\"342\" srcset=\"https:\/\/ff-sghoya.de\/wp-content\/uploads\/2016\/06\/db1551ab20.jpg 470w, https:\/\/ff-sghoya.de\/wp-content\/uploads\/2016\/06\/db1551ab20-300x218.jpg 300w\" sizes=\"auto, (max-width: 470px) 100vw, 470px\" \/><\/p>\n<p>&nbsp;<\/p>\n<h4><span style=\"font-family: verdana; font-size: large;\"><b>Welcher L\u00f6scher darf eingesetzt werden<\/b><\/span><\/h4>\n<p><img loading=\"lazy\" decoding=\"async\" class=\"aligncenter size-full wp-image-80\" src=\"http:\/\/ff-sghoya.de\/wp-content\/uploads\/2016\/06\/b7d2125ef1.jpg\" alt=\"b7d2125ef1\" width=\"470\" height=\"412\" srcset=\"https:\/\/ff-sghoya.de\/wp-content\/uploads\/2016\/06\/b7d2125ef1.jpg 470w, https:\/\/ff-sghoya.de\/wp-content\/uploads\/2016\/06\/b7d2125ef1-300x263.jpg 300w\" sizes=\"auto, (max-width: 470px) 100vw, 470px\" \/><\/p>\n<p>&nbsp;<\/p>\n<h4><span style=\"font-family: verdana; font-size: large;\"><b>Richtiges Anwenden von Feuerl\u00f6schern<\/b><\/span><\/h4>\n<p><img loading=\"lazy\" decoding=\"async\" class=\"aligncenter size-full wp-image-82\" src=\"http:\/\/ff-sghoya.de\/wp-content\/uploads\/2016\/06\/5b0e97db81.jpg\" alt=\"5b0e97db81\" width=\"470\" height=\"574\" srcset=\"https:\/\/ff-sghoya.de\/wp-content\/uploads\/2016\/06\/5b0e97db81.jpg 470w, https:\/\/ff-sghoya.de\/wp-content\/uploads\/2016\/06\/5b0e97db81-246x300.jpg 246w\" sizes=\"auto, (max-width: 470px) 100vw, 470px\" \/><\/p>\n<p>&nbsp;<\/p>\n","protected":false},"excerpt":{"rendered":"<p>Informationen \u00fcber Feuerl\u00f6scher Allgemeines Nachfolgend m\u00f6chten wir Ihnen den Sinn und Zweck von Feuerl\u00f6schern etwas n\u00e4her bringen. Nach unseren Erfahrungen<\/p>\n","protected":false},"author":1,"featured_media":0,"parent":0,"menu_order":0,"comment_status":"closed","ping_status":"closed","template":"","meta":{"colormag_page_container_layout":"default_layout","colormag_page_sidebar_layout":"default_layout","footnotes":""},"class_list":["post-54","page","type-page","status-publish","hentry"],"_links":{"self":[{"href":"https:\/\/ff-sghoya.de\/index.php?rest_route=\/wp\/v2\/pages\/54","targetHints":{"allow":["GET"]}}],"collection":[{"href":"https:\/\/ff-sghoya.de\/index.php?rest_route=\/wp\/v2\/pages"}],"about":[{"href":"https:\/\/ff-sghoya.de\/index.php?rest_route=\/wp\/v2\/types\/page"}],"author":[{"embeddable":true,"href":"https:\/\/ff-sghoya.de\/index.php?rest_route=\/wp\/v2\/users\/1"}],"replies":[{"embeddable":true,"href":"https:\/\/ff-sghoya.de\/index.php?rest_route=%2Fwp%2Fv2%2Fcomments&post=54"}],"version-history":[{"count":0,"href":"https:\/\/ff-sghoya.de\/index.php?rest_route=\/wp\/v2\/pages\/54\/revisions"}],"wp:attachment":[{"href":"https:\/\/ff-sghoya.de\/index.php?rest_route=%2Fwp%2Fv2%2Fmedia&parent=54"}],"curies":[{"name":"wp","href":"https:\/\/api.w.org\/{rel}","templated":true}]}}