{"id":447,"date":"2016-06-15T15:30:02","date_gmt":"2016-06-15T13:30:02","guid":{"rendered":"http:\/\/ffwhassel.bplaced.net\/?page_id=447"},"modified":"2016-06-15T15:30:02","modified_gmt":"2016-06-15T13:30:02","slug":"sicher-duch-die-grillsaison","status":"publish","type":"page","link":"https:\/\/ff-sghoya.de\/?page_id=447","title":{"rendered":"Sicher duch die Grillsaison"},"content":{"rendered":"<p><span style=\"font-family: Arial,sans-serif;\"><img loading=\"lazy\" decoding=\"async\" class=\"alignleft size-medium wp-image-449\" src=\"http:\/\/ff-sghoya.de\/wp-content\/uploads\/2016\/06\/bbqburn-225x300.jpg\" alt=\"bbqburn\" width=\"225\" height=\"300\" srcset=\"https:\/\/ff-sghoya.de\/wp-content\/uploads\/2016\/06\/bbqburn-225x300.jpg 225w, https:\/\/ff-sghoya.de\/wp-content\/uploads\/2016\/06\/bbqburn.jpg 576w\" sizes=\"auto, (max-width: 225px) 100vw, 225px\" \/>Milde Sommerabende, es riecht nach Steaks, Schaschliks und Bratwurst. Auch Sie sitzen \u00f6fters bei Bier und Wein im Garten und genie\u00dfen die Leichtigkeit eines harmonischen Grillabends.<\/span><\/p>\n<p><span style=\"font-family: Arial,sans-serif;\">Leider jedoch ist dieses Vergn\u00fcgen oft mit Brandverletzungen, Rauchvergiftungen, sowie Fl\u00e4chen- und Gartenhausbr\u00e4nden verbunden. Damit Ihr Grillvergn\u00fcgen nicht zum Alptraum wird, sollten Sie als einige Hinweise beachten:<\/span><\/p>\n<ul>\n<li><span style=\"font-family: Arial,sans-serif;\">Gen\u00fcgend abstand zu brennbaren Materialien einhalten<\/span><\/li>\n<\/ul>\n<ul>\n<li><span style=\"font-family: Arial,sans-serif;\">\u00a0F\u00fcr einen festen und nichtbrennbaren Untergrund sorgen (Gehwegplatte etc.)<\/span><\/li>\n<\/ul>\n<ul>\n<li><span style=\"font-family: Arial,sans-serif;\">L\u00f6schmittel bereitstellen (Feuerl\u00f6scher, Haushaltseimer mit Wasser)<\/span><\/li>\n<\/ul>\n<ul>\n<li><span style=\"font-family: Arial,sans-serif;\">Lassen Sie Kinder nie unbeaufsichtigt in der N\u00e4he des Grills bzw. des Feuers<\/span><\/li>\n<\/ul>\n<ul>\n<li><span style=\"font-family: Arial,sans-serif;\">Grill nur im Freien verwenden und nicht im Wintergarten, oder Partyr\u00e4umen (Erstickungsgefahr!)<\/span><\/li>\n<\/ul>\n<ul>\n<li><span style=\"font-family: Arial,sans-serif;\">Abtropfendes Fett kann zu einer pl\u00f6tzlichen Stichflamme f\u00fchren und gegebenenfalls das Fleisch etc. entz\u00fcnden<\/span><\/li>\n<\/ul>\n<ul>\n<li><span style=\"font-family: Arial,sans-serif;\">Holzkohle nur mit geeigneten Z\u00fcndhilfen (Grillanz\u00fcnder usw.) in Brand setzen. <\/span><\/li>\n<\/ul>\n<ul>\n<li><span style=\"font-family: Arial,sans-serif;\">Niemals Spiritus, Benzin oder andere l\u00f6semittelhaltige Stoffe zum entz\u00fcnden verwenden! Diese k\u00f6nnen durch Verpuffungen zu schwersten Verbrennungen f\u00fchren!<\/span><\/li>\n<\/ul>\n<ul>\n<li><span style=\"font-family: Arial,sans-serif;\">Die Restliche Grillasche erst entsorgen, wenn sie vollst\u00e4ndig abgek\u00fchlt ist \u2013 Jedoch gilt nicht in Brennbare Gef\u00e4\u00dfe. Am sichersten ist es, wenn die restliche Grillkohle vergraben wird!<\/span><\/li>\n<\/ul>\n<ul>\n<li><span style=\"font-family: Arial,sans-serif;\">Beim Gasgrill darauf achten, dass die Anschl\u00fcsse dicht sind. Verbindungsschlauch nicht der Hitze aussetzen. Achten Sie auf die Flamme. Erl\u00f6scht diese unbeabsichtigt, kann weiter Gas austreten, das brand- und explosionsgef\u00e4hrlich ist.<\/span><\/li>\n<\/ul>\n<p>&nbsp;<\/p>\n<p><span style=\"font-family: Arial,sans-serif;\">Bei Verbrennungen, sofort die Hand ca. 10 min unter mittelwarmes Wasser halten. Verbrannte Stelle nach der K\u00fchlung mit Verbandtuch keimfrei bedecken. Auch bei geringen Verbrennungen sollte zur Kontrolle ein Arzt aufgesucht werden!<\/span><\/p>\n","protected":false},"excerpt":{"rendered":"<p>Milde Sommerabende, es riecht nach Steaks, Schaschliks und Bratwurst. Auch Sie sitzen \u00f6fters bei Bier und Wein im Garten und<\/p>\n","protected":false},"author":1,"featured_media":0,"parent":0,"menu_order":0,"comment_status":"closed","ping_status":"closed","template":"","meta":{"colormag_page_container_layout":"default_layout","colormag_page_sidebar_layout":"default_layout","footnotes":""},"class_list":["post-447","page","type-page","status-publish","hentry"],"_links":{"self":[{"href":"https:\/\/ff-sghoya.de\/index.php?rest_route=\/wp\/v2\/pages\/447","targetHints":{"allow":["GET"]}}],"collection":[{"href":"https:\/\/ff-sghoya.de\/index.php?rest_route=\/wp\/v2\/pages"}],"about":[{"href":"https:\/\/ff-sghoya.de\/index.php?rest_route=\/wp\/v2\/types\/page"}],"author":[{"embeddable":true,"href":"https:\/\/ff-sghoya.de\/index.php?rest_route=\/wp\/v2\/users\/1"}],"replies":[{"embeddable":true,"href":"https:\/\/ff-sghoya.de\/index.php?rest_route=%2Fwp%2Fv2%2Fcomments&post=447"}],"version-history":[{"count":0,"href":"https:\/\/ff-sghoya.de\/index.php?rest_route=\/wp\/v2\/pages\/447\/revisions"}],"wp:attachment":[{"href":"https:\/\/ff-sghoya.de\/index.php?rest_route=%2Fwp%2Fv2%2Fmedia&parent=447"}],"curies":[{"name":"wp","href":"https:\/\/api.w.org\/{rel}","templated":true}]}}