{"id":418,"date":"2016-06-15T15:04:50","date_gmt":"2016-06-15T13:04:50","guid":{"rendered":"http:\/\/ffwhassel.bplaced.net\/?page_id=418"},"modified":"2016-06-15T15:04:50","modified_gmt":"2016-06-15T13:04:50","slug":"die-adac-rettungskarte-schnelligkeit-zaehlt","status":"publish","type":"page","link":"https:\/\/ff-sghoya.de\/?page_id=418","title":{"rendered":"Die ADAC Rettungskarte &#8211; Schnelligkeit z\u00e4hlt!"},"content":{"rendered":"<p><img loading=\"lazy\" decoding=\"async\" class=\"size-full wp-image-419 alignleft\" src=\"http:\/\/ff-sghoya.de\/wp-content\/uploads\/2016\/06\/ff7dc4c748.jpeg\" alt=\"ff7dc4c748\" width=\"235\" height=\"156\" \/>Nach einem Verkehrsunfall kommt es auf jede Sekunde an.<\/p>\n<p>Gerade bei schweren Autounf\u00e4llen m\u00fcssen Eingeklemmte schnellstens aus dem Fahrzeug befreit werden. Vor allem m\u00fcssen die Retter wissen, wo und wie sie das verungl\u00fcckte Auto aufschneiden m\u00fcssen. Diese Informationen liegen bisher meist nicht direkt an der Einsatzstelle vor. Anders die ADAC-Rettungskarte: Sie wird hinter der Fahrer-Sonnenblende im Auto positioniert. Feuerwehren und andere Hilfskr\u00e4fte haben die lebensrettende Information dann direkt am Fahrzeug vorliegen. Mit der Karte wissen sie, wo sie aufschneiden m\u00fcssen und wo Airbags und Batterien liegen. \u00dcber Detailkenntnisse zur Fahrzeugkonstruktion m\u00fcssen die Feuerwehren dank der vorhandenen Karte nicht verf\u00fcgen.<\/p>\n<p>Die Rettungskarte ist auch deshalb wichtig, weil eingesetzte Karosserieversteifungen bei modernen Fahrzeugen dazu f\u00fchren k\u00f6nnen, dass die von Feuerwehren benutzten Rettungsscheren schnell an ihre Leistungsgrenze kommen. So geht wertvolle Zeit verloren. Zwar gibt es von einigen Automobilherstellern f\u00fcr manche Modelle bereits Rettungsleitf\u00e4den, diese befinden sich aber nicht im Fahrzeug. Retter kommen also nicht so einfach an die Informationen. Deshalb setzt sich der ADAC f\u00fcr eine Rettungskarte im Auto ein. Mit ihr k\u00f6nnte der Rettungsprozess wesentlich verk\u00fcrzt werden.<\/p>\n<p>&nbsp;<\/p>\n<p><span style=\"font-family: verdana; font-size: large;\"><b>Wie bekomme ich die Rettungskarte?<br \/>\n<\/b><\/span><\/p>\n<p>Bitte erkundigen Sie sich bei Ihrem Fahrzeughersteller oder beim ADAC, ob es f\u00fcr Ihr Fahrzeug auch eine Rettungskarte gibt.<\/p>\n<p>Weitere Informationen finden Sie unter folgendem Link:<\/p>\n<p><a href=\"https:\/\/www.adac.de\/infotestrat\/ratgeber-verkehr\/sicher-unterwegs\/rettungskarte\/default.aspx?ComponentId=32955&amp;SourcePageId=41340\">Die Rettungskarte &#8211; Wichtige Informationen f\u00fcr Einsatzkr\u00e4fte<\/a><\/p>\n<p><img loading=\"lazy\" decoding=\"async\" class=\"aligncenter size-full wp-image-421\" src=\"http:\/\/ff-sghoya.de\/wp-content\/uploads\/2016\/06\/88c8fc0525.jpg\" alt=\"88c8fc0525\" width=\"465\" height=\"600\" srcset=\"https:\/\/ff-sghoya.de\/wp-content\/uploads\/2016\/06\/88c8fc0525.jpg 465w, https:\/\/ff-sghoya.de\/wp-content\/uploads\/2016\/06\/88c8fc0525-233x300.jpg 233w\" sizes=\"auto, (max-width: 465px) 100vw, 465px\" \/><\/p>\n<p style=\"text-align: center;\"><strong>Quelle: ADAC<\/strong><\/p>\n","protected":false},"excerpt":{"rendered":"<p>Nach einem Verkehrsunfall kommt es auf jede Sekunde an. Gerade bei schweren Autounf\u00e4llen m\u00fcssen Eingeklemmte schnellstens aus dem Fahrzeug befreit<\/p>\n","protected":false},"author":1,"featured_media":0,"parent":0,"menu_order":0,"comment_status":"closed","ping_status":"closed","template":"","meta":{"colormag_page_container_layout":"default_layout","colormag_page_sidebar_layout":"default_layout","footnotes":""},"class_list":["post-418","page","type-page","status-publish","hentry"],"_links":{"self":[{"href":"https:\/\/ff-sghoya.de\/index.php?rest_route=\/wp\/v2\/pages\/418","targetHints":{"allow":["GET"]}}],"collection":[{"href":"https:\/\/ff-sghoya.de\/index.php?rest_route=\/wp\/v2\/pages"}],"about":[{"href":"https:\/\/ff-sghoya.de\/index.php?rest_route=\/wp\/v2\/types\/page"}],"author":[{"embeddable":true,"href":"https:\/\/ff-sghoya.de\/index.php?rest_route=\/wp\/v2\/users\/1"}],"replies":[{"embeddable":true,"href":"https:\/\/ff-sghoya.de\/index.php?rest_route=%2Fwp%2Fv2%2Fcomments&post=418"}],"version-history":[{"count":0,"href":"https:\/\/ff-sghoya.de\/index.php?rest_route=\/wp\/v2\/pages\/418\/revisions"}],"wp:attachment":[{"href":"https:\/\/ff-sghoya.de\/index.php?rest_route=%2Fwp%2Fv2%2Fmedia&parent=418"}],"curies":[{"name":"wp","href":"https:\/\/api.w.org\/{rel}","templated":true}]}}