{"id":414,"date":"2016-06-15T15:01:26","date_gmt":"2016-06-15T13:01:26","guid":{"rendered":"http:\/\/ffwhassel.bplaced.net\/?page_id=414"},"modified":"2016-06-15T15:01:26","modified_gmt":"2016-06-15T13:01:26","slug":"denken-sie-an-ihre-winterbereifung","status":"publish","type":"page","link":"https:\/\/ff-sghoya.de\/?page_id=414","title":{"rendered":"Denken Sie an Ihre Winterbereifung!"},"content":{"rendered":"<p><img loading=\"lazy\" decoding=\"async\" class=\"size-full wp-image-415 alignleft\" src=\"http:\/\/ff-sghoya.de\/wp-content\/uploads\/2016\/06\/d2943e3733.jpg\" alt=\"d2943e3733\" width=\"233\" height=\"311\" srcset=\"https:\/\/ff-sghoya.de\/wp-content\/uploads\/2016\/06\/d2943e3733.jpg 233w, https:\/\/ff-sghoya.de\/wp-content\/uploads\/2016\/06\/d2943e3733-225x300.jpg 225w\" sizes=\"auto, (max-width: 233px) 100vw, 233px\" \/>Selbst wenn es tags\u00fcber sonnig und an die 20 Grad warm ist, sinken bereits jetzt die Nachttemperaturen empfindlich. &#8222;Am k\u00e4ltesten ist es gegen Sonnenaufgang, wenn die ersten Pendler unterwegs zur Arbeit sind und oftmals von beinahe winterlichen Stra\u00dfenverh\u00e4ltnissen \u00fcberrascht werden.<\/p>\n<p>Gefahr geht auch von pl\u00f6tzlichen Wintereinbr\u00fcchen aus \u2013 oder davon, dass an einigen Stellen nun h\u00e4ufiger Reif ansetzt, w\u00e4hrend der Rest der Strecke eisfrei ist.<\/p>\n<p>Gleichzeitig ist der Herbst mit seinen leuchtenden Farben leider auch die Jahreszeit der schmutzigen Stra\u00dfen. Zuckerr\u00fcben-Transporte hinterlassen ihre Spuren und Laub und Baumfr\u00fcchte bilden \u2013 zusammen mit dem Morgentau \u2013 eine regelrechte Schmierschicht auf der Fahrbahn. &#8222;\u00dcberraschenderweise sind die Stra\u00dfen in der Regel um den Gefrierpunkt herum weitaus glatter als bei tiefen Minusgraden. Die weichere Gummimischung und spezielle Profilgestaltung des Winterreifens sorgen nicht nur bei Eis und Schnee, sondern auch bei nassen, rutschigen Stra\u00dfen f\u00fcr bessere Haftung auf der Fahrbahn.<\/p>\n<p>Wer glaubt, ganz auf Winterreifen verzichten zu k\u00f6nnen, f\u00fcr den wird es unter Umst\u00e4nden nicht nur auf der Stra\u00dfe ungem\u00fctlich, sondern auch in der Geldb\u00f6rse. Das Kraftfahrzeug muss den Wetterverh\u00e4ltnissen entsprechend ausger\u00fcstet sein. Dazu geh\u00f6rt laut Gesetzestext insbesondere \u2013 neben Frostschutzmittel in der Scheibenwaschanlage \u2013 die geeignete Bereifung. F\u00fcr Winterreifenmuffel kann es also in diesem Winter teuer werden.<\/p>\n","protected":false},"excerpt":{"rendered":"<p>Selbst wenn es tags\u00fcber sonnig und an die 20 Grad warm ist, sinken bereits jetzt die Nachttemperaturen empfindlich. &#8222;Am k\u00e4ltesten<\/p>\n","protected":false},"author":1,"featured_media":0,"parent":0,"menu_order":0,"comment_status":"closed","ping_status":"closed","template":"","meta":{"colormag_page_container_layout":"default_layout","colormag_page_sidebar_layout":"default_layout","footnotes":""},"class_list":["post-414","page","type-page","status-publish","hentry"],"_links":{"self":[{"href":"https:\/\/ff-sghoya.de\/index.php?rest_route=\/wp\/v2\/pages\/414","targetHints":{"allow":["GET"]}}],"collection":[{"href":"https:\/\/ff-sghoya.de\/index.php?rest_route=\/wp\/v2\/pages"}],"about":[{"href":"https:\/\/ff-sghoya.de\/index.php?rest_route=\/wp\/v2\/types\/page"}],"author":[{"embeddable":true,"href":"https:\/\/ff-sghoya.de\/index.php?rest_route=\/wp\/v2\/users\/1"}],"replies":[{"embeddable":true,"href":"https:\/\/ff-sghoya.de\/index.php?rest_route=%2Fwp%2Fv2%2Fcomments&post=414"}],"version-history":[{"count":0,"href":"https:\/\/ff-sghoya.de\/index.php?rest_route=\/wp\/v2\/pages\/414\/revisions"}],"wp:attachment":[{"href":"https:\/\/ff-sghoya.de\/index.php?rest_route=%2Fwp%2Fv2%2Fmedia&parent=414"}],"curies":[{"name":"wp","href":"https:\/\/api.w.org\/{rel}","templated":true}]}}