{"id":388,"date":"2016-06-15T14:38:39","date_gmt":"2016-06-15T12:38:39","guid":{"rendered":"http:\/\/ffwhassel.bplaced.net\/?page_id=388"},"modified":"2016-06-15T14:38:39","modified_gmt":"2016-06-15T12:38:39","slug":"haushalt-und-kueche","status":"publish","type":"page","link":"https:\/\/ff-sghoya.de\/?page_id=388","title":{"rendered":"Haushalt und K\u00fcche"},"content":{"rendered":"<div><span style=\"font-family: verdana; font-size: large;\"><b>Friteusen- bzw. Fettbr\u00e4nde<br \/>\n<\/b><\/span><\/div>\n<p>In fast jedem deutschen Haushalt sind Friteusen zu finden. Beim Betreiben von den Ger\u00e4ten sollten jedoch gewisse Dinge beachtet werden. Friteusen sollten nicht unter Dunstabzugshauben betrieben werden. Filter von den Dunstabzugshauben sind meistens mit einer Fettschicht belegt, die leicht entflammbar ist. Beim Brand von Friteusen unter Dunstabzugshauben kann schnell ein kompletter K\u00fcchenbrand entstehen. Beim Frittieren nur hochsiedende Fette benutzen, kein normales Haushalts\u00f6l. Brennende Friteusen niemals mit Wasser l\u00f6schen. Durch L\u00f6schversuche mit Wasser entsteht eine\u00a0Fettexplosion, die nicht nur die ganze K\u00fcche in Brand setzten. F\u00fcr den L\u00f6schenden besteht h\u00f6chste Lebensgefahr durch Verbrennungen. Flammen mit einem angefeuchteten Handtuch oder mit einem\u00a0 geeigneten Deckel ersticken. Im Handel sind f\u00fcr diese Art von Br\u00e4nden L\u00f6schdecken erh\u00e4ltlich.<\/p>\n<p><img loading=\"lazy\" decoding=\"async\" class=\"aligncenter size-full wp-image-445\" src=\"http:\/\/ff-sghoya.de\/wp-content\/uploads\/2016\/06\/fettbrand2.jpg\" alt=\"fettbrand2\" width=\"538\" height=\"600\" srcset=\"https:\/\/ff-sghoya.de\/wp-content\/uploads\/2016\/06\/fettbrand2.jpg 538w, https:\/\/ff-sghoya.de\/wp-content\/uploads\/2016\/06\/fettbrand2-269x300.jpg 269w\" sizes=\"auto, (max-width: 538px) 100vw, 538px\" \/><\/p>\n","protected":false},"excerpt":{"rendered":"<p>Friteusen- bzw. Fettbr\u00e4nde In fast jedem deutschen Haushalt sind Friteusen zu finden. Beim Betreiben von den Ger\u00e4ten sollten jedoch gewisse<\/p>\n","protected":false},"author":1,"featured_media":0,"parent":0,"menu_order":0,"comment_status":"closed","ping_status":"closed","template":"","meta":{"colormag_page_container_layout":"default_layout","colormag_page_sidebar_layout":"default_layout","footnotes":""},"class_list":["post-388","page","type-page","status-publish","hentry"],"_links":{"self":[{"href":"https:\/\/ff-sghoya.de\/index.php?rest_route=\/wp\/v2\/pages\/388","targetHints":{"allow":["GET"]}}],"collection":[{"href":"https:\/\/ff-sghoya.de\/index.php?rest_route=\/wp\/v2\/pages"}],"about":[{"href":"https:\/\/ff-sghoya.de\/index.php?rest_route=\/wp\/v2\/types\/page"}],"author":[{"embeddable":true,"href":"https:\/\/ff-sghoya.de\/index.php?rest_route=\/wp\/v2\/users\/1"}],"replies":[{"embeddable":true,"href":"https:\/\/ff-sghoya.de\/index.php?rest_route=%2Fwp%2Fv2%2Fcomments&post=388"}],"version-history":[{"count":0,"href":"https:\/\/ff-sghoya.de\/index.php?rest_route=\/wp\/v2\/pages\/388\/revisions"}],"wp:attachment":[{"href":"https:\/\/ff-sghoya.de\/index.php?rest_route=%2Fwp%2Fv2%2Fmedia&parent=388"}],"curies":[{"name":"wp","href":"https:\/\/api.w.org\/{rel}","templated":true}]}}