{"id":3802,"date":"2020-09-28T06:40:22","date_gmt":"2020-09-28T04:40:22","guid":{"rendered":"http:\/\/ff-sghoya.de\/?page_id=3802"},"modified":"2020-09-28T06:40:22","modified_gmt":"2020-09-28T04:40:22","slug":"altersgruppe","status":"publish","type":"page","link":"https:\/\/ff-sghoya.de\/?page_id=3802","title":{"rendered":"Altersgruppe"},"content":{"rendered":"\n<p>Der Vorl\u00e4ufer der Altersgruppe war die passive&nbsp;Mitgliedschaft. Aktive&nbsp;&nbsp;<\/p>\n\n\n\n<p>Kameraden,&nbsp;die&nbsp;aus Altersgr\u00fcnden ihren Dienst nicht mehr ausf\u00fchrten&nbsp;&nbsp;&nbsp;<\/p>\n\n\n\n<p>und nur die, konnten die passive Mitgliedschaft beantragen. Der Helm blieb in ihrem Besitz, der Arbeitskittel musste abgegeben werden. (Protokoll 25.Febr. 1911). Man griff damals gern f\u00fcr weniger gef\u00e4hrlichere Aufgaben auf diese Kameraden zur\u00fcck (siehe&nbsp;Chronik 100 Jahre FF B\u00fccken,&nbsp;Seite&nbsp;112).&nbsp;<\/p>\n\n\n\n<p>1936 gibt es Hinweise auf eine Altersgruppe (24 Kameraden) jedoch ohne&nbsp;Angabe&nbsp;eines Gruppenf\u00fchrers. Erster nachweislicher Gruppenf\u00fchrer war Heinrich&nbsp;Voige&nbsp;(bis 1983)&nbsp;&nbsp;<\/p>\n\n\n\n<p>Laut Bildmaterial nahmen Alterskameraden 1975 noch am Einsatz des Gro\u00dfbrandes bei der ECA teil. Allerdings wurde seit Gr\u00fcndung der SG&nbsp;Grafsch. Hoya die Teilnahme an Eins\u00e4tzen\/\u00dcbungen den Alterskameraden untersagt; aus versicherungstechnischen Gr\u00fcnden.&nbsp;Die Altersgruppe bleibt jedoch Uniformtr\u00e4ger.&nbsp;<\/p>\n\n\n\n<p>Sinn und Zweck der heutigen&nbsp;Altersgruppe ist die&nbsp;Verbundenheit zur Wehr und die Geselligkeit zu Pflegen.&nbsp;<\/p>\n\n\n\n<p>Die Altersgruppe der Ortswehr B\u00fccken besteht z.Zt.&nbsp;(2020)&nbsp;aus 16&nbsp;Kameraden. Es werden mind. 4 Gruppenabende&nbsp;im Jahr&nbsp;abgehalten. Am Jahresanfang gibt es ein gemeinsames Fr\u00fchst\u00fcck. Es werden 1 bis 2 heimische Betriebe besucht. Eine Weihnachtsfeier steht ebenso auf dem Programm wie die Teilnahme an der Jahreshauptversammlung, der Dienstversammlung und den Veranstaltungen der Alterskameradschaft der Samtgemeinde.&nbsp;&nbsp;<\/p>\n\n\n\n<p>Gruppenleiter und Stellvertreten sind z.Zt. Dieter Brandt und Hans Robert&nbsp;Ostermeyer.&nbsp;<\/p>\n\n\n\n<p>Die vergangenen Gruppenf\u00fchrer waren Heinrich&nbsp;Voige, Hermann Behrmann (1983), Fritz&nbsp;Stru\u00df&nbsp;(1984) sowie Herbert Wendhausen (1997).&nbsp;<\/p>\n","protected":false},"excerpt":{"rendered":"<p>Der Vorl\u00e4ufer der Altersgruppe war die passive&nbsp;Mitgliedschaft. Aktive&nbsp;&nbsp; Kameraden,&nbsp;die&nbsp;aus Altersgr\u00fcnden ihren Dienst nicht mehr ausf\u00fchrten&nbsp;&nbsp;&nbsp; und nur die, konnten die<\/p>\n","protected":false},"author":6,"featured_media":0,"parent":0,"menu_order":0,"comment_status":"closed","ping_status":"closed","template":"","meta":{"colormag_page_container_layout":"default_layout","colormag_page_sidebar_layout":"default_layout","footnotes":""},"class_list":["post-3802","page","type-page","status-publish","hentry"],"_links":{"self":[{"href":"https:\/\/ff-sghoya.de\/index.php?rest_route=\/wp\/v2\/pages\/3802","targetHints":{"allow":["GET"]}}],"collection":[{"href":"https:\/\/ff-sghoya.de\/index.php?rest_route=\/wp\/v2\/pages"}],"about":[{"href":"https:\/\/ff-sghoya.de\/index.php?rest_route=\/wp\/v2\/types\/page"}],"author":[{"embeddable":true,"href":"https:\/\/ff-sghoya.de\/index.php?rest_route=\/wp\/v2\/users\/6"}],"replies":[{"embeddable":true,"href":"https:\/\/ff-sghoya.de\/index.php?rest_route=%2Fwp%2Fv2%2Fcomments&post=3802"}],"version-history":[{"count":2,"href":"https:\/\/ff-sghoya.de\/index.php?rest_route=\/wp\/v2\/pages\/3802\/revisions"}],"predecessor-version":[{"id":4024,"href":"https:\/\/ff-sghoya.de\/index.php?rest_route=\/wp\/v2\/pages\/3802\/revisions\/4024"}],"wp:attachment":[{"href":"https:\/\/ff-sghoya.de\/index.php?rest_route=%2Fwp%2Fv2%2Fmedia&parent=3802"}],"curies":[{"name":"wp","href":"https:\/\/api.w.org\/{rel}","templated":true}]}}