{"id":3800,"date":"2020-06-04T20:51:07","date_gmt":"2020-06-04T18:51:07","guid":{"rendered":"http:\/\/ff-sghoya.de\/?page_id=3800"},"modified":"2021-04-14T20:14:37","modified_gmt":"2021-04-14T18:14:37","slug":"ehemalige-fahrzeuge","status":"publish","type":"page","link":"https:\/\/ff-sghoya.de\/?page_id=3800","title":{"rendered":"Ehemalige Fahrzeuge"},"content":{"rendered":"\n<p>Aus den Unterlagen des Flecken B\u00fccken ( Archiv ) ist zu entnehmen das der Flecken B\u00fccken im Jahr 1780 die erste Spritze f\u00fcr das Kirchspiel B\u00fccken gekauft und ein Spritzenhaus am M\u00fchlbach , heutiger Standort des Schlauchturms, gebaut wurde.<\/p>\n\n\n\n<p>Im Jahr 1789 wurde bereits die zweite Spritze angeschafft<strong>.<\/strong><\/p>\n\n\n\n<figure class=\"wp-block-image size-large\"><img loading=\"lazy\" decoding=\"async\" width=\"1386\" height=\"898\" src=\"https:\/\/ff-sghoya.de\/wp-content\/uploads\/2021\/04\/Bild2.jpg\" alt=\"\" class=\"wp-image-4217\" srcset=\"https:\/\/ff-sghoya.de\/wp-content\/uploads\/2021\/04\/Bild2.jpg 1386w, https:\/\/ff-sghoya.de\/wp-content\/uploads\/2021\/04\/Bild2-768x498.jpg 768w\" sizes=\"auto, (max-width: 1386px) 100vw, 1386px\" \/><\/figure>\n\n\n\n<p><strong>14.06.1981<\/strong><\/p>\n\n\n\n<p>Eines der wohl \u00e4ltesten Bilder unserer Feuerwehr<\/p>\n\n\n\n<p>Kameraden mit der 1880 angeschafften Abprotzspritze und der sogenannten \u201e Ulmer Leiter \u201c einer Schiebeleiter<\/p>\n\n\n\n<figure class=\"wp-block-image size-large\"><img loading=\"lazy\" decoding=\"async\" width=\"1238\" height=\"862\" src=\"https:\/\/ff-sghoya.de\/wp-content\/uploads\/2021\/04\/Bild3.jpg\" alt=\"\" class=\"wp-image-4218\" srcset=\"https:\/\/ff-sghoya.de\/wp-content\/uploads\/2021\/04\/Bild3.jpg 1238w, https:\/\/ff-sghoya.de\/wp-content\/uploads\/2021\/04\/Bild3-768x535.jpg 768w, https:\/\/ff-sghoya.de\/wp-content\/uploads\/2021\/04\/Bild3-392x272.jpg 392w, https:\/\/ff-sghoya.de\/wp-content\/uploads\/2021\/04\/Bild3-130x90.jpg 130w\" sizes=\"auto, (max-width: 1238px) 100vw, 1238px\" \/><\/figure>\n\n\n\n<p>Nach Gr\u00fcndung der Freiwilligen Feuerwehr 1877 wurde am 14.08.1883 eine Neue Spritze<\/p>\n\n\n\n<p>Von der Firma Fidler in Hannover abgeholt<\/p>\n\n\n\n<figure class=\"wp-block-gallery columns-3 is-cropped wp-block-gallery-1 is-layout-flex wp-block-gallery-is-layout-flex\"><ul class=\"blocks-gallery-grid\"><li class=\"blocks-gallery-item\"><figure><img loading=\"lazy\" decoding=\"async\" width=\"1164\" height=\"843\" src=\"https:\/\/ff-sghoya.de\/wp-content\/uploads\/2021\/04\/Bild3-1.jpg\" alt=\"\" data-id=\"4221\" class=\"wp-image-4221\" srcset=\"https:\/\/ff-sghoya.de\/wp-content\/uploads\/2021\/04\/Bild3-1.jpg 1164w, https:\/\/ff-sghoya.de\/wp-content\/uploads\/2021\/04\/Bild3-1-768x556.jpg 768w\" sizes=\"auto, (max-width: 1164px) 100vw, 1164px\" \/><\/figure><\/li><li class=\"blocks-gallery-item\"><figure><img loading=\"lazy\" decoding=\"async\" width=\"2047\" height=\"1386\" src=\"https:\/\/ff-sghoya.de\/wp-content\/uploads\/2021\/04\/Bild4.jpg\" alt=\"\" data-id=\"4222\" data-full-url=\"https:\/\/ff-sghoya.de\/wp-content\/uploads\/2021\/04\/Bild4.jpg\" data-link=\"https:\/\/ff-sghoya.de\/?attachment_id=4222\" class=\"wp-image-4222\" srcset=\"https:\/\/ff-sghoya.de\/wp-content\/uploads\/2021\/04\/Bild4.jpg 2047w, https:\/\/ff-sghoya.de\/wp-content\/uploads\/2021\/04\/Bild4-768x520.jpg 768w, https:\/\/ff-sghoya.de\/wp-content\/uploads\/2021\/04\/Bild4-1536x1040.jpg 1536w\" sizes=\"auto, (max-width: 2047px) 100vw, 2047px\" \/><\/figure><\/li><li class=\"blocks-gallery-item\"><figure><img loading=\"lazy\" decoding=\"async\" width=\"1160\" height=\"946\" src=\"https:\/\/ff-sghoya.de\/wp-content\/uploads\/2021\/04\/Bild5.jpg\" alt=\"\" data-id=\"4223\" data-full-url=\"https:\/\/ff-sghoya.de\/wp-content\/uploads\/2021\/04\/Bild5.jpg\" data-link=\"https:\/\/ff-sghoya.de\/?attachment_id=4223\" class=\"wp-image-4223\" srcset=\"https:\/\/ff-sghoya.de\/wp-content\/uploads\/2021\/04\/Bild5.jpg 1160w, https:\/\/ff-sghoya.de\/wp-content\/uploads\/2021\/04\/Bild5-768x626.jpg 768w\" sizes=\"auto, (max-width: 1160px) 100vw, 1160px\" \/><\/figure><\/li><\/ul><\/figure>\n\n\n\n<figure class=\"wp-block-image size-large\"><img loading=\"lazy\" decoding=\"async\" width=\"1533\" height=\"354\" src=\"https:\/\/ff-sghoya.de\/wp-content\/uploads\/2021\/04\/Bild6.jpg\" alt=\"\" class=\"wp-image-4225\" srcset=\"https:\/\/ff-sghoya.de\/wp-content\/uploads\/2021\/04\/Bild6.jpg 1533w, https:\/\/ff-sghoya.de\/wp-content\/uploads\/2021\/04\/Bild6-768x177.jpg 768w\" sizes=\"auto, (max-width: 1533px) 100vw, 1533px\" \/><\/figure>\n\n\n\n<p><strong>Bericht aus der Festschrift 100 Jahre FF B\u00fccken<\/strong><\/p>\n\n\n\n<p>Erste Motorpumpe mit TSA<\/p>\n\n\n\n<figure class=\"wp-block-gallery columns-2 is-cropped wp-block-gallery-2 is-layout-flex wp-block-gallery-is-layout-flex\"><ul class=\"blocks-gallery-grid\"><li class=\"blocks-gallery-item\"><figure><img loading=\"lazy\" decoding=\"async\" width=\"1386\" height=\"887\" src=\"https:\/\/ff-sghoya.de\/wp-content\/uploads\/2021\/04\/Bild7.jpg\" alt=\"\" data-id=\"4227\" data-full-url=\"https:\/\/ff-sghoya.de\/wp-content\/uploads\/2021\/04\/Bild7.jpg\" data-link=\"https:\/\/ff-sghoya.de\/?attachment_id=4227\" class=\"wp-image-4227\" srcset=\"https:\/\/ff-sghoya.de\/wp-content\/uploads\/2021\/04\/Bild7.jpg 1386w, https:\/\/ff-sghoya.de\/wp-content\/uploads\/2021\/04\/Bild7-768x491.jpg 768w\" sizes=\"auto, (max-width: 1386px) 100vw, 1386px\" \/><\/figure><\/li><li class=\"blocks-gallery-item\"><figure><img loading=\"lazy\" decoding=\"async\" width=\"1364\" height=\"908\" src=\"https:\/\/ff-sghoya.de\/wp-content\/uploads\/2021\/04\/Bild8.jpg\" alt=\"\" data-id=\"4228\" data-full-url=\"https:\/\/ff-sghoya.de\/wp-content\/uploads\/2021\/04\/Bild8.jpg\" data-link=\"https:\/\/ff-sghoya.de\/?attachment_id=4228\" class=\"wp-image-4228\" srcset=\"https:\/\/ff-sghoya.de\/wp-content\/uploads\/2021\/04\/Bild8.jpg 1364w, https:\/\/ff-sghoya.de\/wp-content\/uploads\/2021\/04\/Bild8-768x511.jpg 768w\" sizes=\"auto, (max-width: 1364px) 100vw, 1364px\" \/><\/figure><\/li><\/ul><\/figure>\n\n\n\n<figure class=\"wp-block-image size-large\"><img loading=\"lazy\" decoding=\"async\" width=\"2031\" height=\"2054\" src=\"https:\/\/ff-sghoya.de\/wp-content\/uploads\/2021\/04\/Bild9.jpg\" alt=\"\" class=\"wp-image-4231\" srcset=\"https:\/\/ff-sghoya.de\/wp-content\/uploads\/2021\/04\/Bild9.jpg 2031w, https:\/\/ff-sghoya.de\/wp-content\/uploads\/2021\/04\/Bild9-768x777.jpg 768w, https:\/\/ff-sghoya.de\/wp-content\/uploads\/2021\/04\/Bild9-1519x1536.jpg 1519w, https:\/\/ff-sghoya.de\/wp-content\/uploads\/2021\/04\/Bild9-2025x2048.jpg 2025w\" sizes=\"auto, (max-width: 2031px) 100vw, 2031px\" \/><figcaption><br><br><br>Bericht aus der Festschrift 100 Jahre FF B\u00fccken<\/figcaption><\/figure>\n\n\n\n<p><strong>1947<\/strong><\/p>\n\n\n\n<p>Der alte Ford wurde verschrottet. Fr. Papenhausen erhielt das Fahrgestell f\u00fcr 200,- RM, es wurde ein Gummiwagen daraus. C. Bodendiek erhielt den Aufbau f\u00fcr 150,-RM<\/p>\n\n\n\n<p>F\u00fcr den\u201c erbeuteten \u201e\u00a0 <strong>DKW ( <\/strong>Siehe Bild) wurden von der Conti-Hannover Reifen besorgt. F\u00fcr 4 Decken und 4 Schl\u00e4uche wurden 196,-RM bezahlt, und dazu Wurst und Schinken f\u00fcr die Arbeiter. Ohne diese sogenannten ( Fettwaren ) gab es in der damaligen schlechten Zeit nichts zu Erwerben.<\/p>\n\n\n\n<figure class=\"wp-block-image size-large\"><img loading=\"lazy\" decoding=\"async\" width=\"2028\" height=\"1394\" src=\"https:\/\/ff-sghoya.de\/wp-content\/uploads\/2021\/04\/Bild10.jpg\" alt=\"\" class=\"wp-image-4232\" srcset=\"https:\/\/ff-sghoya.de\/wp-content\/uploads\/2021\/04\/Bild10.jpg 2028w, https:\/\/ff-sghoya.de\/wp-content\/uploads\/2021\/04\/Bild10-768x528.jpg 768w, https:\/\/ff-sghoya.de\/wp-content\/uploads\/2021\/04\/Bild10-1536x1056.jpg 1536w, https:\/\/ff-sghoya.de\/wp-content\/uploads\/2021\/04\/Bild10-130x90.jpg 130w\" sizes=\"auto, (max-width: 2028px) 100vw, 2028px\" \/><\/figure>\n\n\n\n<figure class=\"wp-block-image size-large\"><img loading=\"lazy\" decoding=\"async\" width=\"1480\" height=\"2109\" src=\"https:\/\/ff-sghoya.de\/wp-content\/uploads\/2021\/04\/Bild11.jpg\" alt=\"\" class=\"wp-image-4233\" srcset=\"https:\/\/ff-sghoya.de\/wp-content\/uploads\/2021\/04\/Bild11.jpg 1480w, https:\/\/ff-sghoya.de\/wp-content\/uploads\/2021\/04\/Bild11-768x1094.jpg 768w, https:\/\/ff-sghoya.de\/wp-content\/uploads\/2021\/04\/Bild11-1078x1536.jpg 1078w, https:\/\/ff-sghoya.de\/wp-content\/uploads\/2021\/04\/Bild11-1437x2048.jpg 1437w\" sizes=\"auto, (max-width: 1480px) 100vw, 1480px\" \/><figcaption><br>Bericht aus der Festschrift 100 Jahre FF B\u00fccken<\/figcaption><\/figure>\n\n\n\n<figure class=\"wp-block-image size-large\"><img loading=\"lazy\" decoding=\"async\" width=\"2091\" height=\"1459\" src=\"https:\/\/ff-sghoya.de\/wp-content\/uploads\/2021\/04\/Bild12.jpg\" alt=\"\" class=\"wp-image-4234\" srcset=\"https:\/\/ff-sghoya.de\/wp-content\/uploads\/2021\/04\/Bild12.jpg 2091w, https:\/\/ff-sghoya.de\/wp-content\/uploads\/2021\/04\/Bild12-768x536.jpg 768w, https:\/\/ff-sghoya.de\/wp-content\/uploads\/2021\/04\/Bild12-1536x1072.jpg 1536w, https:\/\/ff-sghoya.de\/wp-content\/uploads\/2021\/04\/Bild12-2048x1429.jpg 2048w, https:\/\/ff-sghoya.de\/wp-content\/uploads\/2021\/04\/Bild12-130x90.jpg 130w\" sizes=\"auto, (max-width: 2091px) 100vw, 2091px\" \/><\/figure>\n\n\n\n<figure class=\"wp-block-image size-large\"><img loading=\"lazy\" decoding=\"async\" width=\"1491\" height=\"1119\" src=\"https:\/\/ff-sghoya.de\/wp-content\/uploads\/2021\/04\/Bild13.jpg\" alt=\"\" class=\"wp-image-4235\" srcset=\"https:\/\/ff-sghoya.de\/wp-content\/uploads\/2021\/04\/Bild13.jpg 1491w, https:\/\/ff-sghoya.de\/wp-content\/uploads\/2021\/04\/Bild13-768x576.jpg 768w\" sizes=\"auto, (max-width: 1491px) 100vw, 1491px\" \/><\/figure>\n","protected":false},"excerpt":{"rendered":"<p>Aus den Unterlagen des Flecken B\u00fccken ( Archiv ) ist zu entnehmen das der Flecken B\u00fccken im Jahr 1780 die<\/p>\n","protected":false},"author":6,"featured_media":0,"parent":0,"menu_order":0,"comment_status":"closed","ping_status":"closed","template":"","meta":{"colormag_page_container_layout":"default_layout","colormag_page_sidebar_layout":"default_layout","footnotes":""},"class_list":["post-3800","page","type-page","status-publish","hentry"],"_links":{"self":[{"href":"https:\/\/ff-sghoya.de\/index.php?rest_route=\/wp\/v2\/pages\/3800","targetHints":{"allow":["GET"]}}],"collection":[{"href":"https:\/\/ff-sghoya.de\/index.php?rest_route=\/wp\/v2\/pages"}],"about":[{"href":"https:\/\/ff-sghoya.de\/index.php?rest_route=\/wp\/v2\/types\/page"}],"author":[{"embeddable":true,"href":"https:\/\/ff-sghoya.de\/index.php?rest_route=\/wp\/v2\/users\/6"}],"replies":[{"embeddable":true,"href":"https:\/\/ff-sghoya.de\/index.php?rest_route=%2Fwp%2Fv2%2Fcomments&post=3800"}],"version-history":[{"count":6,"href":"https:\/\/ff-sghoya.de\/index.php?rest_route=\/wp\/v2\/pages\/3800\/revisions"}],"predecessor-version":[{"id":4236,"href":"https:\/\/ff-sghoya.de\/index.php?rest_route=\/wp\/v2\/pages\/3800\/revisions\/4236"}],"wp:attachment":[{"href":"https:\/\/ff-sghoya.de\/index.php?rest_route=%2Fwp%2Fv2%2Fmedia&parent=3800"}],"curies":[{"name":"wp","href":"https:\/\/api.w.org\/{rel}","templated":true}]}}