{"id":38,"date":"2016-06-09T11:21:34","date_gmt":"2016-06-09T09:21:34","guid":{"rendered":"http:\/\/91.56.127.35\/?page_id=38"},"modified":"2016-06-09T11:21:34","modified_gmt":"2016-06-09T09:21:34","slug":"verhalten-im-brandfall","status":"publish","type":"page","link":"https:\/\/ff-sghoya.de\/?page_id=38","title":{"rendered":"Verhalten im Brandfall"},"content":{"rendered":"<h3><strong>Was Sie \u00fcber einen Brand wissen sollten<\/strong><\/h3>\n<p>Viele sind der Meinung, bei einem Wohnungsbrand automatisch aufzuwachen. Was die wenigsten wissen &#8211; die bei einem Haushaltsbrand entstehenden Rauchgase bestehen zu gro\u00dfen Teilen aus geruchslosem Kohlenmonoxid, das einschl\u00e4fernd wirkt und bewusstlos macht.<\/p>\n<p>Die Gefahr ist weniger das Feuer als der hochgiftige und sehr dichte Rauch! Man hat also kaum Chancen, dem Rauch zu entfliehen. Werden Sie z.B. durch ein Haustier geweckt und aufmerksam gemacht, so verbleibt Ihnen nur eine sehr geringe Reaktionszeit, um von den giftigen Gasen nicht bewegungsunf\u00e4hig zu werden.<\/p>\n<p>Ebenso ist eine Orientierung in dem tiefschwarzen Rauch sehr, sehr schwierig. So wird auch die sonst so vertraute Umgebung im Nu zu \u201dNiemandsland\u201d.<\/p>\n<p>Die meisten Brandopfer sind nachts zu beklagen, obwohl sich rund 65% der Br\u00e4nde tags\u00fcber ereignen.<\/p>\n<h3>Informieren Sie sich,<\/h3>\n<ul>\n<li>wie Sie Ihre Wohnung oder Ihren Arbeitsplatz auf dem schnellsten Wege verlassen k\u00f6nnen. (am besten \u00fcber Treppen, denn diese sind meist sichere Rettungswege, die ins Freie f\u00fchren).<\/li>\n<li>wo sich das n\u00e4chste Telefon oder ein Notrufmelder befindet.<\/li>\n<li>wo sich Feuerl\u00f6scher befinden und wie sie bedient werden.<\/li>\n<li>\u00fcber Rauchmelder f\u00fcr den Privathaushalt, die Sie auch im Schlaf vor dem gef\u00e4hrlichen Brandrauch\u00a0warnen<\/li>\n<\/ul>\n<p>Achten Sie darauf,<\/p>\n<ul>\n<li>dass Fluchtwege, wie T\u00fcren und Treppen, nicht durch abgestellte Gegenst\u00e4nde versperrt werden<\/li>\n<li>dass eventuell vorhandene T\u00fcren in den Fluchtwegen immer geschlossen, aber nie verschlossen sind.<\/li>\n<li>dass Sie ihr Auto nicht vor oder auf Hydranten und An- bzw. Zufahrten der Feuerwehr parken.<\/li>\n<li>dass Kinder nicht mit Gegenst\u00e4nden spielen, die einen Brand ausl\u00f6sen k\u00f6nnen<\/li>\n<\/ul>\n<h3>Wenn ein Brand ausgebrochen ist<\/h3>\n<h4>Verhalten bis zum Eintreffen der Feuerwehr<\/h4>\n<ul>\n<li>Verst\u00e4ndigen Sie gef\u00e4hrdete Personen und bringen Sie diese, wenn n\u00f6tig und m\u00f6glich in Sicherheit.<\/li>\n<li>Auf keinen Fall Aufz\u00fcge benutzen. Aufz\u00fcge sind bei Br\u00e4nden Todesfallen !!!<\/li>\n<li>Versuchen Sie den Brand mit vorhandenen L\u00f6schger\u00e4ten zu bek\u00e4mpfen, aber nur, wenn\u00a0 keine\u00a0 Gefahr f\u00fcr das eigene Leben besteht.<\/li>\n<li>Entfernen Sie brennbare Gegenst\u00e4nde aus der N\u00e4he des Brandherdes.<\/li>\n<li>Halten Sie T\u00fcren und Fenster geschlossen, damit sich Rauch und Feuer nicht ausbreiten.<\/li>\n<li>Halten Sie Schl\u00fcssel s\u00e4mtlicher R\u00e4ume f\u00fcr die Feuerwehr bereit.<\/li>\n<li>Gehen Sie niemals zur\u00fcck ins brennende Haus &#8211; Hilfe erfahren Sie durch die professionellen Hilfskr\u00e4fte der Feuerwehr !<\/li>\n<li>Geben Sie dem Einsatzleiter der Feuerwehr Auskunft \u00fcber die Lage des Brandes und \u00fcber vermisste\u00a0oder gef\u00e4hrdete Personen.<\/li>\n<\/ul>\n","protected":false},"excerpt":{"rendered":"<p>Was Sie \u00fcber einen Brand wissen sollten Viele sind der Meinung, bei einem Wohnungsbrand automatisch aufzuwachen. Was die wenigsten wissen<\/p>\n","protected":false},"author":1,"featured_media":0,"parent":0,"menu_order":0,"comment_status":"closed","ping_status":"closed","template":"","meta":{"colormag_page_container_layout":"default_layout","colormag_page_sidebar_layout":"default_layout","footnotes":""},"class_list":["post-38","page","type-page","status-publish","hentry"],"_links":{"self":[{"href":"https:\/\/ff-sghoya.de\/index.php?rest_route=\/wp\/v2\/pages\/38","targetHints":{"allow":["GET"]}}],"collection":[{"href":"https:\/\/ff-sghoya.de\/index.php?rest_route=\/wp\/v2\/pages"}],"about":[{"href":"https:\/\/ff-sghoya.de\/index.php?rest_route=\/wp\/v2\/types\/page"}],"author":[{"embeddable":true,"href":"https:\/\/ff-sghoya.de\/index.php?rest_route=\/wp\/v2\/users\/1"}],"replies":[{"embeddable":true,"href":"https:\/\/ff-sghoya.de\/index.php?rest_route=%2Fwp%2Fv2%2Fcomments&post=38"}],"version-history":[{"count":0,"href":"https:\/\/ff-sghoya.de\/index.php?rest_route=\/wp\/v2\/pages\/38\/revisions"}],"wp:attachment":[{"href":"https:\/\/ff-sghoya.de\/index.php?rest_route=%2Fwp%2Fv2%2Fmedia&parent=38"}],"curies":[{"name":"wp","href":"https:\/\/api.w.org\/{rel}","templated":true}]}}