{"id":3798,"date":"2020-09-28T06:38:39","date_gmt":"2020-09-28T04:38:39","guid":{"rendered":"http:\/\/ff-sghoya.de\/?page_id=3798"},"modified":"2024-10-22T19:41:55","modified_gmt":"2024-10-22T17:41:55","slug":"sonstige-fahrzeuge","status":"publish","type":"page","link":"https:\/\/ff-sghoya.de\/?page_id=3798","title":{"rendered":"Sonstige Fahrzeuge"},"content":{"rendered":"\n<p><\/p>\n\n\n\n<p><\/p>\n\n\n\n<p><a href=\"https:\/\/ff-sghoya.de\/?page_id=3798&amp;page=2\" data-type=\"URL\" data-id=\"https:\/\/ff-sghoya.de\/?page_id=3798&amp;page=2\">Anh\u00e4nge-Leiter<\/a><\/p>\n\n\n\n<p><a href=\"https:\/\/ff-sghoya.de\/?page_id=3798&amp;page=3\" data-type=\"URL\" data-id=\"https:\/\/ff-sghoya.de\/?page_id=3798&amp;page=3\">Anh\u00e4nger Logistik<\/a><\/p>\n\n\n\n<p><a href=\"https:\/\/ff-sghoya.de\/?page_id=3798&amp;page=4\" data-type=\"URL\" data-id=\"https:\/\/ff-sghoya.de\/?page_id=3798&amp;page=4\">Anh\u00e4nger TSA<\/a><\/p>\n\n\n\n<p><\/p>\n\n\n\n<!--nextpage-->\n\n\n\n<h2 class=\"wp-block-heading\">Anh\u00e4nge-Leiter<\/h2>\n\n\n\n<figure class=\"wp-block-image size-large is-resized\"><img loading=\"lazy\" decoding=\"async\" width=\"2560\" height=\"1920\" src=\"https:\/\/ff-sghoya.de\/wp-content\/uploads\/2021\/04\/AL-scaled.jpg\" alt=\"\" class=\"wp-image-4208\" style=\"width:1058px;height:793px\" srcset=\"https:\/\/ff-sghoya.de\/wp-content\/uploads\/2021\/04\/AL-scaled.jpg 2560w, https:\/\/ff-sghoya.de\/wp-content\/uploads\/2021\/04\/AL-768x576.jpg 768w, https:\/\/ff-sghoya.de\/wp-content\/uploads\/2021\/04\/AL-1536x1152.jpg 1536w, https:\/\/ff-sghoya.de\/wp-content\/uploads\/2021\/04\/AL-2048x1536.jpg 2048w\" sizes=\"auto, (max-width: 2560px) 100vw, 2560px\" \/><\/figure>\n\n\n\n<p><strong>Fahrgestell:&nbsp;<\/strong>Haca\u202f&nbsp;&nbsp;<\/p>\n\n\n\n<p><strong>Aufbau:<\/strong>&nbsp;<\/p>\n\n\n\n<p><strong>Baujahr:<\/strong>&nbsp;1978&nbsp;&nbsp;<\/p>\n\n\n\n<p><strong>Besatzung:<\/strong>&nbsp;<br>\u202f&nbsp;&nbsp;<br>\u202f&nbsp;&nbsp;<br>\u202f&nbsp;&nbsp;<br>\u202f&nbsp;&nbsp;<\/p>\n\n\n\n<p><strong>Aufgabe:<\/strong>&nbsp;<br>Retten, L\u00f6schen, Bergen aus\/in H\u00f6he&nbsp;&nbsp;<\/p>\n\n\n\n<p><strong>Beladung:<\/strong>&nbsp;Druckbegrenzungsventil, C &#8211; Schl\u00e4uche, Strahlrohr, Schlauchhalter&nbsp;<\/p>\n\n\n\n<!--nextpage-->\n\n\n\n<h2 class=\"wp-block-heading\">Anh\u00e4nger Logistik<\/h2>\n\n\n\n<figure class=\"wp-block-image size-large\"><img loading=\"lazy\" decoding=\"async\" width=\"1386\" height=\"1040\" src=\"https:\/\/ff-sghoya.de\/wp-content\/uploads\/2021\/04\/Bild1.jpg\" alt=\"\" class=\"wp-image-4210\" srcset=\"https:\/\/ff-sghoya.de\/wp-content\/uploads\/2021\/04\/Bild1.jpg 1386w, https:\/\/ff-sghoya.de\/wp-content\/uploads\/2021\/04\/Bild1-768x576.jpg 768w\" sizes=\"auto, (max-width: 1386px) 100vw, 1386px\" \/><\/figure>\n\n\n\n<!--nextpage-->\n\n\n\n<h2 class=\"wp-block-heading\">Anh\u00e4nger TSA<\/h2>\n\n\n\n<p><strong>Fahrgestell<\/strong>: <\/p>\n\n\n\n<p><strong>Aufbau:<\/strong>\u202f\u202f&nbsp;&nbsp;<\/p>\n\n\n\n<p><strong>Baujahr:<\/strong>\u202f\u202f 1966&nbsp;&nbsp;<\/p>\n\n\n\n<p><strong>Besatzung:<\/strong>\u202f\u202f&nbsp;&nbsp;<br>\u202f&nbsp;&nbsp;<br>\u202f&nbsp;&nbsp;<br>\u202f&nbsp;&nbsp;<br>\u202f&nbsp;<\/p>\n\n\n\n<p><strong>Aufgabe:<\/strong>&nbsp;<br>Dient zur Ausbildung der Jugendfeuerwehr. Der TSA wurde von der Jugendfeuerwehr in Eigenleistung wieder einsatzbereit hergestellt. (Bj&nbsp;1966). Der TSA k\u00f6nnte bei&nbsp;Paralelleins\u00e4tzen&nbsp;hinter dem Ger\u00e4tewagen zum Einsatz kommen.&nbsp;<\/p>\n\n\n\n<p><strong>Beladung:<\/strong>&nbsp;<br>Schlauchmaterial (120&nbsp;mtr. C &#8211; Schlauch und 100&nbsp;mtr. B &#8211; Schlauch.,&nbsp;Strahrohre, Pulverl\u00f6scher, K\u00fcbelspritze, Warnkegel, Tragkraftspritze von 1963 Saugschl\u00e4uche usw.&nbsp;<\/p>\n","protected":false},"excerpt":{"rendered":"<p>Anh\u00e4nge-Leiter Anh\u00e4nger Logistik Anh\u00e4nger TSA<\/p>\n","protected":false},"author":6,"featured_media":0,"parent":0,"menu_order":0,"comment_status":"closed","ping_status":"closed","template":"","meta":{"colormag_page_container_layout":"default_layout","colormag_page_sidebar_layout":"default_layout","footnotes":""},"class_list":["post-3798","page","type-page","status-publish","hentry"],"_links":{"self":[{"href":"https:\/\/ff-sghoya.de\/index.php?rest_route=\/wp\/v2\/pages\/3798","targetHints":{"allow":["GET"]}}],"collection":[{"href":"https:\/\/ff-sghoya.de\/index.php?rest_route=\/wp\/v2\/pages"}],"about":[{"href":"https:\/\/ff-sghoya.de\/index.php?rest_route=\/wp\/v2\/types\/page"}],"author":[{"embeddable":true,"href":"https:\/\/ff-sghoya.de\/index.php?rest_route=\/wp\/v2\/users\/6"}],"replies":[{"embeddable":true,"href":"https:\/\/ff-sghoya.de\/index.php?rest_route=%2Fwp%2Fv2%2Fcomments&post=3798"}],"version-history":[{"count":7,"href":"https:\/\/ff-sghoya.de\/index.php?rest_route=\/wp\/v2\/pages\/3798\/revisions"}],"predecessor-version":[{"id":6386,"href":"https:\/\/ff-sghoya.de\/index.php?rest_route=\/wp\/v2\/pages\/3798\/revisions\/6386"}],"wp:attachment":[{"href":"https:\/\/ff-sghoya.de\/index.php?rest_route=%2Fwp%2Fv2%2Fmedia&parent=3798"}],"curies":[{"name":"wp","href":"https:\/\/api.w.org\/{rel}","templated":true}]}}