{"id":379,"date":"2016-06-15T14:28:41","date_gmt":"2016-06-15T12:28:41","guid":{"rendered":"http:\/\/ffwhassel.bplaced.net\/?page_id=379"},"modified":"2016-06-15T14:28:41","modified_gmt":"2016-06-15T12:28:41","slug":"rauchmelder-sind-lebensretter","status":"publish","type":"page","link":"https:\/\/ff-sghoya.de\/?page_id=379","title":{"rendered":"Rauchmelder sind Lebensretter"},"content":{"rendered":"<p><b>Jeden Monat verungl\u00fccken 50 Menschen t\u00f6dlich durch Br\u00e4nde, die meisten davon in den eigenen vier W\u00e4nden. Die Mehrheit stirbt an einer Rauchvergiftung. Zwei Drittel aller Brandopfer werden nachts im Schlaf \u00fcberrascht.<\/b><\/p>\n<p>Die j\u00e4hrlichen Folgen in Deutschland: 600 Brandtote, 6.000 Brandverletzte mit Langzeitsch\u00e4den und \u00fcber eine Mrd. Euro Brandsch\u00e4den im Privatbereich. In einigen Bundesl\u00e4ndern ist daher die Installation von Rauchmeldern bereits gesetzlich vorgeschrieben. Ursache f\u00fcr die etwa 200.000 Br\u00e4nde im Jahr ist aber im Gegensatz zur landl\u00e4ufigen Meinung nicht nur Fahrl\u00e4ssigkeit: Sehr oft l\u00f6sen technische Defekte Br\u00e4nde aus, die ohne vorsorgende Ma\u00dfnahmen wie Rauchmelder zur Katastrophe f\u00fchren. Vor allem nachts werden Br\u00e4nde in Privathaushalten zur t\u00f6dlichen Gefahr, wenn alle schlafen, denn im Schlaf riecht der Mensch nichts. T\u00f6dlich ist bei einem Brand in der Regel nicht das Feuer, sondern der Rauch. Bereits drei Atemz\u00fcge hochgiftigen Brandrauchs k\u00f6nnen t\u00f6dlich sein, die Opfer werden im Schlaf bewusstlos und ersticken dann. Da bereits das Einatmen einer Lungenf\u00fcllung mit Brandrauch t\u00f6dlich sein kann, ist ein\u00a0 Rauchmelder der beste Lebensretter in Ihrer Wohnung. Der laute Alarm des Rauchmelders warnt Sie auch im Schlaf rechtzeitig vor der Brandgefahr und gibt Ihnen den n\u00f6tigen Vorsprung, sich und Ihre Familie in Sicherheit zu bringen und die Feuerwehr zu alarmieren.<\/p>\n<p>Zigarettenrauch l\u00f6st \u00fcbrigens bei qualitativ hochwertigen Rauchmeldern keinen Alarm aus, solange die Zigarette nicht direkt unter den Rauchmelder gehalten wird.<\/p>\n<p><img loading=\"lazy\" decoding=\"async\" class=\"aligncenter wp-image-380 size-full\" src=\"http:\/\/ff-sghoya.de\/wp-content\/uploads\/2016\/06\/rm_01.jpg\" alt=\"rm_01\" width=\"241\" height=\"178\" \/><\/p>\n<p>Achten Sie beim Kauf von Rauchmeldern auf die Qualit\u00e4t! Kaufen Sie nur Ger\u00e4te, die VdS-gepr\u00fcft sind und internationalen Normen entsprechen. Nur diese gew\u00e4hrleisten, rechtzeitig auf Gefahren zu reagieren. Wenden Sie sich an den Elektro- und Sicherheitsfachhandel und lassen Sie sich beraten.<\/p>\n<p>&nbsp;<\/p>\n<figure id=\"attachment_386\" aria-describedby=\"caption-attachment-386\" style=\"width: 300px\" class=\"wp-caption alignleft\"><img loading=\"lazy\" decoding=\"async\" class=\"wp-image-386 size-medium\" src=\"http:\/\/ff-sghoya.de\/wp-content\/uploads\/2016\/06\/rauchmelder2-300x237.jpg\" alt=\"Installieren Sie den Rauchmelder gem\u00e4\u00df Bedienungsanleitung des Herstellers. Ein Rauchmelder, hilft Rauch fr\u00fchzeitig zu erkennen und Leben zu retten.\" width=\"300\" height=\"237\" srcset=\"https:\/\/ff-sghoya.de\/wp-content\/uploads\/2016\/06\/rauchmelder2-300x237.jpg 300w, https:\/\/ff-sghoya.de\/wp-content\/uploads\/2016\/06\/rauchmelder2.jpg 750w\" sizes=\"auto, (max-width: 300px) 100vw, 300px\" \/><figcaption id=\"caption-attachment-386\" class=\"wp-caption-text\">Installieren Sie den Rauchmelder gem\u00e4\u00df Bedienungsanleitung des Herstellers. Ein Rauchmelder, hilft Rauch fr\u00fchzeitig zu erkennen und Leben zu retten.<\/figcaption><\/figure>\n<p><b>Installation\u00a0<\/b><\/p>\n<p><b>Rauchmelder lassen sich auch ohne handwerkliches Geschick mit wenigen, dem Ger\u00e4t beiliegenden Schrauben und D\u00fcbeln montieren.Damit Sie von Ihren Rauchmeldern optimalen Schutz erwarten k\u00f6nnen, m\u00fcssen Sie bei der Installation folgendes beachten: <\/b><\/p>\n<ul>\n<li>Befestigen Sie Rauchmelder immer an der Zimmerdecke, da der Rauch nach oben steigt<\/li>\n<li>an der Decke in der Raummitte bzw. mindestens 50 cm von W\u00e4nden entfernt<\/li>\n<li>immer in waagerechter Position (auch bei Dachschr\u00e4gen)<\/li>\n<li>nicht in der N\u00e4he von Luftsch\u00e4chten und nicht in starker Zugluft<\/li>\n<li>nicht in der Dachspitze (wenigstens 30 bis 50 cm darunter)<\/li>\n<li>nicht in R\u00e4umen, in denen normalerweise starker Dampf, Staub oder Rauch entsteht<\/li>\n<\/ul>\n<p>&nbsp;<\/p>\n<p>Batteriebetriebene Rauchmelder k\u00f6nnen nur ausreichend Schutz liefern, wenn sie mit funktionsf\u00e4higen Batterien best\u00fcckt sind. Ger\u00e4te, die der Norm DIN 14604 entsprechen, geben \u00fcber einen Signalton zu erkennen, wenn ein Batteriewechsel bevorsteht. Sie sollten jedoch regelm\u00e4\u00dfig (ca. einmal im Monat) mit dem Testknopf die Funktionsf\u00e4higkeit des Ger\u00e4tes \u00fcberpr\u00fcfen.<\/p>\n<p><strong>Mehr unter: <a href=\"http:\/\/rauchmelder-lebensretter.de\/\">Rauchmelder retten Leben<\/a><\/strong><\/p>\n","protected":false},"excerpt":{"rendered":"<p>Jeden Monat verungl\u00fccken 50 Menschen t\u00f6dlich durch Br\u00e4nde, die meisten davon in den eigenen vier W\u00e4nden. Die Mehrheit stirbt an<\/p>\n","protected":false},"author":1,"featured_media":0,"parent":0,"menu_order":0,"comment_status":"closed","ping_status":"closed","template":"","meta":{"colormag_page_container_layout":"default_layout","colormag_page_sidebar_layout":"default_layout","footnotes":""},"class_list":["post-379","page","type-page","status-publish","hentry"],"_links":{"self":[{"href":"https:\/\/ff-sghoya.de\/index.php?rest_route=\/wp\/v2\/pages\/379","targetHints":{"allow":["GET"]}}],"collection":[{"href":"https:\/\/ff-sghoya.de\/index.php?rest_route=\/wp\/v2\/pages"}],"about":[{"href":"https:\/\/ff-sghoya.de\/index.php?rest_route=\/wp\/v2\/types\/page"}],"author":[{"embeddable":true,"href":"https:\/\/ff-sghoya.de\/index.php?rest_route=\/wp\/v2\/users\/1"}],"replies":[{"embeddable":true,"href":"https:\/\/ff-sghoya.de\/index.php?rest_route=%2Fwp%2Fv2%2Fcomments&post=379"}],"version-history":[{"count":0,"href":"https:\/\/ff-sghoya.de\/index.php?rest_route=\/wp\/v2\/pages\/379\/revisions"}],"wp:attachment":[{"href":"https:\/\/ff-sghoya.de\/index.php?rest_route=%2Fwp%2Fv2%2Fmedia&parent=379"}],"curies":[{"name":"wp","href":"https:\/\/api.w.org\/{rel}","templated":true}]}}