{"id":3771,"date":"2020-06-04T17:22:03","date_gmt":"2020-06-04T15:22:03","guid":{"rendered":"http:\/\/ff-sghoya.de\/?page_id=3771"},"modified":"2024-12-09T20:21:28","modified_gmt":"2024-12-09T19:21:28","slug":"buecken","status":"publish","type":"page","link":"https:\/\/ff-sghoya.de\/?page_id=3771","title":{"rendered":"Ortsfeuerwehr B\u00fccken"},"content":{"rendered":"\n<p><strong>Die Ortsfeuerwehr B\u00fccken stellt sich vor<\/strong>&nbsp;<\/p>\n\n\n\n<div class=\"wp-block-group is-layout-grid wp-container-core-group-is-layout-478b6e6b wp-block-group-is-layout-grid\">\n<p><a href=\"https:\/\/ff-sghoya.de\/?cat=53\">Eins\u00e4tze<\/a><\/p>\n\n\n\n<p><a href=\"https:\/\/ff-sghoya.de\/?page_id=3771&amp;page=2\">Wappen<\/a><\/p>\n\n\n\n<p><a href=\"https:\/\/ff-sghoya.de\/?page_id=3771&amp;page=3\">Ortsbrandmeister und Stellvertreter<\/a><\/p>\n\n\n\n<p><a href=\"https:\/\/ff-sghoya.de\/?page_id=3771&amp;page=4\">Kontakt<\/a><\/p>\n\n\n\n<p><a href=\"https:\/\/ff-sghoya.de\/?page_id=6423\" data-type=\"link\" data-id=\"https:\/\/ff-sghoya.de\/?page_id=6423\">B\u00fccken<\/a><\/p>\n<\/div>\n\n\n\n<figure class=\"wp-block-image aligncenter size-full is-resized\"><img loading=\"lazy\" decoding=\"async\" width=\"2560\" height=\"1440\" src=\"https:\/\/ff-sghoya.de\/wp-content\/uploads\/2024\/11\/IMG_1869-edited-scaled.jpg\" alt=\"\" class=\"wp-image-6428\" style=\"width:993px;height:auto\" srcset=\"https:\/\/ff-sghoya.de\/wp-content\/uploads\/2024\/11\/IMG_1869-edited-scaled.jpg 2560w, https:\/\/ff-sghoya.de\/wp-content\/uploads\/2024\/11\/IMG_1869-edited-768x432.jpg 768w, https:\/\/ff-sghoya.de\/wp-content\/uploads\/2024\/11\/IMG_1869-edited-1536x864.jpg 1536w, https:\/\/ff-sghoya.de\/wp-content\/uploads\/2024\/11\/IMG_1869-edited-2048x1152.jpg 2048w\" sizes=\"auto, (max-width: 2560px) 100vw, 2560px\" \/><\/figure>\n\n\n\n<p><\/p>\n\n\n\n<p>Die Freiwillige Feuerwehr B\u00fccken, gegr\u00fcndet im Jahr 1877, bew\u00e4ltigt j\u00e4hrlich etwa 30 bis 50 Eins\u00e4tze. Als St\u00fctzpunktfeuerwehr deckt sie nicht nur den Flecken B\u00fccken ab, sondern unterst\u00fctzt auch die Gemeinden Schweringen und Warpe. Im Rahmen der nachbarschaftlichen L\u00f6schhilfe und Hilfeleistung ist die Feuerwehr B\u00fccken dar\u00fcber hinaus in der gesamten Samtgemeinde Grafschaft Hoya, im Landkreis Nienburg und im angrenzenden Landkreis Diepholz im Einsatz. Seit die ehemals eigenst\u00e4ndige Ortsfeuerwehr Duddenhausen am 1. Januar 2023 als L\u00f6schgruppe angegliedert wurde, verf\u00fcgt die Feuerwehr B\u00fccken neben dem Feuerwehrhaus in der Marktstra\u00dfe auch \u00fcber einen weiteren Standort in Duddenhausen.<\/p>\n\n\n\n<p>Die Feuerwehr B\u00fccken \u00fcbernimmt, neben der klassischen Brandbek\u00e4mpfung, auch weitere Sonderaufgaben:<\/p>\n\n\n\n<ul class=\"wp-block-list\">\n<li>Einsatzleitung Ort (ELO)<\/li>\n\n\n\n<li>Technische Hilfeleistung gr\u00f6\u00dferen Umfangs<\/li>\n\n\n\n<li>Gefahrgutgruppe<\/li>\n<\/ul>\n\n\n\n<p>Im Rahmen ihrer Aufgaben als Teil des Zugs 1 \u2013 Nord der Kreisfeuerwehrbereitschaft Umwelt wird die Feuerwehr B\u00fccken auch zu Gefahrguteins\u00e4tzen im gesamten Landkreis Nienburg alarmiert.<\/p>\n\n\n\n<p>Die Feuerwehr B\u00fccken gliedert sich in mehrere Abteilungen:<\/p>\n\n\n\n<ul class=\"wp-block-list\">\n<li>Aktive Einsatzkr\u00e4fte<\/li>\n\n\n\n<li>Kinderfeuerwehr<\/li>\n\n\n\n<li>Jugendfeuerwehr<\/li>\n\n\n\n<li>Altersabteilung<\/li>\n<\/ul>\n\n\n\n<p>Zus\u00e4tzlich sind Mitglieder der Feuerwehr B\u00fccken in der Bootsgruppe der Samtgemeinden Grafschaft Hoya und Weser-Aue aktiv, unterst\u00fctzen die Kreisausbildung und den Versorgungszug der Kreisfeuerwehr.<\/p>\n\n\n\n<figure class=\"wp-block-gallery has-nested-images columns-default is-cropped wp-block-gallery-1 is-layout-flex wp-block-gallery-is-layout-flex\">\n<figure class=\"wp-block-image size-large\"><img loading=\"lazy\" decoding=\"async\" width=\"2560\" height=\"1707\" data-id=\"6433\" src=\"https:\/\/ff-sghoya.de\/wp-content\/uploads\/2024\/11\/IMG_1779-1-scaled.jpg\" alt=\"\" class=\"wp-image-6433\" srcset=\"https:\/\/ff-sghoya.de\/wp-content\/uploads\/2024\/11\/IMG_1779-1-scaled.jpg 2560w, https:\/\/ff-sghoya.de\/wp-content\/uploads\/2024\/11\/IMG_1779-1-768x512.jpg 768w, https:\/\/ff-sghoya.de\/wp-content\/uploads\/2024\/11\/IMG_1779-1-1536x1024.jpg 1536w, https:\/\/ff-sghoya.de\/wp-content\/uploads\/2024\/11\/IMG_1779-1-2048x1365.jpg 2048w\" sizes=\"auto, (max-width: 2560px) 100vw, 2560px\" \/><figcaption class=\"wp-element-caption\">LF8<\/figcaption><\/figure>\n\n\n\n<figure class=\"wp-block-image size-full\"><img loading=\"lazy\" decoding=\"async\" width=\"2560\" height=\"1707\" data-id=\"6432\" src=\"https:\/\/ff-sghoya.de\/wp-content\/uploads\/2024\/11\/IMG_1733-scaled.jpg\" alt=\"\" class=\"wp-image-6432\" srcset=\"https:\/\/ff-sghoya.de\/wp-content\/uploads\/2024\/11\/IMG_1733-scaled.jpg 2560w, https:\/\/ff-sghoya.de\/wp-content\/uploads\/2024\/11\/IMG_1733-768x512.jpg 768w, https:\/\/ff-sghoya.de\/wp-content\/uploads\/2024\/11\/IMG_1733-1536x1024.jpg 1536w, https:\/\/ff-sghoya.de\/wp-content\/uploads\/2024\/11\/IMG_1733-2048x1365.jpg 2048w\" sizes=\"auto, (max-width: 2560px) 100vw, 2560px\" \/><\/figure>\n\n\n\n<figure class=\"wp-block-image size-large\"><img loading=\"lazy\" decoding=\"async\" width=\"2560\" height=\"1707\" data-id=\"6434\" src=\"https:\/\/ff-sghoya.de\/wp-content\/uploads\/2024\/11\/IMG_1704-scaled.jpg\" alt=\"\" class=\"wp-image-6434\" srcset=\"https:\/\/ff-sghoya.de\/wp-content\/uploads\/2024\/11\/IMG_1704-scaled.jpg 2560w, https:\/\/ff-sghoya.de\/wp-content\/uploads\/2024\/11\/IMG_1704-768x512.jpg 768w, https:\/\/ff-sghoya.de\/wp-content\/uploads\/2024\/11\/IMG_1704-1536x1024.jpg 1536w, https:\/\/ff-sghoya.de\/wp-content\/uploads\/2024\/11\/IMG_1704-2048x1365.jpg 2048w\" sizes=\"auto, (max-width: 2560px) 100vw, 2560px\" \/><figcaption class=\"wp-element-caption\">TLF 16\/24 Tr.<\/figcaption><\/figure>\n\n\n\n<figure class=\"wp-block-image size-large\"><img loading=\"lazy\" decoding=\"async\" width=\"2560\" height=\"1707\" data-id=\"6435\" src=\"https:\/\/ff-sghoya.de\/wp-content\/uploads\/2024\/11\/IMG_1801-scaled.jpg\" alt=\"\" class=\"wp-image-6435\" srcset=\"https:\/\/ff-sghoya.de\/wp-content\/uploads\/2024\/11\/IMG_1801-scaled.jpg 2560w, https:\/\/ff-sghoya.de\/wp-content\/uploads\/2024\/11\/IMG_1801-768x512.jpg 768w, https:\/\/ff-sghoya.de\/wp-content\/uploads\/2024\/11\/IMG_1801-1536x1024.jpg 1536w, https:\/\/ff-sghoya.de\/wp-content\/uploads\/2024\/11\/IMG_1801-2048x1365.jpg 2048w\" sizes=\"auto, (max-width: 2560px) 100vw, 2560px\" \/><figcaption class=\"wp-element-caption\">Einsatzleitwagen<\/figcaption><\/figure>\n\n\n\n<figure class=\"wp-block-image size-large\"><img loading=\"lazy\" decoding=\"async\" width=\"2560\" height=\"1707\" data-id=\"6436\" src=\"https:\/\/ff-sghoya.de\/wp-content\/uploads\/2024\/11\/IMG_1857-scaled.jpg\" alt=\"\" class=\"wp-image-6436\" srcset=\"https:\/\/ff-sghoya.de\/wp-content\/uploads\/2024\/11\/IMG_1857-scaled.jpg 2560w, https:\/\/ff-sghoya.de\/wp-content\/uploads\/2024\/11\/IMG_1857-768x512.jpg 768w, https:\/\/ff-sghoya.de\/wp-content\/uploads\/2024\/11\/IMG_1857-1536x1024.jpg 1536w, https:\/\/ff-sghoya.de\/wp-content\/uploads\/2024\/11\/IMG_1857-2048x1365.jpg 2048w\" sizes=\"auto, (max-width: 2560px) 100vw, 2560px\" \/><figcaption class=\"wp-element-caption\">Gruppenfoto<\/figcaption><\/figure>\n<\/figure>\n\n\n\n<p><\/p>\n\n\n\n<!--nextpage-->\n\n\n\n<h2 class=\"wp-block-heading\">Wappen<\/h2>\n\n\n\n<figure class=\"wp-block-gallery has-nested-images columns-default is-cropped wp-block-gallery-2 is-layout-flex wp-block-gallery-is-layout-flex\">\n<figure class=\"wp-block-image size-large\"><img loading=\"lazy\" decoding=\"async\" width=\"878\" height=\"1092\" data-id=\"4185\" src=\"https:\/\/ff-sghoya.de\/wp-content\/uploads\/2021\/03\/Wappen_FFB_alt.jpg\" alt=\"\" class=\"wp-image-4185\" srcset=\"https:\/\/ff-sghoya.de\/wp-content\/uploads\/2021\/03\/Wappen_FFB_alt.jpg 878w, https:\/\/ff-sghoya.de\/wp-content\/uploads\/2021\/03\/Wappen_FFB_alt-768x955.jpg 768w\" sizes=\"auto, (max-width: 878px) 100vw, 878px\" \/><\/figure>\n\n\n\n<figure class=\"wp-block-image size-large\"><img loading=\"lazy\" decoding=\"async\" width=\"827\" height=\"1037\" data-id=\"4186\" src=\"https:\/\/ff-sghoya.de\/wp-content\/uploads\/2021\/03\/Wappen_FFB.jpg\" alt=\"\" class=\"wp-image-4186\" srcset=\"https:\/\/ff-sghoya.de\/wp-content\/uploads\/2021\/03\/Wappen_FFB.jpg 827w, https:\/\/ff-sghoya.de\/wp-content\/uploads\/2021\/03\/Wappen_FFB-768x963.jpg 768w\" sizes=\"auto, (max-width: 827px) 100vw, 827px\" \/><\/figure>\n<\/figure>\n\n\n\n<p>Das erste Wappen (hellblauer Hintergrund) der Feuerwehr B\u00fccken wurde zum 100j\u00e4hrigen Jubil\u00e4um der Ortsfeuerwehr B\u00fccken eingef\u00fchrt.&nbsp;&nbsp;<br>Anfang der 1980er wurde das Wappen als \u00c4rmelabzeichen \u00fcberarbeitet und mit Genehmigung des Flecken B\u00fcckens getragen. Dieses \u00c4rmelabzeichen enthielt das Wappen des Flecken B\u00fccken mit folgender&nbsp;Symbolik: Die B\u00e4rentatzen weisen auf die ehemalige Herrschaft der Grafen von Hoya hin. Die Wappenfarben Schwarz und Gold sind in Anlehnung an die Wappenfarben der Hoyaer Grafen verwendet worden. Der Bischofsstab soll die Beziehung zur Stiftskirche und zum Erzbistum Bremen herstellen. Die Ausf\u00fchrung des Wappens&nbsp;ist eng an das Fleckensiegel von B\u00fccken aus dem Jahre 1413 angelehnt.&nbsp;<br>Der Schriftzug wies eindeutig auf das Gr\u00fcndungsjahr der Freiwilligen Feuerwehr B\u00fccken hin.&nbsp;<br>&nbsp;<br>Das Wappen der Freiwillige Feuerwehr&nbsp;der Samtgemeinde Grafschaft Hoya wird seit der Fusion&nbsp;Samtgemeinde Grafschaft Hoya mit der Samtgemeinde Eystrup&nbsp;im Jahr 2011 auf der Uniform getragen!&nbsp;<\/p>\n\n\n\n<figure class=\"wp-block-image size-large is-resized\"><img loading=\"lazy\" decoding=\"async\" width=\"1985\" height=\"2560\" src=\"https:\/\/ff-sghoya.de\/wp-content\/uploads\/2021\/03\/Wappen_SG-scaled.jpg\" alt=\"\" class=\"wp-image-4187\" style=\"width:496px;height:640px\" srcset=\"https:\/\/ff-sghoya.de\/wp-content\/uploads\/2021\/03\/Wappen_SG-scaled.jpg 1985w, https:\/\/ff-sghoya.de\/wp-content\/uploads\/2021\/03\/Wappen_SG-768x990.jpg 768w, https:\/\/ff-sghoya.de\/wp-content\/uploads\/2021\/03\/Wappen_SG-1191x1536.jpg 1191w, https:\/\/ff-sghoya.de\/wp-content\/uploads\/2021\/03\/Wappen_SG-1588x2048.jpg 1588w\" sizes=\"auto, (max-width: 1985px) 100vw, 1985px\" \/><\/figure>\n\n\n\n<!--nextpage-->\n\n\n\n<h2 class=\"wp-block-heading\">\u00dcbersicht Ortsbrandmeister und Stellvertreter<\/h2>\n\n\n\n<p>Ortsbrandmeister&nbsp;<\/p>\n\n\n\n<ol class=\"wp-block-list\">\n<li>1877 \u2013 1910 Hauptmann Heinrich Carl&nbsp;<\/li>\n<\/ol>\n\n\n\n<ol start=\"2\" class=\"wp-block-list\">\n<li>1910 \u2013 1914 Ferdinand K\u00f6ster&nbsp;<\/li>\n<\/ol>\n\n\n\n<ol start=\"3\" class=\"wp-block-list\">\n<li>1921 \u2013 1923 Fritz M\u00fcller&nbsp;<\/li>\n<\/ol>\n\n\n\n<ol start=\"4\" class=\"wp-block-list\">\n<li>1914 \u2013 1932 Fritz Siemers (mit Unterbrechung von 1921 \u2013 1923)&nbsp;<\/li>\n<\/ol>\n\n\n\n<ol start=\"5\" class=\"wp-block-list\">\n<li>1934 \u2013 1937 August Lange&nbsp;<\/li>\n<\/ol>\n\n\n\n<ol start=\"6\" class=\"wp-block-list\">\n<li>1937 \u2013 1945 Johann&nbsp;Honsbrok&nbsp;<\/li>\n<\/ol>\n\n\n\n<ol start=\"7\" class=\"wp-block-list\">\n<li>1945 \u2013 1961 August Ottermann&nbsp;<\/li>\n<\/ol>\n\n\n\n<ol start=\"8\" class=\"wp-block-list\">\n<li>1961 \u2013 1968 Willi Homfeld&nbsp;<\/li>\n<\/ol>\n\n\n\n<ol start=\"9\" class=\"wp-block-list\">\n<li>1969 \u2013 1983 Hermann Behrmann&nbsp;<\/li>\n<\/ol>\n\n\n\n<ol start=\"10\" class=\"wp-block-list\">\n<li>1983 \u2013 2016 Wilhelm Schumacher, jun.&nbsp;<\/li>\n<\/ol>\n\n\n\n<ol start=\"11\" class=\"wp-block-list\">\n<li>2017 \u2013 heute Jan Schumacher&nbsp;<\/li>\n<\/ol>\n\n\n\n<p>Stellvertreter&nbsp;<\/p>\n\n\n\n<ol class=\"wp-block-list\">\n<li>1877 \u2013 1901 Heinrich St\u00fcrmer&nbsp;<\/li>\n<\/ol>\n\n\n\n<ol start=\"2\" class=\"wp-block-list\">\n<li>1901 \u2013 1914 Conrad Martens&nbsp;<\/li>\n<\/ol>\n\n\n\n<ol start=\"3\" class=\"wp-block-list\">\n<li>1914 \u2013 1934 Fritz Backhaus&nbsp;<\/li>\n<\/ol>\n\n\n\n<ol start=\"4\" class=\"wp-block-list\">\n<li>1934 \u2013 1937 Johann&nbsp;Honsbrok&nbsp;<\/li>\n<\/ol>\n\n\n\n<ol start=\"5\" class=\"wp-block-list\">\n<li>1937 \u2013 1945 August Ottermann&nbsp;<\/li>\n<\/ol>\n\n\n\n<ol start=\"6\" class=\"wp-block-list\">\n<li>1945 \u2013 1967 Fritz&nbsp;Papenhausen&nbsp;<\/li>\n<\/ol>\n\n\n\n<ol start=\"7\" class=\"wp-block-list\">\n<li>1967&nbsp;\u2013 1969 Hermann Behrmann&nbsp;<\/li>\n<\/ol>\n\n\n\n<ol start=\"8\" class=\"wp-block-list\">\n<li>1969 \u2013 1977 Willi Homfeld&nbsp;<\/li>\n<\/ol>\n\n\n\n<ol start=\"9\" class=\"wp-block-list\">\n<li>1977 \u2013 1998 Herbert Wendhausen, sen.&nbsp;<\/li>\n<\/ol>\n\n\n\n<ol start=\"10\" class=\"wp-block-list\">\n<li>1998 \u2013 2008 Willi B\u00f6decker&nbsp;<\/li>\n<\/ol>\n\n\n\n<ol start=\"11\" class=\"wp-block-list\">\n<li>2008 \u2013 2020 Hermann Stuve&nbsp;<\/li>\n<\/ol>\n\n\n\n<ol start=\"12\" class=\"wp-block-list\">\n<li>2020 \u2013 heute Marc Kottner&nbsp;<\/li>\n<\/ol>\n\n\n\n<!--nextpage-->\n\n\n\n<h2 class=\"wp-block-heading\">Kontakt<\/h2>\n\n\n\n<p>Kontaktieren k\u00f6nnt Ihr uns gerne per E-Mail:<\/p>\n\n\n\n<p><a href=\"mailto:info@feuerwehrbuecken.de\">info@feuerwehrbuecken.de<\/a><\/p>\n\n\n\n<p>Oder per Telefon:<\/p>\n\n\n\n<p>Ortsbrandmeister Jan Schumacher &#8211; 04251-671657<\/p>\n","protected":false},"excerpt":{"rendered":"<p>Die Ortsfeuerwehr B\u00fccken stellt sich vor&nbsp; Eins\u00e4tze Wappen Ortsbrandmeister und Stellvertreter Kontakt B\u00fccken Die Freiwillige Feuerwehr B\u00fccken, gegr\u00fcndet im Jahr<\/p>\n","protected":false},"author":6,"featured_media":0,"parent":0,"menu_order":0,"comment_status":"closed","ping_status":"closed","template":"","meta":{"colormag_page_container_layout":"default_layout","colormag_page_sidebar_layout":"default_layout","footnotes":""},"class_list":["post-3771","page","type-page","status-publish","hentry"],"_links":{"self":[{"href":"https:\/\/ff-sghoya.de\/index.php?rest_route=\/wp\/v2\/pages\/3771","targetHints":{"allow":["GET"]}}],"collection":[{"href":"https:\/\/ff-sghoya.de\/index.php?rest_route=\/wp\/v2\/pages"}],"about":[{"href":"https:\/\/ff-sghoya.de\/index.php?rest_route=\/wp\/v2\/types\/page"}],"author":[{"embeddable":true,"href":"https:\/\/ff-sghoya.de\/index.php?rest_route=\/wp\/v2\/users\/6"}],"replies":[{"embeddable":true,"href":"https:\/\/ff-sghoya.de\/index.php?rest_route=%2Fwp%2Fv2%2Fcomments&post=3771"}],"version-history":[{"count":21,"href":"https:\/\/ff-sghoya.de\/index.php?rest_route=\/wp\/v2\/pages\/3771\/revisions"}],"predecessor-version":[{"id":6475,"href":"https:\/\/ff-sghoya.de\/index.php?rest_route=\/wp\/v2\/pages\/3771\/revisions\/6475"}],"wp:attachment":[{"href":"https:\/\/ff-sghoya.de\/index.php?rest_route=%2Fwp%2Fv2%2Fmedia&parent=3771"}],"curies":[{"name":"wp","href":"https:\/\/api.w.org\/{rel}","templated":true}]}}