{"id":3763,"date":"2020-06-04T17:36:18","date_gmt":"2020-06-04T15:36:18","guid":{"rendered":"http:\/\/ff-sghoya.de\/?page_id=3763"},"modified":"2020-06-04T17:52:17","modified_gmt":"2020-06-04T15:52:17","slug":"fahrzeuge-gebaeude","status":"publish","type":"page","link":"https:\/\/ff-sghoya.de\/?page_id=3763","title":{"rendered":"Fahrzeuge \/ Geb\u00e4ude"},"content":{"rendered":"\n<figure class=\"wp-block-image size-large\"><img loading=\"lazy\" decoding=\"async\" width=\"2560\" height=\"1707\" src=\"https:\/\/ff-sghoya.de\/wp-content\/uploads\/2020\/06\/IMG_0392-scaled.jpg\" alt=\"\" class=\"wp-image-3765\" srcset=\"https:\/\/ff-sghoya.de\/wp-content\/uploads\/2020\/06\/IMG_0392-scaled.jpg 2560w, https:\/\/ff-sghoya.de\/wp-content\/uploads\/2020\/06\/IMG_0392-768x512.jpg 768w, https:\/\/ff-sghoya.de\/wp-content\/uploads\/2020\/06\/IMG_0392-2048x1365.jpg 2048w\" sizes=\"auto, (max-width: 2560px) 100vw, 2560px\" \/><\/figure>\n\n\n\n<p>F\u00fcr die Feuerwehr sind die Fahrzeuge ein unentbehrliches Hilfsmittel, um den Aufgaben im Bereich des Brandschutzes und der Hilfeleistung gerecht zu werden. Sie stellen somit den Schwerpunkt f\u00fcr die feuerwehrtechnische Arbeit da. Sie werden in verschieden fahrzeugtypen eingeteilt: Feuerl\u00f6schfahrzeuge, Hubrettungsfahrzeuge, R\u00fcst- und Ger\u00e4tefahrzeuge, Krankenfahrzeuge der Feuerwehr, Ger\u00e4tefahrzeuge Gefahrgut, Einsatzleitfahrzeuge, Mannschaftstransportfahrzeuge, Nachschubfahrzeuge und sonstige spezielle Fahrzeuge.&nbsp;<\/p>\n\n\n\n<p>Die von uns genutzten Hilfsmittel wollen wir Ihnen auf den folgenden Seiten ein wenig n\u00e4her erkl\u00e4ren.&nbsp;<\/p>\n\n\n\n<figure class=\"wp-block-gallery columns-2 is-cropped wp-block-gallery-1 is-layout-flex wp-block-gallery-is-layout-flex\"><ul class=\"blocks-gallery-grid\"><li class=\"blocks-gallery-item\"><figure><img loading=\"lazy\" decoding=\"async\" width=\"1641\" height=\"1127\" src=\"https:\/\/ff-sghoya.de\/wp-content\/uploads\/2020\/06\/1977_Fuhrpark.jpg\" alt=\"\" data-id=\"3766\" data-full-url=\"https:\/\/ff-sghoya.de\/wp-content\/uploads\/2020\/06\/1977_Fuhrpark.jpg\" data-link=\"https:\/\/ff-sghoya.de\/?attachment_id=3766\" class=\"wp-image-3766\" srcset=\"https:\/\/ff-sghoya.de\/wp-content\/uploads\/2020\/06\/1977_Fuhrpark.jpg 1641w, https:\/\/ff-sghoya.de\/wp-content\/uploads\/2020\/06\/1977_Fuhrpark-768x527.jpg 768w, https:\/\/ff-sghoya.de\/wp-content\/uploads\/2020\/06\/1977_Fuhrpark-1536x1055.jpg 1536w, https:\/\/ff-sghoya.de\/wp-content\/uploads\/2020\/06\/1977_Fuhrpark-130x90.jpg 130w\" sizes=\"auto, (max-width: 1641px) 100vw, 1641px\" \/><\/figure><\/li><li class=\"blocks-gallery-item\"><figure><img loading=\"lazy\" decoding=\"async\" width=\"2560\" height=\"1920\" src=\"https:\/\/ff-sghoya.de\/wp-content\/uploads\/2020\/06\/2007_Fuhrpark-1-scaled.jpg\" alt=\"\" data-id=\"3767\" data-full-url=\"https:\/\/ff-sghoya.de\/wp-content\/uploads\/2020\/06\/2007_Fuhrpark-1-scaled.jpg\" data-link=\"https:\/\/ff-sghoya.de\/?attachment_id=3767\" class=\"wp-image-3767\" srcset=\"https:\/\/ff-sghoya.de\/wp-content\/uploads\/2020\/06\/2007_Fuhrpark-1-scaled.jpg 2560w, https:\/\/ff-sghoya.de\/wp-content\/uploads\/2020\/06\/2007_Fuhrpark-1-1536x1152.jpg 1536w\" sizes=\"auto, (max-width: 2560px) 100vw, 2560px\" \/><\/figure><\/li><\/ul><\/figure>\n\n\n\n<figure class=\"wp-block-gallery columns-2 is-cropped wp-block-gallery-2 is-layout-flex wp-block-gallery-is-layout-flex\"><ul class=\"blocks-gallery-grid\"><li class=\"blocks-gallery-item\"><figure><img loading=\"lazy\" decoding=\"async\" width=\"2560\" height=\"1920\" src=\"https:\/\/ff-sghoya.de\/wp-content\/uploads\/2020\/06\/2GW-2012-scaled.jpg\" alt=\"\" data-id=\"3791\" data-full-url=\"https:\/\/ff-sghoya.de\/wp-content\/uploads\/2020\/06\/2GW-2012-scaled.jpg\" data-link=\"https:\/\/ff-sghoya.de\/?attachment_id=3791\" class=\"wp-image-3791\" srcset=\"https:\/\/ff-sghoya.de\/wp-content\/uploads\/2020\/06\/2GW-2012-scaled.jpg 2560w, https:\/\/ff-sghoya.de\/wp-content\/uploads\/2020\/06\/2GW-2012-1536x1152.jpg 1536w, https:\/\/ff-sghoya.de\/wp-content\/uploads\/2020\/06\/2GW-2012-2048x1536.jpg 2048w\" sizes=\"auto, (max-width: 2560px) 100vw, 2560px\" \/><\/figure><\/li><li class=\"blocks-gallery-item\"><figure><img loading=\"lazy\" decoding=\"async\" width=\"2560\" height=\"1590\" src=\"https:\/\/ff-sghoya.de\/wp-content\/uploads\/2020\/06\/3TLF-2009-scaled.jpg\" alt=\"\" data-id=\"3792\" data-full-url=\"https:\/\/ff-sghoya.de\/wp-content\/uploads\/2020\/06\/3TLF-2009-scaled.jpg\" data-link=\"https:\/\/ff-sghoya.de\/?attachment_id=3792\" class=\"wp-image-3792\" srcset=\"https:\/\/ff-sghoya.de\/wp-content\/uploads\/2020\/06\/3TLF-2009-scaled.jpg 2560w, https:\/\/ff-sghoya.de\/wp-content\/uploads\/2020\/06\/3TLF-2009-768x477.jpg 768w, https:\/\/ff-sghoya.de\/wp-content\/uploads\/2020\/06\/3TLF-2009-1536x954.jpg 1536w, https:\/\/ff-sghoya.de\/wp-content\/uploads\/2020\/06\/3TLF-2009-2048x1272.jpg 2048w\" sizes=\"auto, (max-width: 2560px) 100vw, 2560px\" \/><\/figure><\/li><\/ul><\/figure>\n","protected":false},"excerpt":{"rendered":"<p>F\u00fcr die Feuerwehr sind die Fahrzeuge ein unentbehrliches Hilfsmittel, um den Aufgaben im Bereich des Brandschutzes und der Hilfeleistung gerecht<\/p>\n","protected":false},"author":6,"featured_media":0,"parent":0,"menu_order":0,"comment_status":"closed","ping_status":"closed","template":"","meta":{"colormag_page_container_layout":"default_layout","colormag_page_sidebar_layout":"default_layout","footnotes":""},"class_list":["post-3763","page","type-page","status-publish","hentry"],"_links":{"self":[{"href":"https:\/\/ff-sghoya.de\/index.php?rest_route=\/wp\/v2\/pages\/3763","targetHints":{"allow":["GET"]}}],"collection":[{"href":"https:\/\/ff-sghoya.de\/index.php?rest_route=\/wp\/v2\/pages"}],"about":[{"href":"https:\/\/ff-sghoya.de\/index.php?rest_route=\/wp\/v2\/types\/page"}],"author":[{"embeddable":true,"href":"https:\/\/ff-sghoya.de\/index.php?rest_route=\/wp\/v2\/users\/6"}],"replies":[{"embeddable":true,"href":"https:\/\/ff-sghoya.de\/index.php?rest_route=%2Fwp%2Fv2%2Fcomments&post=3763"}],"version-history":[{"count":3,"href":"https:\/\/ff-sghoya.de\/index.php?rest_route=\/wp\/v2\/pages\/3763\/revisions"}],"predecessor-version":[{"id":3793,"href":"https:\/\/ff-sghoya.de\/index.php?rest_route=\/wp\/v2\/pages\/3763\/revisions\/3793"}],"wp:attachment":[{"href":"https:\/\/ff-sghoya.de\/index.php?rest_route=%2Fwp%2Fv2%2Fmedia&parent=3763"}],"curies":[{"name":"wp","href":"https:\/\/api.w.org\/{rel}","templated":true}]}}