{"id":3757,"date":"2020-06-04T17:36:40","date_gmt":"2020-06-04T15:36:40","guid":{"rendered":"http:\/\/ff-sghoya.de\/?page_id=3757"},"modified":"2020-06-04T17:36:40","modified_gmt":"2020-06-04T15:36:40","slug":"gw-th","status":"publish","type":"page","link":"https:\/\/ff-sghoya.de\/?page_id=3757","title":{"rendered":"GW-TH"},"content":{"rendered":"\n<p>Der Ger\u00e4tewagen Technische Hilfe z\u00e4hlt zu den Feuerwehrfahrzeugen der Kategorie R\u00fcstwagen und Ger\u00e4tewagen. Die Beladung dient der Durchf\u00fchrung von technischer Hilfeleistungseins\u00e4tzen, dieses&nbsp;beinhaltet die Rettung und Hilfeleistung nach Unf\u00e4llen im Bereich Stra\u00dfen- und Schienenverkehr, Rettung nach Flugzeugabst\u00fcrzen, Unf\u00e4lle auf Baustellen, Unf\u00e4lle in Betrieben, betrieblichen Anlagen und Einrichtungen oder Geb\u00e4udeeinst\u00fcrzen, Rettung auf H\u00f6hen oder Tiefen, Versorgung von mobilen elektrischen Ger\u00e4ten der Feuerwehr, Hilfeleistung bei Eins\u00e4tzen in Zusammenhang mit Mineral\u00f6l und Kraftstoffen, Hilfeleistung bei Gro\u00dfschadenslagen und Brandeins\u00e4tzen, sowie die Hilfeleistung bei Gefahrguteins\u00e4tzen.&nbsp;<br>Der Ger\u00e4tewagen Technische Hilfe kann zu nahezu allen Hilfeleistungseins\u00e4tzen eingesetzt werden. Das Fahrzeug ist mit einer Kabine ausgestattet, die f\u00fcr den ersten Angriff eine Staffel (1 F\u00fchrungskraft und 5 Personen) zum Einsatzort bringt.&nbsp;<\/p>\n\n\n\n<figure class=\"wp-block-gallery columns-2 is-cropped wp-block-gallery-1 is-layout-flex wp-block-gallery-is-layout-flex\"><ul class=\"blocks-gallery-grid\"><li class=\"blocks-gallery-item\"><figure><img loading=\"lazy\" decoding=\"async\" width=\"2560\" height=\"1707\" src=\"https:\/\/ff-sghoya.de\/wp-content\/uploads\/2020\/06\/GW-TH-1-scaled.jpg\" alt=\"\" data-id=\"3759\" data-full-url=\"https:\/\/ff-sghoya.de\/wp-content\/uploads\/2020\/06\/GW-TH-1-scaled.jpg\" data-link=\"https:\/\/ff-sghoya.de\/?attachment_id=3759\" class=\"wp-image-3759\" srcset=\"https:\/\/ff-sghoya.de\/wp-content\/uploads\/2020\/06\/GW-TH-1-scaled.jpg 2560w, https:\/\/ff-sghoya.de\/wp-content\/uploads\/2020\/06\/GW-TH-1-2048x1365.jpg 2048w\" sizes=\"auto, (max-width: 2560px) 100vw, 2560px\" \/><\/figure><\/li><li class=\"blocks-gallery-item\"><figure><img loading=\"lazy\" decoding=\"async\" width=\"2560\" height=\"1707\" src=\"https:\/\/ff-sghoya.de\/wp-content\/uploads\/2020\/06\/GW-TH-2-scaled.jpg\" alt=\"\" data-id=\"3760\" data-full-url=\"https:\/\/ff-sghoya.de\/wp-content\/uploads\/2020\/06\/GW-TH-2-scaled.jpg\" data-link=\"https:\/\/ff-sghoya.de\/?attachment_id=3760\" class=\"wp-image-3760\" srcset=\"https:\/\/ff-sghoya.de\/wp-content\/uploads\/2020\/06\/GW-TH-2-scaled.jpg 2560w, https:\/\/ff-sghoya.de\/wp-content\/uploads\/2020\/06\/GW-TH-2-2048x1365.jpg 2048w\" sizes=\"auto, (max-width: 2560px) 100vw, 2560px\" \/><\/figure><\/li><\/ul><\/figure>\n","protected":false},"excerpt":{"rendered":"<p>Der Ger\u00e4tewagen Technische Hilfe z\u00e4hlt zu den Feuerwehrfahrzeugen der Kategorie R\u00fcstwagen und Ger\u00e4tewagen. Die Beladung dient der Durchf\u00fchrung von technischer<\/p>\n","protected":false},"author":6,"featured_media":0,"parent":0,"menu_order":0,"comment_status":"closed","ping_status":"closed","template":"","meta":{"colormag_page_container_layout":"default_layout","colormag_page_sidebar_layout":"default_layout","footnotes":""},"class_list":["post-3757","page","type-page","status-publish","hentry"],"_links":{"self":[{"href":"https:\/\/ff-sghoya.de\/index.php?rest_route=\/wp\/v2\/pages\/3757","targetHints":{"allow":["GET"]}}],"collection":[{"href":"https:\/\/ff-sghoya.de\/index.php?rest_route=\/wp\/v2\/pages"}],"about":[{"href":"https:\/\/ff-sghoya.de\/index.php?rest_route=\/wp\/v2\/types\/page"}],"author":[{"embeddable":true,"href":"https:\/\/ff-sghoya.de\/index.php?rest_route=\/wp\/v2\/users\/6"}],"replies":[{"embeddable":true,"href":"https:\/\/ff-sghoya.de\/index.php?rest_route=%2Fwp%2Fv2%2Fcomments&post=3757"}],"version-history":[{"count":3,"href":"https:\/\/ff-sghoya.de\/index.php?rest_route=\/wp\/v2\/pages\/3757\/revisions"}],"predecessor-version":[{"id":3784,"href":"https:\/\/ff-sghoya.de\/index.php?rest_route=\/wp\/v2\/pages\/3757\/revisions\/3784"}],"wp:attachment":[{"href":"https:\/\/ff-sghoya.de\/index.php?rest_route=%2Fwp%2Fv2%2Fmedia&parent=3757"}],"curies":[{"name":"wp","href":"https:\/\/api.w.org\/{rel}","templated":true}]}}