{"id":3749,"date":"2020-06-04T17:36:52","date_gmt":"2020-06-04T15:36:52","guid":{"rendered":"http:\/\/ff-sghoya.de\/?page_id=3749"},"modified":"2020-06-04T17:36:53","modified_gmt":"2020-06-04T15:36:53","slug":"lf-8","status":"publish","type":"page","link":"https:\/\/ff-sghoya.de\/?page_id=3749","title":{"rendered":"LF 8"},"content":{"rendered":"\n<p>Das L\u00f6schgruppenfahrzeug 8 ist ein L\u00f6schfahrzeug, das mit seiner Vorbaupumpe eine vom Fahrzeugmotor betrieben Feuerl\u00f6schkreiselpumpe mitf\u00fchrt. Im Gegensatz zu heutigen, modernen L\u00f6schgruppenfahrzeugen f\u00fchrt dieses Fahrzeug, das im Jahre 1978 gebaut wurde und der&nbsp;technischen&nbsp;Weisung 14 des Landes Niedersachsen entspricht, keinen Wassertank mit sich. Das Stra\u00dfenfahrgestell liegt unter 12 t und konnte mit dem alten F\u00fchrerschein 3 (PKW-F\u00fchrerschein) bewegt werden. In der heutigen Zeit bietet dieses jedoch keinen Vorteil mehr, da die j\u00fcngeren Feuerwehrkr\u00e4fte mit dem F\u00fchrerschein der Klasse B dieses Fahrzeug nicht mehr bewegen d\u00fcrfen.&nbsp;<br>Die mitgef\u00fchrte feuerwehrtechnische Beladung ist f\u00fcr eine Gruppe (1 F\u00fchrungskraft und 8 Personen) ausgelegt. Die Beladung dient in erster Linie zur Brandbek\u00e4mpfung, Wasserf\u00f6rderung oder f\u00fcr einfache Aufgaben in der technischen Hilfe.&nbsp;<br>Unser Fahrzeug hat neben einer tragbaren Feuerl\u00f6schkreiselpumpe auch noch \u00fcber 800 m B-Schl\u00e4uche, um den Anforderungen unserer Region gerecht zu werden.&nbsp;<br>Es r\u00fcckt aufgrund des fehlenden Wassers im Brandfall m\u00f6glichst immer&nbsp;Zeitgleich&nbsp;mit unserem Tankl\u00f6schfahrzeug aus.&nbsp;&nbsp;<br>Aufgrund seines Alters und seines guten Zustandes denken wir immer wieder \u00fcber eine Ummeldung als Oldtimer-Fahrzeug nach.&nbsp;<\/p>\n\n\n\n<figure class=\"wp-block-image size-large\"><img loading=\"lazy\" decoding=\"async\" width=\"2560\" height=\"1920\" src=\"https:\/\/ff-sghoya.de\/wp-content\/uploads\/2020\/06\/LF-8-scaled.jpg\" alt=\"\" class=\"wp-image-3750\" srcset=\"https:\/\/ff-sghoya.de\/wp-content\/uploads\/2020\/06\/LF-8-scaled.jpg 2560w, https:\/\/ff-sghoya.de\/wp-content\/uploads\/2020\/06\/LF-8-1536x1152.jpg 1536w, https:\/\/ff-sghoya.de\/wp-content\/uploads\/2020\/06\/LF-8-2048x1536.jpg 2048w\" sizes=\"auto, (max-width: 2560px) 100vw, 2560px\" \/><\/figure>\n","protected":false},"excerpt":{"rendered":"<p>Das L\u00f6schgruppenfahrzeug 8 ist ein L\u00f6schfahrzeug, das mit seiner Vorbaupumpe eine vom Fahrzeugmotor betrieben Feuerl\u00f6schkreiselpumpe mitf\u00fchrt. Im Gegensatz zu heutigen,<\/p>\n","protected":false},"author":6,"featured_media":0,"parent":0,"menu_order":0,"comment_status":"closed","ping_status":"closed","template":"","meta":{"colormag_page_container_layout":"default_layout","colormag_page_sidebar_layout":"default_layout","footnotes":""},"class_list":["post-3749","page","type-page","status-publish","hentry"],"_links":{"self":[{"href":"https:\/\/ff-sghoya.de\/index.php?rest_route=\/wp\/v2\/pages\/3749","targetHints":{"allow":["GET"]}}],"collection":[{"href":"https:\/\/ff-sghoya.de\/index.php?rest_route=\/wp\/v2\/pages"}],"about":[{"href":"https:\/\/ff-sghoya.de\/index.php?rest_route=\/wp\/v2\/types\/page"}],"author":[{"embeddable":true,"href":"https:\/\/ff-sghoya.de\/index.php?rest_route=\/wp\/v2\/users\/6"}],"replies":[{"embeddable":true,"href":"https:\/\/ff-sghoya.de\/index.php?rest_route=%2Fwp%2Fv2%2Fcomments&post=3749"}],"version-history":[{"count":2,"href":"https:\/\/ff-sghoya.de\/index.php?rest_route=\/wp\/v2\/pages\/3749\/revisions"}],"predecessor-version":[{"id":3785,"href":"https:\/\/ff-sghoya.de\/index.php?rest_route=\/wp\/v2\/pages\/3749\/revisions\/3785"}],"wp:attachment":[{"href":"https:\/\/ff-sghoya.de\/index.php?rest_route=%2Fwp%2Fv2%2Fmedia&parent=3749"}],"curies":[{"name":"wp","href":"https:\/\/api.w.org\/{rel}","templated":true}]}}