{"id":3745,"date":"2020-06-04T17:21:03","date_gmt":"2020-06-04T15:21:03","guid":{"rendered":"http:\/\/ff-sghoya.de\/?page_id=3745"},"modified":"2020-06-04T17:21:35","modified_gmt":"2020-06-04T15:21:35","slug":"elw1","status":"publish","type":"page","link":"https:\/\/ff-sghoya.de\/?page_id=3745","title":{"rendered":"ELW1"},"content":{"rendered":"\n<p>Der Einsatzleitwagen 1 (ELW1) ist ein Feuerwehrfahrzeug, das die Einsatzleitung bei ihren Aufgaben unterst\u00fctzt. Es dient als Hilfsmittel zur F\u00fchrung taktischer Einheiten (mehrere Gruppen, Z\u00fcge, Einsatzabschnitte, Einsatzverb\u00e4nde) und ggf. zur Erkundung von Einsatzstellen.&nbsp;<br>Durch zwei speziell eingerichtete und ausgestattete Kommunikationsarbeitspl\u00e4tze im Mannschaftsraum ist es m\u00f6glich, den&nbsp;Einsatzleiter in seinen Aufgabenbereichen zu unterst\u00fctzen. Hierzu z\u00e4hlen neben der Erreichbarkeit der Einsatzstelle, die Erreichbarkeit des Einsatzleiters, sowie die Dokumentation des Einsatzverlaufs.&nbsp;<\/p>\n\n\n\n<figure class=\"wp-block-image size-large\"><img loading=\"lazy\" decoding=\"async\" width=\"2560\" height=\"1920\" src=\"https:\/\/ff-sghoya.de\/wp-content\/uploads\/2020\/06\/ELW-scaled.jpg\" alt=\"\" class=\"wp-image-3746\" srcset=\"https:\/\/ff-sghoya.de\/wp-content\/uploads\/2020\/06\/ELW-scaled.jpg 2560w, https:\/\/ff-sghoya.de\/wp-content\/uploads\/2020\/06\/ELW-1536x1152.jpg 1536w, https:\/\/ff-sghoya.de\/wp-content\/uploads\/2020\/06\/ELW-2048x1536.jpg 2048w\" sizes=\"auto, (max-width: 2560px) 100vw, 2560px\" \/><\/figure>\n\n\n\n<p>Dieses Fahrzeug unterst\u00fctzt die Einsatzleiter in der gesamten Samtgemeinde Grafschaft Hoya&nbsp;ggf.&nbsp;zusammen mit dem MTW\/ELW aus Eystrup.&nbsp;<\/p>\n","protected":false},"excerpt":{"rendered":"<p>Der Einsatzleitwagen 1 (ELW1) ist ein Feuerwehrfahrzeug, das die Einsatzleitung bei ihren Aufgaben unterst\u00fctzt. Es dient als Hilfsmittel zur F\u00fchrung<\/p>\n","protected":false},"author":6,"featured_media":0,"parent":0,"menu_order":0,"comment_status":"closed","ping_status":"closed","template":"","meta":{"colormag_page_container_layout":"default_layout","colormag_page_sidebar_layout":"default_layout","footnotes":""},"class_list":["post-3745","page","type-page","status-publish","hentry"],"_links":{"self":[{"href":"https:\/\/ff-sghoya.de\/index.php?rest_route=\/wp\/v2\/pages\/3745","targetHints":{"allow":["GET"]}}],"collection":[{"href":"https:\/\/ff-sghoya.de\/index.php?rest_route=\/wp\/v2\/pages"}],"about":[{"href":"https:\/\/ff-sghoya.de\/index.php?rest_route=\/wp\/v2\/types\/page"}],"author":[{"embeddable":true,"href":"https:\/\/ff-sghoya.de\/index.php?rest_route=\/wp\/v2\/users\/6"}],"replies":[{"embeddable":true,"href":"https:\/\/ff-sghoya.de\/index.php?rest_route=%2Fwp%2Fv2%2Fcomments&post=3745"}],"version-history":[{"count":2,"href":"https:\/\/ff-sghoya.de\/index.php?rest_route=\/wp\/v2\/pages\/3745\/revisions"}],"predecessor-version":[{"id":3777,"href":"https:\/\/ff-sghoya.de\/index.php?rest_route=\/wp\/v2\/pages\/3745\/revisions\/3777"}],"wp:attachment":[{"href":"https:\/\/ff-sghoya.de\/index.php?rest_route=%2Fwp%2Fv2%2Fmedia&parent=3745"}],"curies":[{"name":"wp","href":"https:\/\/api.w.org\/{rel}","templated":true}]}}