{"id":3730,"date":"2020-06-04T17:37:02","date_gmt":"2020-06-04T15:37:02","guid":{"rendered":"http:\/\/ff-sghoya.de\/?page_id=3730"},"modified":"2020-06-04T17:37:02","modified_gmt":"2020-06-04T15:37:02","slug":"schlauchturm-buecken","status":"publish","type":"page","link":"https:\/\/ff-sghoya.de\/?page_id=3730","title":{"rendered":"Schlauchturm B\u00fccken"},"content":{"rendered":"\n<figure class=\"wp-block-gallery columns-2 is-cropped wp-block-gallery-1 is-layout-flex wp-block-gallery-is-layout-flex\"><ul class=\"blocks-gallery-grid\"><li class=\"blocks-gallery-item\"><figure><img loading=\"lazy\" decoding=\"async\" width=\"2560\" height=\"1440\" src=\"https:\/\/ff-sghoya.de\/wp-content\/uploads\/2020\/06\/Turm-5-scaled.jpg\" alt=\"\" data-id=\"3736\" data-full-url=\"https:\/\/ff-sghoya.de\/wp-content\/uploads\/2020\/06\/Turm-5-scaled.jpg\" data-link=\"https:\/\/ff-sghoya.de\/?attachment_id=3736\" class=\"wp-image-3736\" srcset=\"https:\/\/ff-sghoya.de\/wp-content\/uploads\/2020\/06\/Turm-5-scaled.jpg 2560w, https:\/\/ff-sghoya.de\/wp-content\/uploads\/2020\/06\/Turm-5-768x432.jpg 768w, https:\/\/ff-sghoya.de\/wp-content\/uploads\/2020\/06\/Turm-5-1536x864.jpg 1536w, https:\/\/ff-sghoya.de\/wp-content\/uploads\/2020\/06\/Turm-5-2048x1152.jpg 2048w\" sizes=\"auto, (max-width: 2560px) 100vw, 2560px\" \/><\/figure><\/li><li class=\"blocks-gallery-item\"><figure><img loading=\"lazy\" decoding=\"async\" width=\"2560\" height=\"1696\" src=\"https:\/\/ff-sghoya.de\/wp-content\/uploads\/2020\/06\/Zeichnung-Turm-II-scaled.jpg\" alt=\"\" data-id=\"3737\" data-full-url=\"https:\/\/ff-sghoya.de\/wp-content\/uploads\/2020\/06\/Zeichnung-Turm-II-scaled.jpg\" data-link=\"https:\/\/ff-sghoya.de\/?attachment_id=3737\" class=\"wp-image-3737\" srcset=\"https:\/\/ff-sghoya.de\/wp-content\/uploads\/2020\/06\/Zeichnung-Turm-II-scaled.jpg 2560w, https:\/\/ff-sghoya.de\/wp-content\/uploads\/2020\/06\/Zeichnung-Turm-II-768x509.jpg 768w, https:\/\/ff-sghoya.de\/wp-content\/uploads\/2020\/06\/Zeichnung-Turm-II-1536x1018.jpg 1536w, https:\/\/ff-sghoya.de\/wp-content\/uploads\/2020\/06\/Zeichnung-Turm-II-2048x1357.jpg 2048w\" sizes=\"auto, (max-width: 2560px) 100vw, 2560px\" \/><\/figure><\/li><\/ul><\/figure>\n\n\n\n<p>Der Schlauchturm in B\u00fccken befindet sich im Ortskern in Unmittelbarer N\u00e4he der Stiftskirche&nbsp;<\/p>\n\n\n\n<figure class=\"wp-block-image size-large\"><img loading=\"lazy\" decoding=\"async\" width=\"2560\" height=\"1440\" src=\"https:\/\/ff-sghoya.de\/wp-content\/uploads\/2020\/06\/Turm-6-scaled.jpg\" alt=\"\" class=\"wp-image-3735\" srcset=\"https:\/\/ff-sghoya.de\/wp-content\/uploads\/2020\/06\/Turm-6-scaled.jpg 2560w, https:\/\/ff-sghoya.de\/wp-content\/uploads\/2020\/06\/Turm-6-768x432.jpg 768w, https:\/\/ff-sghoya.de\/wp-content\/uploads\/2020\/06\/Turm-6-1536x864.jpg 1536w, https:\/\/ff-sghoya.de\/wp-content\/uploads\/2020\/06\/Turm-6-2048x1152.jpg 2048w\" sizes=\"auto, (max-width: 2560px) 100vw, 2560px\" \/><\/figure>\n\n\n\n<p>Er&nbsp;Wurde&nbsp;im Jahr 1912 von den Mitgliedern der Freiwilligen Feuerwehr B\u00fccken gebaut. Nach Baubeginn im April&nbsp;1912&nbsp; wurde&nbsp;das Spritzenhaus inklusive&nbsp;Schlauchturm&nbsp;am 08.09.1912 eingeweiht.&nbsp;Nach der Fertigstellung wurde das Geb\u00e4ude dem Flecken B\u00fccken \u00fcbergeben, der bis heute Eigent\u00fcmer von den Geb\u00e4ude&nbsp;ist. Somit konnten nun alle Ger\u00e4tschaften der Freiwilligen Feuerwehr untergebracht werden. In dem damals am Turm vorbeif\u00fchrenden B\u00fccker- M\u00fchlbach konnten die Schl\u00e4uche gewaschen und im Turm getrocknet werden.&nbsp;<\/p>\n\n\n\n<p>Bis zum Neubau eines Feuerwehraus im Jahr 1959 diente es zur Unterbringung der&nbsp;Ger\u00e4tschaften der Feuerwehr.&nbsp;<\/p>\n\n\n\n<figure class=\"wp-block-image size-large\"><img loading=\"lazy\" decoding=\"async\" width=\"2560\" height=\"1440\" src=\"https:\/\/ff-sghoya.de\/wp-content\/uploads\/2020\/06\/Lageplan-scaled.jpg\" alt=\"\" class=\"wp-image-3742\" srcset=\"https:\/\/ff-sghoya.de\/wp-content\/uploads\/2020\/06\/Lageplan-scaled.jpg 2560w, https:\/\/ff-sghoya.de\/wp-content\/uploads\/2020\/06\/Lageplan-768x432.jpg 768w, https:\/\/ff-sghoya.de\/wp-content\/uploads\/2020\/06\/Lageplan-1536x864.jpg 1536w, https:\/\/ff-sghoya.de\/wp-content\/uploads\/2020\/06\/Lageplan-2048x1152.jpg 2048w\" sizes=\"auto, (max-width: 2560px) 100vw, 2560px\" \/><\/figure>\n\n\n\n<p>Noch heute dient der Schlauchturm als Lagerraum f\u00fcr Materialien und einen Transportanh\u00e4nger.&nbsp;<\/p>\n\n\n\n<figure class=\"wp-block-gallery columns-2 is-cropped wp-block-gallery-2 is-layout-flex wp-block-gallery-is-layout-flex\"><ul class=\"blocks-gallery-grid\"><li class=\"blocks-gallery-item\"><figure><img loading=\"lazy\" decoding=\"async\" width=\"1659\" height=\"2560\" src=\"https:\/\/ff-sghoya.de\/wp-content\/uploads\/2020\/06\/100-Jahre-scaled.jpg\" alt=\"\" data-id=\"3740\" data-full-url=\"https:\/\/ff-sghoya.de\/wp-content\/uploads\/2020\/06\/100-Jahre-scaled.jpg\" data-link=\"https:\/\/ff-sghoya.de\/?attachment_id=3740\" class=\"wp-image-3740\" srcset=\"https:\/\/ff-sghoya.de\/wp-content\/uploads\/2020\/06\/100-Jahre-scaled.jpg 1659w, https:\/\/ff-sghoya.de\/wp-content\/uploads\/2020\/06\/100-Jahre-768x1185.jpg 768w, https:\/\/ff-sghoya.de\/wp-content\/uploads\/2020\/06\/100-Jahre-996x1536.jpg 996w, https:\/\/ff-sghoya.de\/wp-content\/uploads\/2020\/06\/100-Jahre-1327x2048.jpg 1327w\" sizes=\"auto, (max-width: 1659px) 100vw, 1659px\" \/><\/figure><\/li><li class=\"blocks-gallery-item\"><figure><img loading=\"lazy\" decoding=\"async\" width=\"1920\" height=\"2560\" src=\"https:\/\/ff-sghoya.de\/wp-content\/uploads\/2020\/06\/DSCF1299-002-4-scaled.jpg\" alt=\"\" data-id=\"3741\" data-full-url=\"https:\/\/ff-sghoya.de\/wp-content\/uploads\/2020\/06\/DSCF1299-002-4-scaled.jpg\" data-link=\"https:\/\/ff-sghoya.de\/?attachment_id=3741\" class=\"wp-image-3741\" srcset=\"https:\/\/ff-sghoya.de\/wp-content\/uploads\/2020\/06\/DSCF1299-002-4-scaled.jpg 1920w, https:\/\/ff-sghoya.de\/wp-content\/uploads\/2020\/06\/DSCF1299-002-4-1152x1536.jpg 1152w, https:\/\/ff-sghoya.de\/wp-content\/uploads\/2020\/06\/DSCF1299-002-4-1536x2048.jpg 1536w\" sizes=\"auto, (max-width: 1920px) 100vw, 1920px\" \/><\/figure><\/li><\/ul><\/figure>\n\n\n\n<figure class=\"wp-block-image size-large\"><img loading=\"lazy\" decoding=\"async\" width=\"1920\" height=\"2560\" src=\"https:\/\/ff-sghoya.de\/wp-content\/uploads\/2020\/06\/20200516_221127-scaled.jpg\" alt=\"\" class=\"wp-image-3743\" srcset=\"https:\/\/ff-sghoya.de\/wp-content\/uploads\/2020\/06\/20200516_221127-scaled.jpg 1920w, https:\/\/ff-sghoya.de\/wp-content\/uploads\/2020\/06\/20200516_221127-1152x1536.jpg 1152w, https:\/\/ff-sghoya.de\/wp-content\/uploads\/2020\/06\/20200516_221127-1536x2048.jpg 1536w\" sizes=\"auto, (max-width: 1920px) 100vw, 1920px\" \/><\/figure>\n","protected":false},"excerpt":{"rendered":"<p>Der Schlauchturm in B\u00fccken befindet sich im Ortskern in Unmittelbarer N\u00e4he der Stiftskirche&nbsp; Er&nbsp;Wurde&nbsp;im Jahr 1912 von den Mitgliedern der<\/p>\n","protected":false},"author":6,"featured_media":0,"parent":0,"menu_order":0,"comment_status":"closed","ping_status":"closed","template":"","meta":{"colormag_page_container_layout":"default_layout","colormag_page_sidebar_layout":"default_layout","footnotes":""},"class_list":["post-3730","page","type-page","status-publish","hentry"],"_links":{"self":[{"href":"https:\/\/ff-sghoya.de\/index.php?rest_route=\/wp\/v2\/pages\/3730","targetHints":{"allow":["GET"]}}],"collection":[{"href":"https:\/\/ff-sghoya.de\/index.php?rest_route=\/wp\/v2\/pages"}],"about":[{"href":"https:\/\/ff-sghoya.de\/index.php?rest_route=\/wp\/v2\/types\/page"}],"author":[{"embeddable":true,"href":"https:\/\/ff-sghoya.de\/index.php?rest_route=\/wp\/v2\/users\/6"}],"replies":[{"embeddable":true,"href":"https:\/\/ff-sghoya.de\/index.php?rest_route=%2Fwp%2Fv2%2Fcomments&post=3730"}],"version-history":[{"count":3,"href":"https:\/\/ff-sghoya.de\/index.php?rest_route=\/wp\/v2\/pages\/3730\/revisions"}],"predecessor-version":[{"id":3786,"href":"https:\/\/ff-sghoya.de\/index.php?rest_route=\/wp\/v2\/pages\/3730\/revisions\/3786"}],"wp:attachment":[{"href":"https:\/\/ff-sghoya.de\/index.php?rest_route=%2Fwp%2Fv2%2Fmedia&parent=3730"}],"curies":[{"name":"wp","href":"https:\/\/api.w.org\/{rel}","templated":true}]}}