{"id":3718,"date":"2020-06-04T17:37:25","date_gmt":"2020-06-04T15:37:25","guid":{"rendered":"http:\/\/ff-sghoya.de\/?page_id=3718"},"modified":"2021-03-15T20:10:37","modified_gmt":"2021-03-15T19:10:37","slug":"uebungsplatz","status":"publish","type":"page","link":"https:\/\/ff-sghoya.de\/?page_id=3718","title":{"rendered":"\u00dcbungsplatz"},"content":{"rendered":"\n<figure class=\"wp-block-image size-large\"><img loading=\"lazy\" decoding=\"async\" width=\"2560\" height=\"1059\" src=\"https:\/\/ff-sghoya.de\/wp-content\/uploads\/2021\/03\/20200518_185433-scaled.jpg\" alt=\"\" class=\"wp-image-4182\" srcset=\"https:\/\/ff-sghoya.de\/wp-content\/uploads\/2021\/03\/20200518_185433-scaled.jpg 2560w, https:\/\/ff-sghoya.de\/wp-content\/uploads\/2021\/03\/20200518_185433-768x318.jpg 768w, https:\/\/ff-sghoya.de\/wp-content\/uploads\/2021\/03\/20200518_185433-1536x635.jpg 1536w, https:\/\/ff-sghoya.de\/wp-content\/uploads\/2021\/03\/20200518_185433-2048x847.jpg 2048w\" sizes=\"auto, (max-width: 2560px) 100vw, 2560px\" \/><\/figure>\n\n\n\n<p>Der \u00dcbungsplatz f\u00fcr die Wettbewerbsgruppen wechselte stehts&nbsp;seinen Standort. So wurden Wiesen auf dem Bruchende, in Altenb\u00fccken oder an&nbsp;Stellen im Flecken B\u00fccken&nbsp;genutzt. Erst nach dem Bau des Dorfplatzes (heute Wohngebiet \u201eAn den Brachg\u00e4rten\u201c) fand die Ortsfeuerwehr f\u00fcr einige Jahre einen festen \u00dcbungsplatz. Die Jugendfeuerwehr B\u00fccken und Umgebung und benachbarte Ortsfeuerwehren nutzen den in Eigenleistung erstellten \u00dcbungsplatz. So wurden auf dem Dorfplatz viele Stunden durch die Wettbewerbsgruppen&nbsp;und Ausbildung&nbsp;verbracht.&nbsp;&nbsp;<br>Im Jahr 2018 konnte wiederum der vom Flecken B\u00fccken zur Verf\u00fcgung gestellte \u00dcbungsplatz an die Ortsfeuerwehr B\u00fccken \u00fcbergeben werden. In direkter N\u00e4he zum Feuerwehrhaus bietet dieser Platz f\u00fcr vielf\u00e4ltige M\u00f6glichkeiten zur Ausbildung f\u00fcr die Kinderfeuerwehr, Jugendfeuerwehr und die aktive Wehr.&nbsp;Auch f\u00fcr die befreundete Ortsfeuerwehr Duddenhausen im Flecken B\u00fccken steht dieser Platz jeder Zeit zur Verf\u00fcgung.&nbsp;<\/p>\n\n\n\n<p>An dieser Stelle nochmals vielen Dank an den Flecken B\u00fccken!&nbsp;<\/p>\n\n\n\n<figure class=\"wp-block-gallery columns-3 is-cropped wp-block-gallery-1 is-layout-flex wp-block-gallery-is-layout-flex\"><ul class=\"blocks-gallery-grid\"><li class=\"blocks-gallery-item\"><figure><img loading=\"lazy\" decoding=\"async\" width=\"2560\" height=\"1920\" src=\"https:\/\/ff-sghoya.de\/wp-content\/uploads\/2020\/06\/20190429_192930-scaled.jpg\" alt=\"\" data-id=\"3721\" data-full-url=\"https:\/\/ff-sghoya.de\/wp-content\/uploads\/2020\/06\/20190429_192930-scaled.jpg\" data-link=\"https:\/\/ff-sghoya.de\/?attachment_id=3721\" class=\"wp-image-3721\" srcset=\"https:\/\/ff-sghoya.de\/wp-content\/uploads\/2020\/06\/20190429_192930-scaled.jpg 2560w, https:\/\/ff-sghoya.de\/wp-content\/uploads\/2020\/06\/20190429_192930-768x576.jpg 768w, https:\/\/ff-sghoya.de\/wp-content\/uploads\/2020\/06\/20190429_192930-1536x1152.jpg 1536w, https:\/\/ff-sghoya.de\/wp-content\/uploads\/2020\/06\/20190429_192930-2048x1536.jpg 2048w\" sizes=\"auto, (max-width: 2560px) 100vw, 2560px\" \/><\/figure><\/li><li class=\"blocks-gallery-item\"><figure><img loading=\"lazy\" decoding=\"async\" width=\"2560\" height=\"1920\" src=\"https:\/\/ff-sghoya.de\/wp-content\/uploads\/2020\/06\/20191130_112431-scaled.jpg\" alt=\"\" data-id=\"3722\" data-full-url=\"https:\/\/ff-sghoya.de\/wp-content\/uploads\/2020\/06\/20191130_112431-scaled.jpg\" data-link=\"https:\/\/ff-sghoya.de\/?attachment_id=3722\" class=\"wp-image-3722\" srcset=\"https:\/\/ff-sghoya.de\/wp-content\/uploads\/2020\/06\/20191130_112431-scaled.jpg 2560w, https:\/\/ff-sghoya.de\/wp-content\/uploads\/2020\/06\/20191130_112431-768x576.jpg 768w, https:\/\/ff-sghoya.de\/wp-content\/uploads\/2020\/06\/20191130_112431-1536x1152.jpg 1536w, https:\/\/ff-sghoya.de\/wp-content\/uploads\/2020\/06\/20191130_112431-2048x1536.jpg 2048w\" sizes=\"auto, (max-width: 2560px) 100vw, 2560px\" \/><\/figure><\/li><li class=\"blocks-gallery-item\"><figure><img loading=\"lazy\" decoding=\"async\" width=\"2560\" height=\"1920\" src=\"https:\/\/ff-sghoya.de\/wp-content\/uploads\/2020\/06\/20200518_185115-scaled.jpg\" alt=\"\" data-id=\"3723\" data-full-url=\"https:\/\/ff-sghoya.de\/wp-content\/uploads\/2020\/06\/20200518_185115-scaled.jpg\" data-link=\"https:\/\/ff-sghoya.de\/?attachment_id=3723\" class=\"wp-image-3723\" srcset=\"https:\/\/ff-sghoya.de\/wp-content\/uploads\/2020\/06\/20200518_185115-scaled.jpg 2560w, https:\/\/ff-sghoya.de\/wp-content\/uploads\/2020\/06\/20200518_185115-768x576.jpg 768w, https:\/\/ff-sghoya.de\/wp-content\/uploads\/2020\/06\/20200518_185115-1536x1152.jpg 1536w, https:\/\/ff-sghoya.de\/wp-content\/uploads\/2020\/06\/20200518_185115-2048x1536.jpg 2048w\" sizes=\"auto, (max-width: 2560px) 100vw, 2560px\" \/><\/figure><\/li><li class=\"blocks-gallery-item\"><figure><img loading=\"lazy\" decoding=\"async\" width=\"2560\" height=\"1920\" src=\"https:\/\/ff-sghoya.de\/wp-content\/uploads\/2020\/06\/20200518_185118-scaled.jpg\" alt=\"\" data-id=\"3724\" data-full-url=\"https:\/\/ff-sghoya.de\/wp-content\/uploads\/2020\/06\/20200518_185118-scaled.jpg\" data-link=\"https:\/\/ff-sghoya.de\/?attachment_id=3724\" class=\"wp-image-3724\" srcset=\"https:\/\/ff-sghoya.de\/wp-content\/uploads\/2020\/06\/20200518_185118-scaled.jpg 2560w, https:\/\/ff-sghoya.de\/wp-content\/uploads\/2020\/06\/20200518_185118-768x576.jpg 768w, https:\/\/ff-sghoya.de\/wp-content\/uploads\/2020\/06\/20200518_185118-1536x1152.jpg 1536w, https:\/\/ff-sghoya.de\/wp-content\/uploads\/2020\/06\/20200518_185118-2048x1536.jpg 2048w\" sizes=\"auto, (max-width: 2560px) 100vw, 2560px\" \/><\/figure><\/li><li class=\"blocks-gallery-item\"><figure><img loading=\"lazy\" decoding=\"async\" width=\"2560\" height=\"1920\" src=\"https:\/\/ff-sghoya.de\/wp-content\/uploads\/2020\/06\/20200518_185150-scaled.jpg\" alt=\"\" data-id=\"3725\" data-full-url=\"https:\/\/ff-sghoya.de\/wp-content\/uploads\/2020\/06\/20200518_185150-scaled.jpg\" data-link=\"https:\/\/ff-sghoya.de\/?attachment_id=3725\" class=\"wp-image-3725\" srcset=\"https:\/\/ff-sghoya.de\/wp-content\/uploads\/2020\/06\/20200518_185150-scaled.jpg 2560w, https:\/\/ff-sghoya.de\/wp-content\/uploads\/2020\/06\/20200518_185150-768x576.jpg 768w, https:\/\/ff-sghoya.de\/wp-content\/uploads\/2020\/06\/20200518_185150-1536x1152.jpg 1536w, https:\/\/ff-sghoya.de\/wp-content\/uploads\/2020\/06\/20200518_185150-2048x1536.jpg 2048w\" sizes=\"auto, (max-width: 2560px) 100vw, 2560px\" \/><\/figure><\/li><\/ul><\/figure>\n\n\n\n<p><\/p>\n","protected":false},"excerpt":{"rendered":"<p>Der \u00dcbungsplatz f\u00fcr die Wettbewerbsgruppen wechselte stehts&nbsp;seinen Standort. So wurden Wiesen auf dem Bruchende, in Altenb\u00fccken oder an&nbsp;Stellen im Flecken<\/p>\n","protected":false},"author":6,"featured_media":0,"parent":0,"menu_order":0,"comment_status":"closed","ping_status":"closed","template":"","meta":{"colormag_page_container_layout":"default_layout","colormag_page_sidebar_layout":"default_layout","footnotes":""},"class_list":["post-3718","page","type-page","status-publish","hentry"],"_links":{"self":[{"href":"https:\/\/ff-sghoya.de\/index.php?rest_route=\/wp\/v2\/pages\/3718","targetHints":{"allow":["GET"]}}],"collection":[{"href":"https:\/\/ff-sghoya.de\/index.php?rest_route=\/wp\/v2\/pages"}],"about":[{"href":"https:\/\/ff-sghoya.de\/index.php?rest_route=\/wp\/v2\/types\/page"}],"author":[{"embeddable":true,"href":"https:\/\/ff-sghoya.de\/index.php?rest_route=\/wp\/v2\/users\/6"}],"replies":[{"embeddable":true,"href":"https:\/\/ff-sghoya.de\/index.php?rest_route=%2Fwp%2Fv2%2Fcomments&post=3718"}],"version-history":[{"count":5,"href":"https:\/\/ff-sghoya.de\/index.php?rest_route=\/wp\/v2\/pages\/3718\/revisions"}],"predecessor-version":[{"id":4183,"href":"https:\/\/ff-sghoya.de\/index.php?rest_route=\/wp\/v2\/pages\/3718\/revisions\/4183"}],"wp:attachment":[{"href":"https:\/\/ff-sghoya.de\/index.php?rest_route=%2Fwp%2Fv2%2Fmedia&parent=3718"}],"curies":[{"name":"wp","href":"https:\/\/api.w.org\/{rel}","templated":true}]}}