{"id":31,"date":"2016-06-09T11:16:09","date_gmt":"2016-06-09T09:16:09","guid":{"rendered":"http:\/\/91.56.127.35\/?page_id=31"},"modified":"2016-06-09T11:16:09","modified_gmt":"2016-06-09T09:16:09","slug":"tipps","status":"publish","type":"page","link":"https:\/\/ff-sghoya.de\/?page_id=31","title":{"rendered":"Tipps"},"content":{"rendered":"<p><span style=\"font-family: verdana; font-size: large;\"><b>Sicherheitstipps f\u00fcr das richtiges Verhalten in Haus, Garage und beim Hobby<\/b><\/span><\/p>\n<p><a href=\"http:\/\/ff-sghoya.de\/wp-content\/uploads\/2016\/06\/c8988537b3.jpg\"><img loading=\"lazy\" decoding=\"async\" class=\"size-full wp-image-375 alignright\" src=\"http:\/\/ff-sghoya.de\/wp-content\/uploads\/2016\/06\/c8988537b3.jpg\" alt=\"c8988537b3\" width=\"150\" height=\"127\" \/><\/a>In jedem Haushalt gibt es zahlreiche Brandquellen, denen wir uns nicht bewusst sind oder deren Existenz wir mit dem Gedanken &#8222;es wird schon nichts passieren&#8220; gerne verdr\u00e4ngen. \u00dcberall, wo ein brennbarer Stoff und eine Z\u00fcndquelle zusammen kommen, kann ein Schadensfeuer entstehen. Und brennbare Stoffe gibt es im Haushalt zu zur gen\u00fcge.<br \/>\nDaher geh\u00f6rt es, dass bei der aktiven Brandvermeidung besonders auf m\u00f6gliche Z\u00fcndquellen zu achten.<br \/>\nDie Z\u00fcndquelle brauch nicht nur eine offene Flamme sein, sondern\u00a0 B\u00fcgeleisen, W\u00e4schetrockner oder Elektroger\u00e4te, die im &#8222;Stand \u2013 by &#8211; Modus&#8220; laufen, k\u00f6nnen zur Z\u00fcndquelle werden.<br \/>\nKinder spielen gerne mit Dingen die ihnen eigentlich verboten sind, so z. B. auch mit Feuerzeugen und Streichh\u00f6lzer. Schon Kleinkinder sind neugierig und tatendurstig.<br \/>\nEin hei\u00dfer Topf auf dem Herd, ein B\u00fcgeleisen in greifbarer N\u00e4he wenn das Kind diese Gegenst\u00e4nde erreicht, spielt es auch\u00a0 damit.<br \/>\nBehalten Sie deshalb Ihr Kind im Auge. Verbote sind meistens zwecklos. Vielmehr kl\u00e4ren Sie ihr Kind bei seinen Entdeckungsreisen auf und weisen auf m\u00f6gliche Gefahren hin.<br \/>\nDurch \u00fcberhitztes Fett oder \u00d6l ist in der K\u00fcche die Gefahr eines Fettbrandes besonders hoch. Durch das falsche L\u00f6schen mit Wasser besteht die Gefahr einer gef\u00e4hrlichen Fettexplosion.<br \/>\nGut wenn man dann das richtige L\u00f6schmittel zur Hand hat und auch sicher damit umgehen kann!<\/p>\n<p><img loading=\"lazy\" decoding=\"async\" class=\"size-full wp-image-35 alignleft\" src=\"http:\/\/91.56.127.35\/wp-content\/uploads\/2016\/06\/d09952fd0b.jpg\" alt=\"d09952fd0b\" width=\"200\" height=\"134\" \/>Holz-, Kohle- und \u00d6l\u00f6fen (insbesondere offene Kamine) sind gerade in der kalten Jahreszeit eine st\u00e4ndige Gefahrenquelle. Insbesondere in der Advents- und Weihnachtszeit gibt es immer wieder Br\u00e4nde.<\/p>\n<p>Zigarettenglut im Papierkorb oder Rauchen im Bett sind immer wiederkehrende Brandursachen.<\/p>\n<p>Weitere Ursachen finden sich im Hobby- und Heimwerkerbereich statt. z. B. &#8222;Atembeschwerden beim Fu\u00dfboden verkleben,\u00a0Entz\u00fcndung bei Reparaturarbeiten am Auto in der Garage, Auftauen von eingefrorenen Wasserleitungen&#8220;.<\/p>\n<p>Die Liste l\u00e4sst sich fast endlos fortsetzen. Die gr\u00f6\u00dfte Gruppe der Brandursachen sind jedoch besch\u00e4digte elektrische Einrichtungen oder Ger\u00e4te.<\/p>\n<p>Wir, die Feuerwehr m\u00f6chten Sie auf die Gefahren hinweisen, klicken Sie auf die Themenleiste auf der linken Seite. Sollte Sie dazu noch Fragen haben, sprechen Sie mit Ihrer Ortsfeuerwehr.<\/p>\n<p><a href=\"http:\/\/91.56.127.35\/index.php\/verhalten-im-brandfall\/\">Verhalten im Brandfall<\/a><\/p>\n","protected":false},"excerpt":{"rendered":"<p>Sicherheitstipps f\u00fcr das richtiges Verhalten in Haus, Garage und beim Hobby In jedem Haushalt gibt es zahlreiche Brandquellen, denen wir<\/p>\n","protected":false},"author":1,"featured_media":0,"parent":0,"menu_order":0,"comment_status":"closed","ping_status":"closed","template":"","meta":{"colormag_page_container_layout":"default_layout","colormag_page_sidebar_layout":"default_layout","footnotes":""},"class_list":["post-31","page","type-page","status-publish","hentry"],"_links":{"self":[{"href":"https:\/\/ff-sghoya.de\/index.php?rest_route=\/wp\/v2\/pages\/31","targetHints":{"allow":["GET"]}}],"collection":[{"href":"https:\/\/ff-sghoya.de\/index.php?rest_route=\/wp\/v2\/pages"}],"about":[{"href":"https:\/\/ff-sghoya.de\/index.php?rest_route=\/wp\/v2\/types\/page"}],"author":[{"embeddable":true,"href":"https:\/\/ff-sghoya.de\/index.php?rest_route=\/wp\/v2\/users\/1"}],"replies":[{"embeddable":true,"href":"https:\/\/ff-sghoya.de\/index.php?rest_route=%2Fwp%2Fv2%2Fcomments&post=31"}],"version-history":[{"count":0,"href":"https:\/\/ff-sghoya.de\/index.php?rest_route=\/wp\/v2\/pages\/31\/revisions"}],"wp:attachment":[{"href":"https:\/\/ff-sghoya.de\/index.php?rest_route=%2Fwp%2Fv2%2Fmedia&parent=31"}],"curies":[{"name":"wp","href":"https:\/\/api.w.org\/{rel}","templated":true}]}}