{"id":227,"date":"2016-06-14T13:31:03","date_gmt":"2016-06-14T11:31:03","guid":{"rendered":"http:\/\/ffwhassel.bplaced.net\/?page_id=227"},"modified":"2016-06-14T13:31:03","modified_gmt":"2016-06-14T11:31:03","slug":"stellenausschreibung","status":"publish","type":"page","link":"https:\/\/ff-sghoya.de\/?page_id=227","title":{"rendered":"Stellenausschreibung"},"content":{"rendered":"<h4><strong>Feuerwehrleute ( w\/m )<\/strong><\/h4>\n<p><strong>Unser Firmenprofil:<\/strong><\/p>\n<p>Die Freiwilligen Feuerwehren Grafschaft Hoya stellen sich als traditionsbewusste aber auch moderne und zukunftsorientierte Institution im Bereich der \u00f6ffentlichen Sicherheit dar. Zu unseren Aufgaben geh\u00f6ren der Brandschutz und jegliche Arten von technischen Hilfeleistungen im Bereich der Samtgemeinde Grafschaft Hoya.<\/p>\n<p>Um unser breites Aufgabenspektrum zu bew\u00e4ltigen suchen wir Sie f\u00fcr sofort oder sp\u00e4ter! Auch der demografische Wandel macht es uns nicht einfacher. Aus diesem Grund ben\u00f6tigen wir Ihre aktive Unterst\u00fctzung um auch langfristig und zukunftsorientiert den Brand- und Hilfeleistungsschutz sicherstellen zu k\u00f6nnen.<\/p>\n<p><a href=\"http:\/\/www.lfv-nds.de\/projekte\/ja-zur-feuerwehr\/\" target=\"_blank\"><img loading=\"lazy\" decoding=\"async\" class=\"aligncenter wp-image-228\" src=\"http:\/\/ff-sghoya.de\/wp-content\/uploads\/2016\/06\/Webbanner_155x55.jpg\" alt=\"Webbanner_155x55\" width=\"600\" height=\"213\" srcset=\"https:\/\/ff-sghoya.de\/wp-content\/uploads\/2016\/06\/Webbanner_155x55.jpg 879w, https:\/\/ff-sghoya.de\/wp-content\/uploads\/2016\/06\/Webbanner_155x55-300x106.jpg 300w, https:\/\/ff-sghoya.de\/wp-content\/uploads\/2016\/06\/Webbanner_155x55-768x273.jpg 768w\" sizes=\"auto, (max-width: 600px) 100vw, 600px\" \/><\/a><\/p>\n<p><strong>Wir bieten:<\/strong><\/p>\n<ul>\n<li>eine Menge Arbeit<\/li>\n<li>Kameradschaft<\/li>\n<li>m\u00e4\u00dfige Arbeitsbedingungen<\/li>\n<li>aber auch viel Spa\u00df<\/li>\n<li>eine gr\u00fcndliche Einarbeitung<\/li>\n<li>teilweise ung\u00fcnstige Arbeitszeiten<\/li>\n<\/ul>\n<p><strong>Wir erwarten:<\/strong><\/p>\n<ul>\n<li>24 Stunden freiwillige Einsatzbereitschaft<\/li>\n<li>Soziale Kompetenz &amp; den Ehrgeiz an Ihren Aufgabenbereichen<\/li>\n<li>Bereitschaft zu interessanter Aus-, Fort- und Weiterbildung im Bereich Feuerwehr<\/li>\n<\/ul>\n<p><strong>Ihr Profil:<\/strong><\/p>\n<ul>\n<li>Sie sind mindestens 16 Jahre alt<\/li>\n<li>Sie m\u00fcssen in der Lage sein, sich kameradschaftlich in die Feuerwehr einzubringen<\/li>\n<li>Sie wohnen in der Samtgemeinde Grafschaft Hoya<\/li>\n<li>Besondere Vorkenntnisse: Keine!<\/li>\n<\/ul>\n<p><strong>Verg\u00fctung:<\/strong><\/p>\n<p>Sie sind 24 Stunden am Tag, 365 Tage im Jahr ehrenamtlich als Feuerwehrmann\/-frau t\u00e4tig.<\/p>\n<p>&nbsp;<\/p>\n<p>Sollten wir Ihr Interesse geweckt haben, dann melden Sie sich bei Ihren jeweiligen Ortsbrandmeister.<\/p>\n<p>Wir freuen uns \u00fcber Ihre m\u00fcndliche Bewerbung!<\/p>\n","protected":false},"excerpt":{"rendered":"<p>Feuerwehrleute ( w\/m ) Unser Firmenprofil: Die Freiwilligen Feuerwehren Grafschaft Hoya stellen sich als traditionsbewusste aber auch moderne und zukunftsorientierte<\/p>\n","protected":false},"author":1,"featured_media":0,"parent":0,"menu_order":0,"comment_status":"closed","ping_status":"closed","template":"","meta":{"colormag_page_container_layout":"default_layout","colormag_page_sidebar_layout":"default_layout","footnotes":""},"class_list":["post-227","page","type-page","status-publish","hentry"],"_links":{"self":[{"href":"https:\/\/ff-sghoya.de\/index.php?rest_route=\/wp\/v2\/pages\/227","targetHints":{"allow":["GET"]}}],"collection":[{"href":"https:\/\/ff-sghoya.de\/index.php?rest_route=\/wp\/v2\/pages"}],"about":[{"href":"https:\/\/ff-sghoya.de\/index.php?rest_route=\/wp\/v2\/types\/page"}],"author":[{"embeddable":true,"href":"https:\/\/ff-sghoya.de\/index.php?rest_route=\/wp\/v2\/users\/1"}],"replies":[{"embeddable":true,"href":"https:\/\/ff-sghoya.de\/index.php?rest_route=%2Fwp%2Fv2%2Fcomments&post=227"}],"version-history":[{"count":0,"href":"https:\/\/ff-sghoya.de\/index.php?rest_route=\/wp\/v2\/pages\/227\/revisions"}],"wp:attachment":[{"href":"https:\/\/ff-sghoya.de\/index.php?rest_route=%2Fwp%2Fv2%2Fmedia&parent=227"}],"curies":[{"name":"wp","href":"https:\/\/api.w.org\/{rel}","templated":true}]}}