{"id":2056,"date":"2018-07-09T09:53:42","date_gmt":"2018-07-09T07:53:42","guid":{"rendered":"http:\/\/ff-sghoya.de\/?page_id=2056"},"modified":"2026-03-28T15:00:38","modified_gmt":"2026-03-28T14:00:38","slug":"herzlich-willkommen-bei-der-freiwilligen-feuerwehr-eystrup","status":"publish","type":"page","link":"https:\/\/ff-sghoya.de\/?page_id=2056","title":{"rendered":"Herzlich willkommen bei der Freiwilligen Feuerwehr Eystrup"},"content":{"rendered":"<p>Auf den folgenden Seiten m\u00f6chten wir Ihnen gerne einen kleinen Einblick \u00fcber unsere Eins\u00e4tze und Aktivit\u00e4ten geben.<\/p>\n<p>Eystrup liegt an der B215 zwischen Nienburg (Weser) und Verden (Aller) und hat eine Fl\u00e4che von ca. 24,06 km2 . Etwa 3.300 Einwohner sind in Eystrup zuhause.<\/p>\n<p>Das Team der Freiwilligen Feuerwehr Eystrup ist eine, von 18 Freiwilligen Feuerwehren in der Samtgemeinde Grafschaft Hoya. Unsere Einsatzabteilung besteht derzeit aus 44 M\u00e4nnern und Frauen.<\/p>\n<p>Wir sind Kameraden mit den verschiedensten Interessen und Berufen, aber eins eint uns:<br \/>Das Ziel, den in Not geratenen B\u00fcrgerinnen und B\u00fcrgern zu helfen und das: 24 Stunden am Tag und 365 Tage im Jahr.<\/p>\n<p>Wir sind jederzeit auf der Suche nach neuen Kameradinnen und Kameraden. Sollte Ihr Interesse geweckt worden sein, nehmen Sie gerne Kontakt zu uns auf.<\/p>\n<p>Unsere Adresse:<br \/>Freiwillige Feuerwehr Eystrup<br \/>An der Feuerwehr 1<br \/>27324 Eystrup<\/p>\n<p>info@ff-eystrup.de<\/p>\n\n\n<p><\/p>\n","protected":false},"excerpt":{"rendered":"<p>Auf den folgenden Seiten m\u00f6chten wir Ihnen gerne einen kleinen Einblick \u00fcber unsere Eins\u00e4tze und Aktivit\u00e4ten geben. Eystrup liegt an<\/p>\n","protected":false},"author":10,"featured_media":7155,"parent":0,"menu_order":0,"comment_status":"closed","ping_status":"closed","template":"","meta":{"colormag_page_container_layout":"default_layout","colormag_page_sidebar_layout":"default_layout","footnotes":""},"class_list":["post-2056","page","type-page","status-publish","has-post-thumbnail","hentry"],"_links":{"self":[{"href":"https:\/\/ff-sghoya.de\/index.php?rest_route=\/wp\/v2\/pages\/2056","targetHints":{"allow":["GET"]}}],"collection":[{"href":"https:\/\/ff-sghoya.de\/index.php?rest_route=\/wp\/v2\/pages"}],"about":[{"href":"https:\/\/ff-sghoya.de\/index.php?rest_route=\/wp\/v2\/types\/page"}],"author":[{"embeddable":true,"href":"https:\/\/ff-sghoya.de\/index.php?rest_route=\/wp\/v2\/users\/10"}],"replies":[{"embeddable":true,"href":"https:\/\/ff-sghoya.de\/index.php?rest_route=%2Fwp%2Fv2%2Fcomments&post=2056"}],"version-history":[{"count":12,"href":"https:\/\/ff-sghoya.de\/index.php?rest_route=\/wp\/v2\/pages\/2056\/revisions"}],"predecessor-version":[{"id":7156,"href":"https:\/\/ff-sghoya.de\/index.php?rest_route=\/wp\/v2\/pages\/2056\/revisions\/7156"}],"wp:featuredmedia":[{"embeddable":true,"href":"https:\/\/ff-sghoya.de\/index.php?rest_route=\/wp\/v2\/media\/7155"}],"wp:attachment":[{"href":"https:\/\/ff-sghoya.de\/index.php?rest_route=%2Fwp%2Fv2%2Fmedia&parent=2056"}],"curies":[{"name":"wp","href":"https:\/\/api.w.org\/{rel}","templated":true}]}}