{"id":1855,"date":"2018-08-21T09:10:54","date_gmt":"2018-08-21T07:10:54","guid":{"rendered":"http:\/\/ff-sghoya.de\/?page_id=1855"},"modified":"2018-08-21T18:28:08","modified_gmt":"2018-08-21T16:28:08","slug":"jf-eystrup-stellt-sich-vor","status":"publish","type":"page","link":"https:\/\/ff-sghoya.de\/?page_id=1855","title":{"rendered":""},"content":{"rendered":"<p><img loading=\"lazy\" decoding=\"async\" class=\"wp-image-1858 aligncenter\" src=\"http:\/\/ff-sghoya.de\/wp-content\/uploads\/2018\/04\/07042018_JF_Eystrup_Logo.jpg\" alt=\"\" width=\"660\" height=\"168\" \/><\/p>\n<p>Am 26.03.1994 wurde die Jugendfeuerwehr Eystrup und Umgebung der damaligen Samtgemeinde Eystrup gegr\u00fcndet. Diese setzt sich zusammen aus den Orten Eystrup, Hassel, Gandesbergen und H\u00e4melhausen.<\/p>\n<p>Nach der Fusion der Samtgemeinde Grafschaft Hoya und der Samtgemeinde Eystrup im Jahr 2011, geh\u00f6rt die Jugendfeuerwehr zu einer von vieren in der Samtgemeinde Grafschaft Hoya.<\/p>\n<p>&nbsp;<\/p>\n<p><strong>Was ist eine Jugendfeuerwehr?<\/strong><\/p>\n<p>Eine Jugendfeuerwehr ist die Jugendabteilung der Freiwilligen Feuerwehren, der du ab einem Alter von 10 Jahren zugeh\u00f6ren kannst.<\/p>\n<p>Hier lernst du mit Spa\u00df, Spannung und Action, was es hei\u00dft ein Feuerwehrmann bzw. eine Feuerwehrfrau zu sein und die grundlegenden Kenntnisse der Brandbek\u00e4mpfung, technischen Hilfeleistung, Erste Hilfe und vieles mehr.<\/p>\n<p>&nbsp;<\/p>\n<p><strong>Was erwartet dich neben der feuerwehrtechnischen Ausbildung?<\/strong><\/p>\n<ul>\n<li>Kreiszeltlager mit \u00fcber 1000 Teilnehmern<\/li>\n<li>Orimarsch<\/li>\n<li>Nachtwanderung<\/li>\n<li>Umweltschutz<\/li>\n<li>Altpapiersammlung<\/li>\n<li>Quizturnier<\/li>\n<li>Sport<\/li>\n<li>Bundeswettberwerb<\/li>\n<li>Ausfl\u00fcge<\/li>\n<li>&#8230;<\/li>\n<\/ul>\n<p><strong>Wann treffen wir uns?<\/strong><\/p>\n<p>Wir treffen uns jeden Freitag um 17:45 Uhr an den Feuerwehrger\u00e4teh\u00e4usern Eystrup, Hassel, Gandesbergen und H\u00e4melhausen.<\/p>\n<p>&nbsp;<\/p>\n","protected":false},"excerpt":{"rendered":"<p>Am 26.03.1994 wurde die Jugendfeuerwehr Eystrup und Umgebung der damaligen Samtgemeinde Eystrup gegr\u00fcndet. Diese setzt sich zusammen aus den Orten<\/p>\n","protected":false},"author":32,"featured_media":0,"parent":0,"menu_order":0,"comment_status":"closed","ping_status":"closed","template":"","meta":{"colormag_page_container_layout":"default_layout","colormag_page_sidebar_layout":"default_layout","footnotes":""},"class_list":["post-1855","page","type-page","status-publish","hentry"],"_links":{"self":[{"href":"https:\/\/ff-sghoya.de\/index.php?rest_route=\/wp\/v2\/pages\/1855","targetHints":{"allow":["GET"]}}],"collection":[{"href":"https:\/\/ff-sghoya.de\/index.php?rest_route=\/wp\/v2\/pages"}],"about":[{"href":"https:\/\/ff-sghoya.de\/index.php?rest_route=\/wp\/v2\/types\/page"}],"author":[{"embeddable":true,"href":"https:\/\/ff-sghoya.de\/index.php?rest_route=\/wp\/v2\/users\/32"}],"replies":[{"embeddable":true,"href":"https:\/\/ff-sghoya.de\/index.php?rest_route=%2Fwp%2Fv2%2Fcomments&post=1855"}],"version-history":[{"count":11,"href":"https:\/\/ff-sghoya.de\/index.php?rest_route=\/wp\/v2\/pages\/1855\/revisions"}],"predecessor-version":[{"id":2295,"href":"https:\/\/ff-sghoya.de\/index.php?rest_route=\/wp\/v2\/pages\/1855\/revisions\/2295"}],"wp:attachment":[{"href":"https:\/\/ff-sghoya.de\/index.php?rest_route=%2Fwp%2Fv2%2Fmedia&parent=1855"}],"curies":[{"name":"wp","href":"https:\/\/api.w.org\/{rel}","templated":true}]}}