{"id":1614,"date":"2018-01-16T18:14:02","date_gmt":"2018-01-16T17:14:02","guid":{"rendered":"http:\/\/ff-sghoya.de\/?page_id=1614"},"modified":"2018-01-16T18:14:02","modified_gmt":"2018-01-16T17:14:02","slug":"paten-feuerwehr-berlin-lichtenrade","status":"publish","type":"page","link":"https:\/\/ff-sghoya.de\/?page_id=1614","title":{"rendered":"Paten-Feuerwehr Berlin \u2013 Lichtenrade"},"content":{"rendered":"<p>Auf Vorschlag eines Feuerwehrkameraden aus Wienbergen, beschloss die Generalversammlung 1962 eine Sommerfahrt nach Berlin zu starten. Diese ging zur Freiwilligen Feuerwehr Berlin \u2013 Lichtenrade und war das Startzeichen f\u00fcr eine unzertrennliche Kameradschaft der beiden Wehren, die bis heute anh\u00e4lt. 1963 kam ein voller Bus Berliner Feuerwehrkammeraden zum Gegenbesuch nach Wienbergen, um mit den Wienberger Kammeraden das Kreisfeuerwehrfest in Hoya zu feiern. In den folgenden Jahren entstand so ein nettes und famili\u00e4res Verh\u00e4ltnis zwischen den beiden Feuerwehren, das bis heute nicht mehr wegzudenken ist. So werden fast allj\u00e4hrlich im Wechsel Besuche organisiert und durchgef\u00fchrt. Die Wienberger Kameraden fuhren zum Herbstvergn\u00fcgen nach Berlin und so kamen auch die Berliner zum j\u00e4hrlichen Feuerwehrball in die Samtgemeinde. Auch die Partner der Kameradinnen und Kameraden waren herzlich eingeladen. Anl\u00e4sslich des 75jahrigen Jubil\u00e4ums der Wienberger Feuerwehr nahmen die Berliner mit einer Gruppe an den Alterswettbewerben teil. Seit einigen Jahren nehmen die Lichtenrader auch am Weserbogenfest teil. Bei ihren Besuchen lernten die Berliner auch das Landleben etwas kennen, so wie auch Schweine im Direktkontakt. 2013 lud die Berliner Feuerwehr die Wienberger Wehr zu einem gemeinsamen Wochenende ein. Dieser folgten wir und verbrachten ein tolles und interessantes Wochenende in Berlin, mit Stadtrallye und Currywurstabend. 2016 waren einige unserer Kameraden zum Tag der offenen T\u00fcr in Berlin eingeladen und konnten ein interessantes Wochenende dort verbringen.<\/p>\n","protected":false},"excerpt":{"rendered":"<p>Auf Vorschlag eines Feuerwehrkameraden aus Wienbergen, beschloss die Generalversammlung 1962 eine Sommerfahrt nach Berlin zu starten. Diese ging zur Freiwilligen<\/p>\n","protected":false},"author":24,"featured_media":0,"parent":1313,"menu_order":0,"comment_status":"closed","ping_status":"closed","template":"","meta":{"colormag_page_container_layout":"default_layout","colormag_page_sidebar_layout":"default_layout","footnotes":""},"class_list":["post-1614","page","type-page","status-publish","hentry"],"_links":{"self":[{"href":"https:\/\/ff-sghoya.de\/index.php?rest_route=\/wp\/v2\/pages\/1614","targetHints":{"allow":["GET"]}}],"collection":[{"href":"https:\/\/ff-sghoya.de\/index.php?rest_route=\/wp\/v2\/pages"}],"about":[{"href":"https:\/\/ff-sghoya.de\/index.php?rest_route=\/wp\/v2\/types\/page"}],"author":[{"embeddable":true,"href":"https:\/\/ff-sghoya.de\/index.php?rest_route=\/wp\/v2\/users\/24"}],"replies":[{"embeddable":true,"href":"https:\/\/ff-sghoya.de\/index.php?rest_route=%2Fwp%2Fv2%2Fcomments&post=1614"}],"version-history":[{"count":1,"href":"https:\/\/ff-sghoya.de\/index.php?rest_route=\/wp\/v2\/pages\/1614\/revisions"}],"predecessor-version":[{"id":1615,"href":"https:\/\/ff-sghoya.de\/index.php?rest_route=\/wp\/v2\/pages\/1614\/revisions\/1615"}],"up":[{"embeddable":true,"href":"https:\/\/ff-sghoya.de\/index.php?rest_route=\/wp\/v2\/pages\/1313"}],"wp:attachment":[{"href":"https:\/\/ff-sghoya.de\/index.php?rest_route=%2Fwp%2Fv2%2Fmedia&parent=1614"}],"curies":[{"name":"wp","href":"https:\/\/api.w.org\/{rel}","templated":true}]}}