{"id":1488,"date":"2018-02-12T10:24:58","date_gmt":"2018-02-12T09:24:58","guid":{"rendered":"http:\/\/ff-sghoya.de\/?page_id=1488"},"modified":"2022-09-13T18:47:42","modified_gmt":"2022-09-13T16:47:42","slug":"hoya","status":"publish","type":"page","link":"https:\/\/ff-sghoya.de\/?page_id=1488","title":{"rendered":"Hoya"},"content":{"rendered":"<p><strong><em><span style=\"color: #993300;\">Die Freiwillige Feuerwehr Hoya begr\u00fc\u00dft Sie recht herzlich auf unserer Internetpr\u00e4senz.<\/span><\/em><\/strong><\/p>\n<p>Auf dieser und folgenden Seiten m\u00f6chten wir Ihnen die Ortswehr Hoya vorstellen. Neben Berichten vergangener Eins\u00e4tze erhalten Sie eine \u00dcbersicht unserer Fahrzeuge sowie viele weitere Informationen.<\/p>\n<p><iframe loading=\"lazy\" title=\"Spektakul\u00e4re Einsatz\u00fcbung der Feuerwehr Hoya\" width=\"800\" height=\"450\" src=\"https:\/\/www.youtube.com\/embed\/5tHj4z8IY-s?feature=oembed\" frameborder=\"0\" allow=\"accelerometer; autoplay; clipboard-write; encrypted-media; gyroscope; picture-in-picture\" allowfullscreen><\/iframe><\/p>\n<p>Wenn Sie an einer aktiven Mitgliedschaft in der Ortswehr Hoya interessiert sind, k\u00f6nnen Sie uns gerne pers\u00f6nlich an einem unserer Dienstabende besuchen. Werfen Sie hierzu einfach einen Blick in unseren <a href=\"http:\/\/ff-sghoya.de\/?page_id=1476\">Dienstplan<\/a>. Wir sind dankbar f\u00fcr jeden interessierten B\u00fcrger der dieses spannende Ehrenamt aus\u00fcben m\u00f6chte.<\/p>\n","protected":false},"excerpt":{"rendered":"<p>Die Freiwillige Feuerwehr Hoya begr\u00fc\u00dft Sie recht herzlich auf unserer Internetpr\u00e4senz. Auf dieser und folgenden Seiten m\u00f6chten wir Ihnen die<\/p>\n","protected":false},"author":27,"featured_media":0,"parent":0,"menu_order":0,"comment_status":"closed","ping_status":"closed","template":"","meta":{"colormag_page_container_layout":"default_layout","colormag_page_sidebar_layout":"default_layout","footnotes":""},"class_list":["post-1488","page","type-page","status-publish","hentry"],"_links":{"self":[{"href":"https:\/\/ff-sghoya.de\/index.php?rest_route=\/wp\/v2\/pages\/1488","targetHints":{"allow":["GET"]}}],"collection":[{"href":"https:\/\/ff-sghoya.de\/index.php?rest_route=\/wp\/v2\/pages"}],"about":[{"href":"https:\/\/ff-sghoya.de\/index.php?rest_route=\/wp\/v2\/types\/page"}],"author":[{"embeddable":true,"href":"https:\/\/ff-sghoya.de\/index.php?rest_route=\/wp\/v2\/users\/27"}],"replies":[{"embeddable":true,"href":"https:\/\/ff-sghoya.de\/index.php?rest_route=%2Fwp%2Fv2%2Fcomments&post=1488"}],"version-history":[{"count":8,"href":"https:\/\/ff-sghoya.de\/index.php?rest_route=\/wp\/v2\/pages\/1488\/revisions"}],"predecessor-version":[{"id":4895,"href":"https:\/\/ff-sghoya.de\/index.php?rest_route=\/wp\/v2\/pages\/1488\/revisions\/4895"}],"wp:attachment":[{"href":"https:\/\/ff-sghoya.de\/index.php?rest_route=%2Fwp%2Fv2%2Fmedia&parent=1488"}],"curies":[{"name":"wp","href":"https:\/\/api.w.org\/{rel}","templated":true}]}}