{"id":1421,"date":"2017-12-30T09:34:00","date_gmt":"2017-12-30T08:34:00","guid":{"rendered":"http:\/\/ff-sghoya.de\/?page_id=1421"},"modified":"2020-03-03T18:15:16","modified_gmt":"2020-03-03T17:15:16","slug":"fahrzeug","status":"publish","type":"page","link":"https:\/\/ff-sghoya.de\/?page_id=1421","title":{"rendered":"Fahrzeug FF Gem. Warpe"},"content":{"rendered":"<p style=\"text-align: center;\"><a href=\"http:\/\/ff-sghoya.de\/wp-content\/uploads\/2017\/12\/ffwarpe-tsf.jpg\"><img loading=\"lazy\" decoding=\"async\" class=\"alignnone wp-image-1415\" src=\"http:\/\/ff-sghoya.de\/wp-content\/uploads\/2017\/12\/ffwarpe-tsf.jpg\" alt=\"\" width=\"240\" height=\"180\" \/><\/a><\/p>\n<p><strong>Daten<\/strong><br \/>\nFahrzeugtyp: Tragkraftsprizenfahrzeug mit Doppelkabine (TSF-Doka)<br \/>\nFunkrufnahme: Flo Ni 10-40-16<br \/>\nBesatzung: 1:5 (Staffel)<br \/>\nHersteller: Volkswagen (Crafter)<br \/>\nAufbau: Heinz Meyer (Rehden)<br \/>\nBaujahr: 2010<br \/>\nIndienststellung: 12\/2010<\/p>\n<p><strong>Beladung:<\/strong><\/p>\n<p>Auf dem TSF befindet sich eine umfangreiche feuerwehrtechnische Beladung zur Brandbek\u00e4mpfung f\u00fcr eine Gruppe. F\u00fcr sehr einfache Technische Hilfeleistung ist ebenfalls Ausr\u00fcstung wie Brecheisen vorhanden. Die Normbeladung eines TSF besteht unter anderem aus sechs C-Druckschl\u00e4uchen, acht B-Druckschl\u00e4uchen, vier A-Saugschl\u00e4uchen und einer Tragkraftspritze (TS).<br \/>\nAls Zusatzbeladung verf\u00fcgt dieses Fahrzeug \u00fcber einen Verkehrssicherungs- und Beleuchtungssatz.<br \/>\nEs Verf\u00fcgt \u00fcber eine Umfeld Beleuchtung und einem pneumatisch ausfahrbaren Hallogenstrahler am Heck des Fahrzeugs.<\/p>\n<p style=\"text-align: center;\"><img loading=\"lazy\" decoding=\"async\" class=\"alignnone size-full wp-image-1416\" src=\"http:\/\/ff-sghoya.de\/wp-content\/uploads\/2017\/12\/ffwarpe-Ger\u00e4terraum-1-auto.jpg\" alt=\"\" width=\"233\" height=\"175\" \/>\u00a0\u00a0 \u00a0<img loading=\"lazy\" decoding=\"async\" class=\"alignnone size-full wp-image-1418\" src=\"http:\/\/ff-sghoya.de\/wp-content\/uploads\/2017\/12\/ffwarpe-Ger\u00e4terraum-3-auto.jpg\" alt=\"\" width=\"233\" height=\"175\" \/> \u00a0 \u00a0<img loading=\"lazy\" decoding=\"async\" class=\"alignnone size-full wp-image-1417\" src=\"http:\/\/ff-sghoya.de\/wp-content\/uploads\/2017\/12\/ffwarpe-Ger\u00e4terraum-2-auto.jpg\" alt=\"\" width=\"233\" height=\"175\" \/><\/p>\n<p style=\"text-align: center;\"><img loading=\"lazy\" decoding=\"async\" class=\"alignnone wp-image-1453\" src=\"http:\/\/ff-sghoya.de\/wp-content\/uploads\/2017\/12\/ffwarpe-ts.jpg\" alt=\"\" width=\"233\" height=\"210\" \/><\/p>\n<p style=\"text-align: left;\">\u00a0 <strong>Aufgaben:<\/strong><\/p>\n<p>Tragkraftspritzenfahrzeuge, kurz TSF werden \u00fcberwiegend f\u00fcr die Brandbek\u00e4mpfung, als auch zur Technischen Hilfeleistung kleineren Umfangs eingesetzt.<br \/>\nDieses Fahrzeug kann aufgrund seines Beleuchtungs- und Verkehrssicherungssatzes auch bei n\u00e4chtlichen Eins\u00e4tzen und\/oder Verkehrsunf\u00e4llen im St\u00fctzpunktbereich B\u00fccken hinzugezogen werden, um die Einsatzstelle ausreichend ausleuchten oder die Unfallstelle, gegen nachfolgenden Verkehr, absichern zu k\u00f6nnen.<\/p>\n<p><em><strong>Ehemaliges Fahrzeug<\/strong><\/em><\/p>\n<p>Am 11.12.2010 wurde unser altes Tragkraftspritzenfahrzeug durch das aktuelle TSF-DoKa ersetzt.<\/p>\n<p>Dieses Fahrzeug hat uns \u00fcber 32 Jahre hinweg treu gedient.<\/p>\n<p>Das von der Firma Domeyer gebaute Auto verf\u00fcgte \u00fcber eine Staffelbesatzung.<\/p>\n<p>Da 2010 der T\u00dcV ablief und die Kosten und der Aufwand f\u00fcr einen neuen &#8222;Stempel&#8220; zu hoch gewesen w\u00e4ren, wurde von der Samtgemeinde Grafschaft Hoya beschlossen es in den wohlverdienten Ruhestand zu schicken.<\/p>\n<p style=\"text-align: center;\"><img loading=\"lazy\" decoding=\"async\" class=\"alignnone wp-image-1452\" src=\"http:\/\/ff-sghoya.de\/wp-content\/uploads\/2017\/12\/ffwarpe-ehemaliges-Fahrzeug.jpg\" alt=\"\" width=\"233\" height=\"175\" \/><\/p>\n","protected":false},"excerpt":{"rendered":"<p>Daten Fahrzeugtyp: Tragkraftsprizenfahrzeug mit Doppelkabine (TSF-Doka) Funkrufnahme: Flo Ni 10-40-16 Besatzung: 1:5 (Staffel) Hersteller: Volkswagen (Crafter) Aufbau: Heinz Meyer (Rehden)<\/p>\n","protected":false},"author":19,"featured_media":0,"parent":1398,"menu_order":2,"comment_status":"closed","ping_status":"closed","template":"","meta":{"colormag_page_container_layout":"default_layout","colormag_page_sidebar_layout":"default_layout","footnotes":""},"class_list":["post-1421","page","type-page","status-publish","hentry"],"_links":{"self":[{"href":"https:\/\/ff-sghoya.de\/index.php?rest_route=\/wp\/v2\/pages\/1421","targetHints":{"allow":["GET"]}}],"collection":[{"href":"https:\/\/ff-sghoya.de\/index.php?rest_route=\/wp\/v2\/pages"}],"about":[{"href":"https:\/\/ff-sghoya.de\/index.php?rest_route=\/wp\/v2\/types\/page"}],"author":[{"embeddable":true,"href":"https:\/\/ff-sghoya.de\/index.php?rest_route=\/wp\/v2\/users\/19"}],"replies":[{"embeddable":true,"href":"https:\/\/ff-sghoya.de\/index.php?rest_route=%2Fwp%2Fv2%2Fcomments&post=1421"}],"version-history":[{"count":9,"href":"https:\/\/ff-sghoya.de\/index.php?rest_route=\/wp\/v2\/pages\/1421\/revisions"}],"predecessor-version":[{"id":3443,"href":"https:\/\/ff-sghoya.de\/index.php?rest_route=\/wp\/v2\/pages\/1421\/revisions\/3443"}],"up":[{"embeddable":true,"href":"https:\/\/ff-sghoya.de\/index.php?rest_route=\/wp\/v2\/pages\/1398"}],"wp:attachment":[{"href":"https:\/\/ff-sghoya.de\/index.php?rest_route=%2Fwp%2Fv2%2Fmedia&parent=1421"}],"curies":[{"name":"wp","href":"https:\/\/api.w.org\/{rel}","templated":true}]}}