{"id":1398,"date":"2017-12-29T16:13:49","date_gmt":"2017-12-29T15:13:49","guid":{"rendered":"http:\/\/ff-sghoya.de\/?page_id=1398"},"modified":"2020-03-03T17:09:29","modified_gmt":"2020-03-03T16:09:29","slug":"warpe-windhorst","status":"publish","type":"page","link":"https:\/\/ff-sghoya.de\/?page_id=1398","title":{"rendered":"FF Gemeinde Warpe"},"content":{"rendered":"<p><img loading=\"lazy\" decoding=\"async\" class=\"aligncenter\" src=\"http:\/\/ff-sghoya.de\/wp-content\/uploads\/2020\/03\/FFGemWarpeTSFW.jpg\" width=\"618\" height=\"618\" \/><\/p>\n<p style=\"text-align: center;\"><strong><em><u>Herzlich Willkommen bei der Freiwilligen Feuerwehr Gemeinde Warpe.<\/u><\/em><\/strong><\/p>\n<p style=\"text-align: center;\">Die Gemeinde Warpe liegt im s\u00fcdlichen Teil der Samtgemeinde Grafschaft Hoya, zwischen B\u00fccken, Wietzen und Asendorf.<\/p>\n<p style=\"text-align: center;\">Sie besteht aus den Ortsteilen Warpe, Windhorst (mit Burdorf), Nordholz und Helzendorf.<\/p>\n<p style=\"text-align: center;\">Die Gemeinde hat ca. 790 Einwohner, die sich auf einer Fl\u00e4che von 20 km\u00b2 verteilen.<\/p>\n<p style=\"text-align: center;\">Die Wehr besteht derzeit aus 42 Aktiven, davon 6 Atemschutzger\u00e4tetr\u00e4ger, 14 Alterskameraden, 34 F\u00f6rdermitgliedern, 3 Mitgliedern in der Jugendfeuerwehr, sowie 3 in der Kinderfeuerwehr.<\/p>\n<p style=\"text-align: center;\">Sie werden auf den n\u00e4chsten Seiten viele interessante Informationen, wie z.B. \u00fcber unser Fahrzeug, Eins\u00e4tze und vieles mehr \u00fcber die Feuerwehr Gemeinde Warpe finden.<\/p>\n<p style=\"text-align: center;\">Sollten Sie sich f\u00fcr eine aktive Mitgliedschaft interessieren, laden wir Sie aufs herzlichste ein, pers\u00f6nlich bei uns vorbeizukommen.<\/p>\n<p style=\"text-align: center;\"><a href=\"http:\/\/ff-sghoya.de\/?attachment_id=3420\" rel=\"attachment wp-att-3420\"><img loading=\"lazy\" decoding=\"async\" class=\"size-full wp-image-3420 aligncenter\" src=\"http:\/\/ff-sghoya.de\/wp-content\/uploads\/2020\/03\/Dienstplan22020.jpg\" alt=\"\" width=\"692\" height=\"960\" \/><\/a><\/p>\n<p style=\"text-align: center;\"><em><strong><br \/>\nDie Feuerwehr Gemeinde Warpe w\u00fcnscht Ihnen viel Spa\u00df beim durchst\u00f6bern der Seite.<\/strong><\/em><\/p>\n<p style=\"text-align: center;\"><strong><em><u>Standort <\/u><\/em><\/strong><\/p>\n<p style=\"text-align: center;\">Das Feuerwehr Ger\u00e4tehaus liegt an einer g\u00fcnstigen Stelle am DGH in Helzendorf.<br \/>\nDirekt an der Ortsdurchfahrt L352 gelegen ist es von allen Himmelsrichtungen z\u00fcgig zu erreichen.<\/p>\n<p style=\"text-align: center;\"><strong>Ger\u00e4tehaus Anschrift :<\/strong><\/p>\n<p style=\"text-align: center;\">Freiwillige Feuerwehr Gem. Warpe<br \/>\nHelzendorf 35<br \/>\n27333 Warpe<\/p>\n<p style=\"text-align: center;\"><strong>Postalische Anschrift :<\/strong><\/p>\n<p style=\"text-align: center;\">Freiwillige Feuerwehr Gem. Warpe<br \/>\nWarpe 11<br \/>\n27333Warpe<\/p>\n","protected":false},"excerpt":{"rendered":"<p>Herzlich Willkommen bei der Freiwilligen Feuerwehr Gemeinde Warpe. Die Gemeinde Warpe liegt im s\u00fcdlichen Teil der Samtgemeinde Grafschaft Hoya, zwischen<\/p>\n","protected":false},"author":19,"featured_media":0,"parent":0,"menu_order":0,"comment_status":"closed","ping_status":"closed","template":"","meta":{"colormag_page_container_layout":"default_layout","colormag_page_sidebar_layout":"default_layout","footnotes":""},"class_list":["post-1398","page","type-page","status-publish","hentry"],"_links":{"self":[{"href":"https:\/\/ff-sghoya.de\/index.php?rest_route=\/wp\/v2\/pages\/1398","targetHints":{"allow":["GET"]}}],"collection":[{"href":"https:\/\/ff-sghoya.de\/index.php?rest_route=\/wp\/v2\/pages"}],"about":[{"href":"https:\/\/ff-sghoya.de\/index.php?rest_route=\/wp\/v2\/types\/page"}],"author":[{"embeddable":true,"href":"https:\/\/ff-sghoya.de\/index.php?rest_route=\/wp\/v2\/users\/19"}],"replies":[{"embeddable":true,"href":"https:\/\/ff-sghoya.de\/index.php?rest_route=%2Fwp%2Fv2%2Fcomments&post=1398"}],"version-history":[{"count":24,"href":"https:\/\/ff-sghoya.de\/index.php?rest_route=\/wp\/v2\/pages\/1398\/revisions"}],"predecessor-version":[{"id":3430,"href":"https:\/\/ff-sghoya.de\/index.php?rest_route=\/wp\/v2\/pages\/1398\/revisions\/3430"}],"wp:attachment":[{"href":"https:\/\/ff-sghoya.de\/index.php?rest_route=%2Fwp%2Fv2%2Fmedia&parent=1398"}],"curies":[{"name":"wp","href":"https:\/\/api.w.org\/{rel}","templated":true}]}}