{"id":119,"date":"2016-06-10T10:16:37","date_gmt":"2016-06-10T08:16:37","guid":{"rendered":"http:\/\/ffwhassel.bplaced.net\/?page_id=119"},"modified":"2016-06-10T10:16:37","modified_gmt":"2016-06-10T08:16:37","slug":"richtiges-handeln-bei-verkehrsunfaellen","status":"publish","type":"page","link":"https:\/\/ff-sghoya.de\/?page_id=119","title":{"rendered":"Richtiges handeln bei Verkehrsunf\u00e4llen"},"content":{"rendered":"<p><strong>Wie handel ich bei einem Verkehrsunfall?<\/strong><\/p>\n<p><img loading=\"lazy\" decoding=\"async\" class=\"size-thumbnail wp-image-120 alignright\" src=\"http:\/\/ff-sghoya.de\/wp-content\/uploads\/2016\/06\/9710ddbc68-150x149.jpg\" alt=\"9710ddbc68\" width=\"150\" height=\"149\" \/>Fast jeder Autofahrer hat es schon einmal erlebt. Man kommt mit seinem Fahrzeug auf einem unmittelbar ereigneten Verkehrsunfall drauf zu. Doch was mache ich nun? Sofort aus meinem Auto steigen und zum verunfallten Fahrzeug gehen? Nein!!! Lesen Sie im Folgenden, wie Sie sich bei einer solchen Situation richtig verhalten.<\/p>\n<p><strong>Sicherheit und Ruhe im Notfall:<\/strong><\/p>\n<p>Wer gut informiert ist, wei\u00df, was im Notfall zu tun ist. Die regelm\u00e4\u00dfige Wiederholung von Erste-Hilfe-Kursen ist daher die beste Voraussetzung, sich und anderen helfen zu k\u00f6nnen.<\/p>\n<ul>\n<li>Unfallstelle absichern und r\u00e4umen<\/li>\n<li>Schalten Sie das Warnblinklicht ein.<\/li>\n<li>Stellen Sie gut sichtbar ein Warndreieck auf\n<ul>\n<li>100 Meter vor der Unfallstelle auf Landstra\u00dfen<\/li>\n<li>200 Meter vor der Unfallstelle auf der Autobahn.<\/li>\n<\/ul>\n<\/li>\n<li>Unfallort nicht verlassen<\/li>\n<li>Hilfe rufen &#8211; Notruf absetzen<\/li>\n<li>Bei einem Verkehrsunfall mit eingeklemmten Personen rufen sie die Feuerwehr unter 112<\/li>\n<li>Bei brennender Kleidung: Feuer mit Decken, T\u00fcchern, M\u00e4nteln ersticken.<\/li>\n<li>Verletzte (wegen m\u00f6glicher innerer Verletzungen) nur im Notfall (Feuer, Explosionsgefahr, Verkehr) von der Unfallstelle fortschleifen, wenn erforderlich: Rautekgriff anwenden.<\/li>\n<li>Lebenswichtige Funktionen bei Unfall-Opfern kontrollieren (Puls, Atmung Herzschlag).<\/li>\n<li>Nicht ansprechbare Verletzte, die aber regelm\u00e4\u00dfig atmen, in stabile Seitenlage bringen.<\/li>\n<li>Zus\u00e4tzlich sind die Vitalfunktionen (Atmung, Kreislauf) jede Minute zu kontrollieren<\/li>\n<li>Verletzte, die nicht mehr atmen: k\u00fcnstlich beatmen (Mund zu Mund oder Mund zu Nase), Herzdruckmassage anwenden.<\/li>\n<li>Blutungen stillen<\/li>\n<li>Wundversorgung an offenen Wunden (Brandwunden nicht ber\u00fchren)<\/li>\n<li>Verletzte warm halten bzw. zudecken<\/li>\n<li>Verletzte ermutigen, tr\u00f6sten und beruhigen (laut und deutlich mit ihnen reden aber NICHT schreien!!!).<\/li>\n<\/ul>\n","protected":false},"excerpt":{"rendered":"<p>Wie handel ich bei einem Verkehrsunfall? Fast jeder Autofahrer hat es schon einmal erlebt. Man kommt mit seinem Fahrzeug auf<\/p>\n","protected":false},"author":1,"featured_media":0,"parent":0,"menu_order":0,"comment_status":"closed","ping_status":"closed","template":"","meta":{"colormag_page_container_layout":"default_layout","colormag_page_sidebar_layout":"default_layout","footnotes":""},"class_list":["post-119","page","type-page","status-publish","hentry"],"_links":{"self":[{"href":"https:\/\/ff-sghoya.de\/index.php?rest_route=\/wp\/v2\/pages\/119","targetHints":{"allow":["GET"]}}],"collection":[{"href":"https:\/\/ff-sghoya.de\/index.php?rest_route=\/wp\/v2\/pages"}],"about":[{"href":"https:\/\/ff-sghoya.de\/index.php?rest_route=\/wp\/v2\/types\/page"}],"author":[{"embeddable":true,"href":"https:\/\/ff-sghoya.de\/index.php?rest_route=\/wp\/v2\/users\/1"}],"replies":[{"embeddable":true,"href":"https:\/\/ff-sghoya.de\/index.php?rest_route=%2Fwp%2Fv2%2Fcomments&post=119"}],"version-history":[{"count":0,"href":"https:\/\/ff-sghoya.de\/index.php?rest_route=\/wp\/v2\/pages\/119\/revisions"}],"wp:attachment":[{"href":"https:\/\/ff-sghoya.de\/index.php?rest_route=%2Fwp%2Fv2%2Fmedia&parent=119"}],"curies":[{"name":"wp","href":"https:\/\/api.w.org\/{rel}","templated":true}]}}