{"id":1132,"date":"2017-10-03T01:52:17","date_gmt":"2017-10-02T23:52:17","guid":{"rendered":"http:\/\/ff-sghoya.de\/?page_id=1132"},"modified":"2017-12-26T10:57:12","modified_gmt":"2017-12-26T09:57:12","slug":"ortsfeuerwehr-haemelhausen","status":"publish","type":"page","link":"https:\/\/ff-sghoya.de\/?page_id=1132","title":{"rendered":"Freiwillige Feuerwehr H\u00e4melhausen"},"content":{"rendered":"<p style=\"text-align: center;\"><img loading=\"lazy\" decoding=\"async\" class=\"wp-image-1138 alignleft\" src=\"http:\/\/ff-sghoya.de\/wp-content\/uploads\/2017\/10\/TSF_072.jpg\" alt=\"\" width=\"400\" height=\"268\" srcset=\"https:\/\/ff-sghoya.de\/wp-content\/uploads\/2017\/10\/TSF_072.jpg 822w, https:\/\/ff-sghoya.de\/wp-content\/uploads\/2017\/10\/TSF_072-768x514.jpg 768w\" sizes=\"auto, (max-width: 400px) 100vw, 400px\" \/><\/p>\n<p style=\"text-align: left;\">Seit der Gr\u00fcndung der Freiwilligen Feuerwehr H\u00e4melhausen im Jahr 1936, haben sich zahlreiche Bewohner unseres kleinen Ortes ehrenamtlich der kameradschaftlichen Ortsfeuerwehr angeschlossen, sodass wir den Brandschutz und technische Hilfeleistungen\u00a0bis heute und noch viele weitere Jahre\u00a0sicherstellen k\u00f6nnen.<\/p>\n<p style=\"text-align: left;\">Die Freiwillige Feuerwehr H\u00e4melhausen ist eine Ortsfeuerwehr mit Grundausstattung und gliedert sich in zwei aktive Einsatzgruppen, sowie eine Altersabteilung. Dar\u00fcber hinaus verf\u00fcgt die Freiwillige Feuerwehr H\u00e4melhausen \u00fcber zwei sehr aktive Wettkampfgruppen, in denen die Mitglieder mit Spa\u00df und Freude regelm\u00e4\u00dfig ihr K\u00f6nnen und den guten Ausbildungsstand unter Beweis stellen d\u00fcrfen.<\/p>\n<p style=\"text-align: left;\">Neben dem klassischen Brandschutz gewinnt zunehmend auch die technische Hilfeleistung, insbesondere bei Sturmsch\u00e4den, Unwetterlagen und Verkehrsunf\u00e4llen an Bedeutung f\u00fcr\u00a0unsere Feuerwehr. Hierf\u00fcr sind stets schnelle Reaktionszeiten, ausreichend Personal\u00a0und unkomplizierte Hilfe f\u00fcr die Betroffenen gefragt.<\/p>\n<p style=\"text-align: left;\">Das daf\u00fcr bereitgestellte Tragkraftspritzenfahrzeug TSF wurde als Ersatz f\u00fcr ein L\u00f6schgruppenfahrzeug LF8 im Dezember 2010 in den Dienst gestellt, fasst personell eine L\u00f6schstaffel\u00a0(6)\u00a0und beinhaltet eine Materialbeladung f\u00fcr eine L\u00f6schgruppe (9).<\/p>\n<p style=\"text-align: center;\"><a href=\"http:\/\/ff-sghoya.de\/wp-content\/uploads\/2017\/10\/TSF_072.jpg\">\u00a0<\/a><\/p>\n<p style=\"text-align: center;\">\u00a0<a href=\"http:\/\/ff-sghoya.de\/wp-content\/uploads\/2017\/10\/TSF_016.jpg\"><img loading=\"lazy\" decoding=\"async\" class=\"alignnone wp-image-1134\" src=\"http:\/\/ff-sghoya.de\/wp-content\/uploads\/2017\/10\/TSF_016.jpg\" alt=\"\" width=\"150\" height=\"115\" \/><\/a> <a href=\"http:\/\/ff-sghoya.de\/wp-content\/uploads\/2017\/10\/TSF_026.jpg\"><img loading=\"lazy\" decoding=\"async\" class=\"alignnone wp-image-1135\" src=\"http:\/\/ff-sghoya.de\/wp-content\/uploads\/2017\/10\/TSF_026.jpg\" alt=\"\" width=\"149\" height=\"100\" srcset=\"https:\/\/ff-sghoya.de\/wp-content\/uploads\/2017\/10\/TSF_026.jpg 822w, https:\/\/ff-sghoya.de\/wp-content\/uploads\/2017\/10\/TSF_026-768x514.jpg 768w\" sizes=\"auto, (max-width: 149px) 100vw, 149px\" \/><\/a> <a href=\"http:\/\/ff-sghoya.de\/wp-content\/uploads\/2017\/10\/TSF_029.jpg\"><img loading=\"lazy\" decoding=\"async\" class=\"alignnone wp-image-1136\" src=\"http:\/\/ff-sghoya.de\/wp-content\/uploads\/2017\/10\/TSF_029.jpg\" alt=\"\" width=\"150\" height=\"101\" srcset=\"https:\/\/ff-sghoya.de\/wp-content\/uploads\/2017\/10\/TSF_029.jpg 815w, https:\/\/ff-sghoya.de\/wp-content\/uploads\/2017\/10\/TSF_029-768x518.jpg 768w\" sizes=\"auto, (max-width: 150px) 100vw, 150px\" \/><\/a>\u00a0<a href=\"http:\/\/ff-sghoya.de\/wp-content\/uploads\/2017\/10\/TSF_014.jpg\"><img loading=\"lazy\" decoding=\"async\" class=\"alignnone wp-image-1133\" src=\"http:\/\/ff-sghoya.de\/wp-content\/uploads\/2017\/10\/TSF_014.jpg\" alt=\"\" width=\"150\" height=\"145\" \/><\/a><\/p>\n<p style=\"text-align: left;\">Um\u00a0im Fall der F\u00e4lle\u00a0die Bewohner und Bewohnerinnen unserer Samtgemeinde\u00a0auch weiterhin angemessen sch\u00fctzen und unterst\u00fctzen zu k\u00f6nnen, ben\u00f6tigen wir st\u00e4ndig Nachwuchs in der Einsatzabteilung. Sollten Sie Interesse an einer kameradschaftlichen Gemeinschaft haben, die mit Ihrem Engagement gutes bewirkt, dann sprechen Sie uns jederzeit gerne an.<\/p>\n<p style=\"text-align: left;\">M\u00f6chten Sie sich nicht aktiv am Dienst beteiligen und stattdessen lieber als f\u00f6rderndes Mitglied der Ortsfeuerwehr H\u00e4melhausen beitreten,\u00a0freuen wir\u00a0uns selbstverst\u00e4ndlich auch dar\u00fcber sehr.<\/p>\n","protected":false},"excerpt":{"rendered":"<p>Seit der Gr\u00fcndung der Freiwilligen Feuerwehr H\u00e4melhausen im Jahr 1936, haben sich zahlreiche Bewohner unseres kleinen Ortes ehrenamtlich der kameradschaftlichen<\/p>\n","protected":false},"author":3,"featured_media":1138,"parent":1143,"menu_order":1,"comment_status":"closed","ping_status":"closed","template":"","meta":{"colormag_page_container_layout":"default_layout","colormag_page_sidebar_layout":"default_layout","footnotes":""},"class_list":["post-1132","page","type-page","status-publish","has-post-thumbnail","hentry"],"_links":{"self":[{"href":"https:\/\/ff-sghoya.de\/index.php?rest_route=\/wp\/v2\/pages\/1132","targetHints":{"allow":["GET"]}}],"collection":[{"href":"https:\/\/ff-sghoya.de\/index.php?rest_route=\/wp\/v2\/pages"}],"about":[{"href":"https:\/\/ff-sghoya.de\/index.php?rest_route=\/wp\/v2\/types\/page"}],"author":[{"embeddable":true,"href":"https:\/\/ff-sghoya.de\/index.php?rest_route=\/wp\/v2\/users\/3"}],"replies":[{"embeddable":true,"href":"https:\/\/ff-sghoya.de\/index.php?rest_route=%2Fwp%2Fv2%2Fcomments&post=1132"}],"version-history":[{"count":19,"href":"https:\/\/ff-sghoya.de\/index.php?rest_route=\/wp\/v2\/pages\/1132\/revisions"}],"predecessor-version":[{"id":1173,"href":"https:\/\/ff-sghoya.de\/index.php?rest_route=\/wp\/v2\/pages\/1132\/revisions\/1173"}],"up":[{"embeddable":true,"href":"https:\/\/ff-sghoya.de\/index.php?rest_route=\/wp\/v2\/pages\/1143"}],"wp:featuredmedia":[{"embeddable":true,"href":"https:\/\/ff-sghoya.de\/index.php?rest_route=\/wp\/v2\/media\/1138"}],"wp:attachment":[{"href":"https:\/\/ff-sghoya.de\/index.php?rest_route=%2Fwp%2Fv2%2Fmedia&parent=1132"}],"curies":[{"name":"wp","href":"https:\/\/api.w.org\/{rel}","templated":true}]}}