{"id":108,"date":"2016-06-10T09:48:34","date_gmt":"2016-06-10T07:48:34","guid":{"rendered":"http:\/\/ffwhassel.bplaced.net\/?page_id=108"},"modified":"2016-06-10T09:48:34","modified_gmt":"2016-06-10T07:48:34","slug":"infos","status":"publish","type":"page","link":"https:\/\/ff-sghoya.de\/?page_id=108","title":{"rendered":"Infos"},"content":{"rendered":"<div><span style=\"font-family: verdana; font-size: large;\"><b>B\u00fcrgerinformation<br \/>\n<\/b><\/span><\/div>\n<p>&nbsp;<\/p>\n<p>Unter dieser Rubrik haben wir f\u00fcr die Bev\u00f6lkerung ein paar allgemeine Informationen rund um das Thema Feuerwehr zusammengestellt.<br \/>\nSollten Sie dennoch offene Fragen zu den\u00a0Themen links haben, k\u00f6nnen Sie diese gerne ihrer Feuerwehr stellen.<\/p>\n<div><span style=\"font-family: verdana; font-size: large;\"><b>Wichtige Rufnummern<br \/>\n<\/b><\/span><\/div>\n<table style=\"height: 254px;\" border=\"0\" width=\"498\" cellspacing=\"0\" cellpadding=\"1\">\n<tbody>\n<tr>\n<td valign=\"top\">Feuerwehr \/ Rettungsdienst<\/td>\n<td valign=\"top\">112<\/td>\n<\/tr>\n<tr>\n<td valign=\"top\">Krankentransport<\/td>\n<td valign=\"top\">19222<\/td>\n<\/tr>\n<tr>\n<td valign=\"top\">Polizeinotruf<\/td>\n<td valign=\"top\">110<\/td>\n<\/tr>\n<tr>\n<td valign=\"top\">Polizeistation Hoya<\/td>\n<td valign=\"top\">04251\/93460<\/td>\n<\/tr>\n<tr>\n<td valign=\"top\">Integrierte Regionalleitstelle Statdhagen<\/td>\n<td valign=\"top\">05721\/937000<\/td>\n<\/tr>\n<tr>\n<td valign=\"top\">Giftnotrufzentrale G\u00f6ttingen<\/td>\n<td valign=\"top\">0551\/19240<\/td>\n<\/tr>\n<tr>\n<td valign=\"top\">St\u00f6rungsdienst Strom<\/td>\n<td valign=\"top\">0800\/0282266<\/td>\n<\/tr>\n<tr>\n<td valign=\"top\">St\u00f6rungsdienst Gas<\/td>\n<td valign=\"top\">0800\/4282266<\/td>\n<\/tr>\n<tr>\n<td valign=\"top\">Krankenhaus Nienburg<\/td>\n<td valign=\"top\">05021\/92100<\/td>\n<\/tr>\n<\/tbody>\n<\/table>\n","protected":false},"excerpt":{"rendered":"<p>B\u00fcrgerinformation &nbsp; Unter dieser Rubrik haben wir f\u00fcr die Bev\u00f6lkerung ein paar allgemeine Informationen rund um das Thema Feuerwehr zusammengestellt.<\/p>\n","protected":false},"author":1,"featured_media":0,"parent":0,"menu_order":0,"comment_status":"closed","ping_status":"closed","template":"","meta":{"colormag_page_container_layout":"default_layout","colormag_page_sidebar_layout":"default_layout","footnotes":""},"class_list":["post-108","page","type-page","status-publish","hentry"],"_links":{"self":[{"href":"https:\/\/ff-sghoya.de\/index.php?rest_route=\/wp\/v2\/pages\/108","targetHints":{"allow":["GET"]}}],"collection":[{"href":"https:\/\/ff-sghoya.de\/index.php?rest_route=\/wp\/v2\/pages"}],"about":[{"href":"https:\/\/ff-sghoya.de\/index.php?rest_route=\/wp\/v2\/types\/page"}],"author":[{"embeddable":true,"href":"https:\/\/ff-sghoya.de\/index.php?rest_route=\/wp\/v2\/users\/1"}],"replies":[{"embeddable":true,"href":"https:\/\/ff-sghoya.de\/index.php?rest_route=%2Fwp%2Fv2%2Fcomments&post=108"}],"version-history":[{"count":0,"href":"https:\/\/ff-sghoya.de\/index.php?rest_route=\/wp\/v2\/pages\/108\/revisions"}],"wp:attachment":[{"href":"https:\/\/ff-sghoya.de\/index.php?rest_route=%2Fwp%2Fv2%2Fmedia&parent=108"}],"curies":[{"name":"wp","href":"https:\/\/api.w.org\/{rel}","templated":true}]}}